{"id":3,"date":"2023-10-31T09:02:46","date_gmt":"2023-10-31T09:02:46","guid":{"rendered":"https:\/\/stage.shop-it.at\/?page_id=3"},"modified":"2025-10-23T16:29:26","modified_gmt":"2025-10-23T14:29:26","slug":"datenschutzerklarung","status":"publish","type":"page","link":"https:\/\/www.regionalis.shop\/stoffwild-handgemachte-mode\/datenschutzerklarung\/","title":{"rendered":"Datenschutzerkl\u00e4rung"},"content":{"rendered":"<section>\n            <h1 class=\"western\"><strong>Winterzauber zum Anfassen \u2013 handgemacht f\u00fcr kleine und gro\u00dfe Sch\u00e4tze<\/strong><\/h1>\n<p>Bei <strong>Stoffwild<\/strong> wird der Winter zur kuscheligen Jahreszeit: Meine <strong>handgefertigten Babyhosen, Wendehauben, Beanies und Musselinschals<\/strong> sind nicht nur warm, sondern auch voller Liebe zum Detail. Jedes St\u00fcck entsteht in <strong>sorgf\u00e4ltiger Handarbeit<\/strong> aus hochwertigen, nat\u00fcrlichen Materialien, f\u00fcr <strong>nachhaltigen Komfort<\/strong>, der Babys und Kinder durch kalte Tage tr\u00e4gt.<\/p>\n<h2>\u2744\ufe0f <strong>Warum <\/strong><strong>meine<\/strong><strong> St\u00fccke besonders sind:<\/strong><\/h2>\n<ul>\n<li><strong>Weich &amp; hautfreundlich<\/strong>: Sanfte Bio-Stoffe wie z.B. Tencel und Musselin f\u00fcr sensible Haut.<\/li>\n<li><strong>Praktisch &amp; vielseitig<\/strong>: Wendehauben mit zwei Looks, elastische Babyhosen f\u00fcr maximale Bewegungsfreiheit.<\/li>\n<li><strong>Zeitlos designed<\/strong>: Schlicht, modern und perfekt f\u00fcr jeden Wintertag: ob beim Spaziergang oder zum Tr\u00e4umen daheim.<\/li>\n<li><strong>Mit Bedacht gemacht<\/strong>: Regional, fair und langlebig, damit sie von Kind zu Kind weitergegeben werden k\u00f6nnen.<\/li>\n<\/ul>\n<p>Entdecke <strong>Wintermagie zum Anziehen<\/strong> f\u00fcr kleine Abenteurer, die die Welt erkunden und f\u00fcr Eltern, die Wert auf <strong>Nat\u00fcrlichkeit und Qualit\u00e4t<\/strong> legen.<\/p>\n<h3><em>\u201eWeil die sch\u00f6nsten Erinnerungen <\/em><em>mit<\/em><em> kuscheligen Momenten beginnen.\u201c<\/em> \u2728<\/h3>\n<hr \/>\n<p><strong>PS:<\/strong> Alle St\u00fccke sind in <strong>kleinen Serien<\/strong> gefertigt.<\/p>\n\n    <\/section>","protected":false},"excerpt":{"rendered":"","protected":false},"author":1,"featured_media":0,"parent":0,"menu_order":0,"comment_status":"closed","ping_status":"closed","template":"","meta":{"_acf_changed":false,"footnotes":""},"class_list":["post-3","page","type-page","status-publish","hentry"],"acf":[],"_links":{"self":[{"href":"https:\/\/www.regionalis.shop\/stoffwild-handgemachte-mode\/wp-json\/wp\/v2\/pages\/3","targetHints":{"allow":["GET"]}}],"collection":[{"href":"https:\/\/www.regionalis.shop\/stoffwild-handgemachte-mode\/wp-json\/wp\/v2\/pages"}],"about":[{"href":"https:\/\/www.regionalis.shop\/stoffwild-handgemachte-mode\/wp-json\/wp\/v2\/types\/page"}],"author":[{"embeddable":true,"href":"https:\/\/www.regionalis.shop\/stoffwild-handgemachte-mode\/wp-json\/wp\/v2\/users\/1"}],"replies":[{"embeddable":true,"href":"https:\/\/www.regionalis.shop\/stoffwild-handgemachte-mode\/wp-json\/wp\/v2\/comments?post=3"}],"version-history":[{"count":4,"href":"https:\/\/www.regionalis.shop\/stoffwild-handgemachte-mode\/wp-json\/wp\/v2\/pages\/3\/revisions"}],"predecessor-version":[{"id":1047,"href":"https:\/\/www.regionalis.shop\/stoffwild-handgemachte-mode\/wp-json\/wp\/v2\/pages\/3\/revisions\/1047"}],"wp:attachment":[{"href":"https:\/\/www.regionalis.shop\/stoffwild-handgemachte-mode\/wp-json\/wp\/v2\/media?parent=3"}],"curies":[{"name":"wp","href":"https:\/\/api.w.org\/{rel}","templated":true}]}}