{"id":862,"date":"2025-05-24T13:44:06","date_gmt":"2025-05-24T11:44:06","guid":{"rendered":"https:\/\/starter.stage.shop-it.at\/?page_id=862"},"modified":"2025-12-09T18:58:43","modified_gmt":"2025-12-09T17:58:43","slug":"startseite","status":"publish","type":"page","link":"https:\/\/www.regionalis.shop\/stoffwild-handgemachte-mode\/","title":{"rendered":"Startseite"},"content":{"rendered":"\n<figure class=\"wp-block-image aligncenter size-full\"><img loading=\"lazy\" decoding=\"async\" width=\"2560\" height=\"490\" src=\"https:\/\/www.regionalis.shop\/app\/uploads\/sites\/575\/Regionalis-Cover-956-x-183-px-scaled.webp\" alt=\"header-banner f\u00fcr StoffWild-Shop. Hintergrund mit Schneider-Accessoires, Schere, Nadeln und Co.\" class=\"wp-image-1092\" srcset=\"https:\/\/www.regionalis.shop\/app\/uploads\/sites\/575\/Regionalis-Cover-956-x-183-px-scaled.webp 2560w, https:\/\/www.regionalis.shop\/app\/uploads\/sites\/575\/Regionalis-Cover-956-x-183-px-300x57.webp 300w, https:\/\/www.regionalis.shop\/app\/uploads\/sites\/575\/Regionalis-Cover-956-x-183-px-1024x196.webp 1024w, https:\/\/www.regionalis.shop\/app\/uploads\/sites\/575\/Regionalis-Cover-956-x-183-px-768x147.webp 768w, https:\/\/www.regionalis.shop\/app\/uploads\/sites\/575\/Regionalis-Cover-956-x-183-px-1536x294.webp 1536w, https:\/\/www.regionalis.shop\/app\/uploads\/sites\/575\/Regionalis-Cover-956-x-183-px-2048x392.webp 2048w, https:\/\/www.regionalis.shop\/app\/uploads\/sites\/575\/Regionalis-Cover-956-x-183-px-600x115.webp 600w\" sizes=\"auto, (max-width: 2560px) 100vw, 2560px\" \/><\/figure>\n\n\n<div data-block-name=\"woocommerce\/store-notices\" class=\"wc-block-store-notices woocommerce alignwide alignwide wp-block-woocommerce-store-notices\"><div class=\"woocommerce-notices-wrapper\"><\/div><\/div>\n\n\n<div class=\"wp-block-columns is-layout-flex wp-container-core-columns-is-layout-9d6595d7 wp-block-columns-is-layout-flex\">\n<div class=\"wp-block-column is-vertically-aligned-top is-layout-flow wp-block-column-is-layout-flow\" style=\"flex-basis:20%\"><div data-block-name=\"woocommerce\/product-categories\" data-font-size=\"small\" class=\"wp-block-woocommerce-product-categories wc-block-product-categories is-list has-font-size has-small-font-size\" style=\"\"><ul class=\"wc-block-product-categories-list wc-block-product-categories-list--depth-0\">\t\t\t\t<li class=\"wc-block-product-categories-list-item\">\t\t\t\t\t<a style=\"\" href=\"https:\/\/www.regionalis.shop\/stoffwild-handgemachte-mode\/product-category\/uncategorised\/\"><span class=\"wc-block-product-categories-list-item__name\">Uncategorised<\/span><\/a><span class=\"wc-block-product-categories-list-item-count\"><span aria-hidden=\"true\">195<\/span><span class=\"screen-reader-text\">195 Produkte<\/span><\/span>\t\t\t\t<\/li>\t\t\t\t\t\t\t<li class=\"wc-block-product-categories-list-item\">\t\t\t\t\t<a style=\"\" href=\"https:\/\/www.regionalis.shop\/stoffwild-handgemachte-mode\/product-category\/accessoires\/\"><span class=\"wc-block-product-categories-list-item__name\">Accessoires<\/span><\/a><span class=\"wc-block-product-categories-list-item-count\"><span aria-hidden=\"true\">1<\/span><span class=\"screen-reader-text\">1 Produkt<\/span><\/span><ul class=\"wc-block-product-categories-list wc-block-product-categories-list--depth-1\">\t\t\t\t<li class=\"wc-block-product-categories-list-item\">\t\t\t\t\t<a style=\"\" href=\"https:\/\/www.regionalis.shop\/stoffwild-handgemachte-mode\/product-category\/accessoires\/stirnbaender\/\"><span class=\"wc-block-product-categories-list-item__name\">Stirnb\u00e4nder<\/span><\/a><span class=\"wc-block-product-categories-list-item-count\"><span aria-hidden=\"true\">1<\/span><span class=\"screen-reader-text\">1 Produkt<\/span><\/span>\t\t\t\t<\/li>\t\t\t<\/ul>\t\t\t\t<\/li>\t\t\t\t\t\t\t<li class=\"wc-block-product-categories-list-item\">\t\t\t\t\t<a style=\"\" href=\"https:\/\/www.regionalis.shop\/stoffwild-handgemachte-mode\/product-category\/baby-kinder\/\"><span class=\"wc-block-product-categories-list-item__name\">Baby &amp; Kinder<\/span><\/a><span class=\"wc-block-product-categories-list-item-count\"><span aria-hidden=\"true\">67<\/span><span class=\"screen-reader-text\">67 Produkte<\/span><\/span><ul class=\"wc-block-product-categories-list wc-block-product-categories-list--depth-1\">\t\t\t\t<li class=\"wc-block-product-categories-list-item\">\t\t\t\t\t<a style=\"\" href=\"https:\/\/www.regionalis.shop\/stoffwild-handgemachte-mode\/product-category\/baby-kinder\/accessoires-baby-kinder\/\"><span class=\"wc-block-product-categories-list-item__name\">Accessoires<\/span><\/a><span class=\"wc-block-product-categories-list-item-count\"><span aria-hidden=\"true\">12<\/span><span class=\"screen-reader-text\">12 Produkte<\/span><\/span>\t\t\t\t<\/li>\t\t\t\t\t\t\t<li class=\"wc-block-product-categories-list-item\">\t\t\t\t\t<a style=\"\" href=\"https:\/\/www.regionalis.shop\/stoffwild-handgemachte-mode\/product-category\/baby-kinder\/hauben-muetzen\/\"><span class=\"wc-block-product-categories-list-item__name\">Hauben &amp; M\u00fctzen<\/span><\/a><span class=\"wc-block-product-categories-list-item-count\"><span aria-hidden=\"true\">11<\/span><span class=\"screen-reader-text\">11 Produkte<\/span><\/span>\t\t\t\t<\/li>\t\t\t\t\t\t\t<li class=\"wc-block-product-categories-list-item\">\t\t\t\t\t<a style=\"\" href=\"https:\/\/www.regionalis.shop\/stoffwild-handgemachte-mode\/product-category\/baby-kinder\/kinderkleidung\/\"><span class=\"wc-block-product-categories-list-item__name\">Kinderkleidung<\/span><\/a><span class=\"wc-block-product-categories-list-item-count\"><span aria-hidden=\"true\">40<\/span><span class=\"screen-reader-text\">40 Produkte<\/span><\/span>\t\t\t\t<\/li>\t\t\t\t\t\t\t<li class=\"wc-block-product-categories-list-item\">\t\t\t\t\t<a style=\"\" href=\"https:\/\/www.regionalis.shop\/stoffwild-handgemachte-mode\/product-category\/baby-kinder\/taschen-baby-kinder\/\"><span class=\"wc-block-product-categories-list-item__name\">Taschen<\/span><\/a><span class=\"wc-block-product-categories-list-item-count\"><span aria-hidden=\"true\">5<\/span><span class=\"screen-reader-text\">5 Produkte<\/span><\/span>\t\t\t\t<\/li>\t\t\t<\/ul>\t\t\t\t<\/li>\t\t\t\t\t\t\t<li class=\"wc-block-product-categories-list-item\">\t\t\t\t\t<a style=\"\" href=\"https:\/\/www.regionalis.shop\/stoffwild-handgemachte-mode\/product-category\/taschen\/\"><span class=\"wc-block-product-categories-list-item__name\">Taschen<\/span><\/a><span class=\"wc-block-product-categories-list-item-count\"><span aria-hidden=\"true\">5<\/span><span class=\"screen-reader-text\">5 Produkte<\/span><\/span><ul class=\"wc-block-product-categories-list wc-block-product-categories-list--depth-1\">\t\t\t\t<li class=\"wc-block-product-categories-list-item\">\t\t\t\t\t<a style=\"\" href=\"https:\/\/www.regionalis.shop\/stoffwild-handgemachte-mode\/product-category\/taschen\/reisepasshuellen-taschen\/\"><span class=\"wc-block-product-categories-list-item__name\">Reisepassh\u00fcllen<\/span><\/a><span class=\"wc-block-product-categories-list-item-count\"><span aria-hidden=\"true\">5<\/span><span class=\"screen-reader-text\">5 Produkte<\/span><\/span>\t\t\t\t<\/li>\t\t\t\t\t\t\t<li class=\"wc-block-product-categories-list-item\">\t\t\t\t\t<a style=\"\" href=\"https:\/\/www.regionalis.shop\/stoffwild-handgemachte-mode\/product-category\/taschen\/sonstiges-taschen\/\"><span class=\"wc-block-product-categories-list-item__name\">Sonstiges<\/span><\/a><span class=\"wc-block-product-categories-list-item-count\"><span aria-hidden=\"true\">5<\/span><span class=\"screen-reader-text\">5 Produkte<\/span><\/span>\t\t\t\t<\/li>\t\t\t<\/ul>\t\t\t\t<\/li>\t\t\t<\/ul><\/div><\/div>\n\n\n\n<div class=\"wp-block-column is-layout-flow wp-block-column-is-layout-flow\" style=\"flex-basis:66.66%\">\n<h1 class=\"wp-block-heading has-text-align-center\"><strong>\u2744\ufe0f<\/strong> <strong>Schneegest\u00f6ber drau\u00dfen? <\/strong><br><strong>\u2728<\/strong> <strong>Winterzauber drinnen! <\/strong><br><strong>Kuschelweiche Hosen, Hauben &amp; mehr f\u00fcr gem\u00fctliche Tage \ud83c\udfe0<\/strong><\/h1>\n\n\n\n<p>Bei <strong>Stoffwild<\/strong> wird der Winter zur kuscheligen Jahreszeit: Meine <strong>handgefertigten Babyhosen, Wendehauben, Beanies und Musselinschals<\/strong> sind nicht nur warm, sondern auch voller Liebe zum Detail. Jedes St\u00fcck entsteht in <strong>sorgf\u00e4ltiger Handarbeit<\/strong> aus hochwertigen, nat\u00fcrlichen Materialien, f\u00fcr <strong>nachhaltigen Komfort<\/strong>, der Babys und Kinder durch kalte Tage tr\u00e4gt.<\/p>\n\n\n\n<p>\u2744\ufe0f <strong>Warum <\/strong><strong>meine<\/strong><strong> St\u00fccke besonders sind:<\/strong><\/p>\n\n\n\n<ul class=\"wp-block-list\">\n<li><strong>Weich &amp; hautfreundlich<\/strong>: Sanfte Bio-Stoffe wie z.B. Tencel und Musselin f\u00fcr sensible Haut.<\/li>\n\n\n\n<li><strong>Praktisch &amp; vielseitig<\/strong>: Wendehauben mit zwei Looks, elastische Babyhosen f\u00fcr maximale Bewegungsfreiheit.<\/li>\n\n\n\n<li><strong>Zeitlos designed<\/strong>: Schlicht, modern und perfekt f\u00fcr jeden Wintertag: ob beim Spaziergang oder zum Tr\u00e4umen daheim.<\/li>\n\n\n\n<li><strong>Mit Bedacht gemacht<\/strong>: Regional, fair und langlebig, damit sie von Kind zu Kind weitergegeben werden k\u00f6nnen.<\/li>\n<\/ul>\n\n\n\n<p>Entdecke <strong>Wintermagie zum Anziehen<\/strong> f\u00fcr kleine Abenteurer, die die Welt erkunden und f\u00fcr Eltern, die Wert auf <strong>Nat\u00fcrlichkeit und Qualit\u00e4t<\/strong> legen.<\/p>\n\n\n\n<p><em>\u201eWeil die sch\u00f6nsten Erinnerungen <\/em><em>mit<\/em><em> kuscheligen Momenten beginnen.\u201c<\/em> \u2728<\/p>\n\n\n\n<hr class=\"wp-block-separator has-alpha-channel-opacity\" \/>\n\n\n\n<p><strong>PS:<\/strong> Alle St\u00fccke sind in <strong>kleinen Serien<\/strong> gefertigt. Jedes ein Unikat mit Charakter.<\/p>\n<\/div>\n<\/div>\n\n\n\n<p class=\"has-text-align-center has-large-font-size\"><a href=\"https:\/\/www.regionalis.shop\/stoffwild-handgemachte-mode\/shop\/\" data-type=\"page\" data-id=\"45\"><strong><mark style=\"background-color:#7bdcb5\" class=\"has-inline-color\">-&gt; Alle Produkte shoppen<\/mark><\/strong><\/a> <\/p>\n\n\n<div class=\"wp-block-carousel-products is-style-light\" style=\"\">\n    \n        <div class=\"container related products related-products\">\n\n            <h2>Neu im Shop!<\/h2>\n\n\n            <ul class=\"products columns-4\">\n\n                                    <li class=\"product\">\n\n                        \n\n                        <a href=\"https:\/\/www.regionalis.shop\/stoffwild-handgemachte-mode\/shop\/winterzug-set-gr-80\/\" class=\"woocommerce-LoopProduct-link woocommerce-loop-product__link\">\n\n                            \n                            \n                            \n                            <img loading=\"lazy\" decoding=\"async\" width=\"600\" height=\"600\" src=\"https:\/\/www.regionalis.shop\/app\/uploads\/sites\/575\/baby-set-gr-80-winterzug-weihnachtsmann-pinguine-10-600x600.webp\" class=\"attachment-woocommerce_thumbnail size-woocommerce_thumbnail\" alt=\"Winterzug-Set, Gr. 80\" srcset=\"https:\/\/www.regionalis.shop\/app\/uploads\/sites\/575\/baby-set-gr-80-winterzug-weihnachtsmann-pinguine-10-600x600.webp 600w, https:\/\/www.regionalis.shop\/app\/uploads\/sites\/575\/baby-set-gr-80-winterzug-weihnachtsmann-pinguine-10-300x300.webp 300w, https:\/\/www.regionalis.shop\/app\/uploads\/sites\/575\/baby-set-gr-80-winterzug-weihnachtsmann-pinguine-10-150x150.webp 150w, https:\/\/www.regionalis.shop\/app\/uploads\/sites\/575\/baby-set-gr-80-winterzug-weihnachtsmann-pinguine-10-768x768.webp 768w, https:\/\/www.regionalis.shop\/app\/uploads\/sites\/575\/baby-set-gr-80-winterzug-weihnachtsmann-pinguine-10-100x100.webp 100w, https:\/\/www.regionalis.shop\/app\/uploads\/sites\/575\/baby-set-gr-80-winterzug-weihnachtsmann-pinguine-10.webp 800w\" sizes=\"auto, (max-width: 600px) 100vw, 600px\" \/>\n\n                            \n                            <h2 class=\"woocommerce-loop-product__title\">Winterzug-Set, Gr. 80<\/h2>\n\n                            \n                            <span class=\"price\">\n\n\n                                \n                                    \n                                    <ins aria-hidden=\"true\">\n                                        <span class=\"woocommerce-Price-amount amount\">\n                                            <bdi>\n                                                38,90 <span class=\"woocommerce-Price-currencySymbol\">\u20ac<\/span>\n                                            <\/bdi>\n                                        <\/span>\n                                    <\/ins>\n                                    <span class=\"screen-reader-text\">Original price was: 38,90 \u20ac.<\/span>\n\n                                \n\n                            <\/span>\n                        <\/a>\n                        \n                    <\/li>\n                                    <li class=\"product\">\n\n                        \n\n                        <a href=\"https:\/\/www.regionalis.shop\/stoffwild-handgemachte-mode\/shop\/winterzauber-set-gr-m\/\" class=\"woocommerce-LoopProduct-link woocommerce-loop-product__link\">\n\n                            \n                            \n                            \n                            <img loading=\"lazy\" decoding=\"async\" width=\"600\" height=\"600\" src=\"https:\/\/www.regionalis.shop\/app\/uploads\/sites\/575\/winterzauber-beanie-loop-set-schneeflocken-bio-sweat-rauchblau-1-600x600.webp\" class=\"attachment-woocommerce_thumbnail size-woocommerce_thumbnail\" alt=\"WinterZauber - Set Gr. M\" srcset=\"https:\/\/www.regionalis.shop\/app\/uploads\/sites\/575\/winterzauber-beanie-loop-set-schneeflocken-bio-sweat-rauchblau-1-600x600.webp 600w, https:\/\/www.regionalis.shop\/app\/uploads\/sites\/575\/winterzauber-beanie-loop-set-schneeflocken-bio-sweat-rauchblau-1-300x300.webp 300w, https:\/\/www.regionalis.shop\/app\/uploads\/sites\/575\/winterzauber-beanie-loop-set-schneeflocken-bio-sweat-rauchblau-1-150x150.webp 150w, https:\/\/www.regionalis.shop\/app\/uploads\/sites\/575\/winterzauber-beanie-loop-set-schneeflocken-bio-sweat-rauchblau-1-768x768.webp 768w, https:\/\/www.regionalis.shop\/app\/uploads\/sites\/575\/winterzauber-beanie-loop-set-schneeflocken-bio-sweat-rauchblau-1-100x100.webp 100w, https:\/\/www.regionalis.shop\/app\/uploads\/sites\/575\/winterzauber-beanie-loop-set-schneeflocken-bio-sweat-rauchblau-1.webp 800w\" sizes=\"auto, (max-width: 600px) 100vw, 600px\" \/>\n\n                            \n                            <h2 class=\"woocommerce-loop-product__title\">WinterZauber &#8211; Set Gr. M<\/h2>\n\n                            \n                            <span class=\"price\">\n\n\n                                \n                                    \n                                    <ins aria-hidden=\"true\">\n                                        <span class=\"woocommerce-Price-amount amount\">\n                                            <bdi>\n                                                19,90 <span class=\"woocommerce-Price-currencySymbol\">\u20ac<\/span>\n                                            <\/bdi>\n                                        <\/span>\n                                    <\/ins>\n                                    <span class=\"screen-reader-text\">Original price was: 19,90 \u20ac.<\/span>\n\n                                \n\n                            <\/span>\n                        <\/a>\n                        \n                    <\/li>\n                                    <li class=\"product\">\n\n                        \n\n                        <a href=\"https:\/\/www.regionalis.shop\/stoffwild-handgemachte-mode\/shop\/babyset-grosse-kreise-gr-68\/\" class=\"woocommerce-LoopProduct-link woocommerce-loop-product__link\">\n\n                            \n                            \n                            \n                            <img loading=\"lazy\" decoding=\"async\" width=\"600\" height=\"600\" src=\"https:\/\/www.regionalis.shop\/app\/uploads\/sites\/575\/baby-set-gr-68-kreise-regenbogen-stoffwild-9-600x600.webp\" class=\"attachment-woocommerce_thumbnail size-woocommerce_thumbnail\" alt=\"BabySet gro\u00dfe Kreise, Gr. 68\" srcset=\"https:\/\/www.regionalis.shop\/app\/uploads\/sites\/575\/baby-set-gr-68-kreise-regenbogen-stoffwild-9-600x600.webp 600w, https:\/\/www.regionalis.shop\/app\/uploads\/sites\/575\/baby-set-gr-68-kreise-regenbogen-stoffwild-9-300x300.webp 300w, https:\/\/www.regionalis.shop\/app\/uploads\/sites\/575\/baby-set-gr-68-kreise-regenbogen-stoffwild-9-150x150.webp 150w, https:\/\/www.regionalis.shop\/app\/uploads\/sites\/575\/baby-set-gr-68-kreise-regenbogen-stoffwild-9-768x768.webp 768w, https:\/\/www.regionalis.shop\/app\/uploads\/sites\/575\/baby-set-gr-68-kreise-regenbogen-stoffwild-9-100x100.webp 100w, https:\/\/www.regionalis.shop\/app\/uploads\/sites\/575\/baby-set-gr-68-kreise-regenbogen-stoffwild-9.webp 800w\" sizes=\"auto, (max-width: 600px) 100vw, 600px\" \/>\n\n                            \n                            <h2 class=\"woocommerce-loop-product__title\">BabySet gro\u00dfe Kreise, Gr. 68<\/h2>\n\n                            \n                            <span class=\"price\">\n\n\n                                \n                                    \n                                    <ins aria-hidden=\"true\">\n                                        <span class=\"woocommerce-Price-amount amount\">\n                                            <bdi>\n                                                25,90 <span class=\"woocommerce-Price-currencySymbol\">\u20ac<\/span>\n                                            <\/bdi>\n                                        <\/span>\n                                    <\/ins>\n                                    <span class=\"screen-reader-text\">Original price was: 25,90 \u20ac.<\/span>\n\n                                \n\n                            <\/span>\n                        <\/a>\n                        \n                    <\/li>\n                                    <li class=\"product\">\n\n                        \n\n                        <a href=\"https:\/\/www.regionalis.shop\/stoffwild-handgemachte-mode\/shop\/weihnachtswichtel-shirt-gr-86\/\" class=\"woocommerce-LoopProduct-link woocommerce-loop-product__link\">\n\n                            \n                            \n                            \n                            <img loading=\"lazy\" decoding=\"async\" width=\"600\" height=\"600\" src=\"https:\/\/www.regionalis.shop\/app\/uploads\/sites\/575\/wichtel-shirt-gr-86-weihnachtsmotiv-tuerkis-1-600x600.webp\" class=\"attachment-woocommerce_thumbnail size-woocommerce_thumbnail\" alt=\"WeihnachtsWichtel-Shirt, Gr. 86\" srcset=\"https:\/\/www.regionalis.shop\/app\/uploads\/sites\/575\/wichtel-shirt-gr-86-weihnachtsmotiv-tuerkis-1-600x600.webp 600w, https:\/\/www.regionalis.shop\/app\/uploads\/sites\/575\/wichtel-shirt-gr-86-weihnachtsmotiv-tuerkis-1-300x300.webp 300w, https:\/\/www.regionalis.shop\/app\/uploads\/sites\/575\/wichtel-shirt-gr-86-weihnachtsmotiv-tuerkis-1-150x150.webp 150w, https:\/\/www.regionalis.shop\/app\/uploads\/sites\/575\/wichtel-shirt-gr-86-weihnachtsmotiv-tuerkis-1-768x768.webp 768w, https:\/\/www.regionalis.shop\/app\/uploads\/sites\/575\/wichtel-shirt-gr-86-weihnachtsmotiv-tuerkis-1-100x100.webp 100w, https:\/\/www.regionalis.shop\/app\/uploads\/sites\/575\/wichtel-shirt-gr-86-weihnachtsmotiv-tuerkis-1.webp 800w\" sizes=\"auto, (max-width: 600px) 100vw, 600px\" \/>\n\n                            \n                            <h2 class=\"woocommerce-loop-product__title\">WeihnachtsWichtel-Shirt, Gr. 86<\/h2>\n\n                            \n                            <span class=\"price\">\n\n\n                                \n                                    \n                                    <ins aria-hidden=\"true\">\n                                        <span class=\"woocommerce-Price-amount amount\">\n                                            <bdi>\n                                                18,90 <span class=\"woocommerce-Price-currencySymbol\">\u20ac<\/span>\n                                            <\/bdi>\n                                        <\/span>\n                                    <\/ins>\n                                    <span class=\"screen-reader-text\">Original price was: 18,90 \u20ac.<\/span>\n\n                                \n\n                            <\/span>\n                        <\/a>\n                        \n                    <\/li>\n                \n\n            <\/ul>\n\n\n\n\n\n        <\/div>\n\n\n\n\n    <\/div>\n","protected":false},"excerpt":{"rendered":"<p>\u2744\ufe0f Schneegest\u00f6ber drau\u00dfen? \u2728 Winterzauber drinnen! Kuschelweiche Hosen, Hauben &amp; mehr f\u00fcr gem\u00fctliche Tage \ud83c\udfe0 Bei Stoffwild wird der Winter zur kuscheligen Jahreszeit: Meine handgefertigten Babyhosen, Wendehauben, Beanies und Musselinschals sind nicht nur warm, sondern auch voller Liebe zum Detail. Jedes St\u00fcck entsteht in sorgf\u00e4ltiger Handarbeit aus hochwertigen, nat\u00fcrlichen Materialien, f\u00fcr nachhaltigen Komfort, der Babys &hellip; <a href=\"https:\/\/www.regionalis.shop\/stoffwild-handgemachte-mode\/\">Continued<\/a><\/p>\n","protected":false},"author":582,"featured_media":0,"parent":0,"menu_order":0,"comment_status":"closed","ping_status":"closed","template":"template-home.blade.php","meta":{"_acf_changed":false,"footnotes":""},"class_list":["post-862","page","type-page","status-publish","hentry"],"acf":[],"_links":{"self":[{"href":"https:\/\/www.regionalis.shop\/stoffwild-handgemachte-mode\/wp-json\/wp\/v2\/pages\/862","targetHints":{"allow":["GET"]}}],"collection":[{"href":"https:\/\/www.regionalis.shop\/stoffwild-handgemachte-mode\/wp-json\/wp\/v2\/pages"}],"about":[{"href":"https:\/\/www.regionalis.shop\/stoffwild-handgemachte-mode\/wp-json\/wp\/v2\/types\/page"}],"author":[{"embeddable":true,"href":"https:\/\/www.regionalis.shop\/stoffwild-handgemachte-mode\/wp-json\/wp\/v2\/users\/582"}],"replies":[{"embeddable":true,"href":"https:\/\/www.regionalis.shop\/stoffwild-handgemachte-mode\/wp-json\/wp\/v2\/comments?post=862"}],"version-history":[{"count":46,"href":"https:\/\/www.regionalis.shop\/stoffwild-handgemachte-mode\/wp-json\/wp\/v2\/pages\/862\/revisions"}],"predecessor-version":[{"id":3032,"href":"https:\/\/www.regionalis.shop\/stoffwild-handgemachte-mode\/wp-json\/wp\/v2\/pages\/862\/revisions\/3032"}],"wp:attachment":[{"href":"https:\/\/www.regionalis.shop\/stoffwild-handgemachte-mode\/wp-json\/wp\/v2\/media?parent=862"}],"curies":[{"name":"wp","href":"https:\/\/api.w.org\/{rel}","templated":true}]}}