{"id":2557,"date":"2025-12-02T18:23:02","date_gmt":"2025-12-02T17:23:02","guid":{"rendered":"https:\/\/www.regionalis.shop\/stoffwild-handgemachte-mode\/?post_type=product&#038;p=2557"},"modified":"2025-12-02T18:23:09","modified_gmt":"2025-12-02T17:23:09","slug":"baby-beanie-hase-rosa-xs","status":"publish","type":"product","link":"https:\/\/www.regionalis.shop\/stoffwild-handgemachte-mode\/shop\/baby-beanie-hase-rosa-xs\/","title":{"rendered":"Baby-Beanie Hase, rosa XS"},"content":{"rendered":"<h3>\ud83d\udc30 <strong>Baby-Beanie \u201eHase, rosa XS\u201c \u2013 S\u00fc\u00df und bequem f\u00fcr die Kleinsten<\/strong><\/h3>\n<p dir=\"auto\">Entdecke meine Beanie aus weichem, einlagigem Jersey-Stoff mit s\u00fc\u00dfen Hasen. Ein tolles und n\u00fctzliches Geschenk zur Geburt, zur Taufe, zum Geburtstag oder an Ostern und Weihnachten!<\/p>\n<p dir=\"auto\"><strong>Warum du diese Beanie lieben wirst:<\/strong><\/p>\n<ul>\n<li><strong>Material:<\/strong> Weicher Jersey (95% Baumwolle, 5% Elasthan) f\u00fcr ein angenehmes Tragegef\u00fchl<\/li>\n<li><strong>Gr\u00f6\u00dfen:<\/strong> XS (ca. 40-45 cm), ideal f\u00fcr die Kleinsten<\/li>\n<li><strong>Design:<\/strong> S\u00fc\u00dfe Hasen, die jeden Look aufwerten<\/li>\n<\/ul>\n<p dir=\"auto\"><strong>Produkteigenschaften und Vorteile:<\/strong><\/p>\n<ul>\n<li><strong>Leicht und atmungsaktiv:<\/strong> Ideal f\u00fcr jede Jahreszeit und jeden Anlass<\/li>\n<li><strong>Handgemachte Qualit\u00e4t:<\/strong> Jede Beanie wird von mir pers\u00f6nlich gefertigt, um dir ein einzigartiges St\u00fcck zu garantieren<\/li>\n<li><strong>Vielseitig tragbar:<\/strong> Perfekt als Sonnenschutz im Sommer oder als Schutz vor Wind im Fr\u00fchling und Herbst<\/li>\n<li><strong>Besonderes Geschenk:<\/strong> Ideal zur Geburt, zur Taufe, zum Geburtstag oder an Ostern und Weihnachten<\/li>\n<\/ul>\n<p dir=\"auto\">Stell dir vor\u2026<\/p>\n<p dir=\"auto\">Dein Baby liegt in deinen Armen, die Hase-Beanie sitzt perfekt auf seinem K\u00f6pfchen, und es f\u00fchlt sich geborgen und warm. Mit dieser Beanie wird jeder Tag zu einem neuen Abenteuer, voller Liebe und Geborgenheit.<\/p>\n<p dir=\"auto\"><strong>Das perfekte Geschenk f\u00fcr junge Eltern!<\/strong><\/p>\n<p dir=\"auto\">Ob zur Geburt, zur Taufe, zum Geburtstag oder an Ostern und Weihnachten \u2013 diese Hase-Beanie zaubert jedem Baby und jedem Elternteil ein L\u00e4cheln ins Gesicht.<\/p>\n<p dir=\"auto\">Gerne n\u00e4he ich euch auch Hauben-Sets f\u00fcr Geschwister, die ganze Familie oder f\u00fcr die besten Freunde!<\/p>\n<p dir=\"auto\"><strong>Jetzt bestellen und deinem kleinen Schatz eine Freude machen!<\/strong> \ud83d\udc95<\/p>\n","protected":false},"excerpt":{"rendered":"<p>Beanie aus weichem, einlagigem Jersey-Stoff mit s\u00fcssen Hasen.<\/p>\n","protected":false},"featured_media":1183,"template":"","meta":{"_acf_changed":false},"product_brand":[1053],"product_cat":[18],"product_tag":[191,192,193,194,195,196,197],"class_list":{"0":"post-2557","1":"product","2":"type-product","3":"status-publish","4":"has-post-thumbnail","6":"product_brand-stoffwild","7":"product_cat-uncategorised","8":"product_tag-baby-beanie","9":"product_tag-beanie","10":"product_tag-duenne-beanie","11":"product_tag-duenne-haube","12":"product_tag-haube","13":"product_tag-laessige-beanie","14":"product_tag-muetze","15":"product_shipping_class-standardversand","17":"first","18":"instock","19":"taxable","20":"shipping-taxable","21":"purchasable","22":"product-type-simple"},"acf":[],"_links":{"self":[{"href":"https:\/\/www.regionalis.shop\/stoffwild-handgemachte-mode\/wp-json\/wp\/v2\/product\/2557","targetHints":{"allow":["GET"]}}],"collection":[{"href":"https:\/\/www.regionalis.shop\/stoffwild-handgemachte-mode\/wp-json\/wp\/v2\/product"}],"about":[{"href":"https:\/\/www.regionalis.shop\/stoffwild-handgemachte-mode\/wp-json\/wp\/v2\/types\/product"}],"wp:featuredmedia":[{"embeddable":true,"href":"https:\/\/www.regionalis.shop\/stoffwild-handgemachte-mode\/wp-json\/wp\/v2\/media\/1183"}],"wp:attachment":[{"href":"https:\/\/www.regionalis.shop\/stoffwild-handgemachte-mode\/wp-json\/wp\/v2\/media?parent=2557"}],"wp:term":[{"taxonomy":"product_brand","embeddable":true,"href":"https:\/\/www.regionalis.shop\/stoffwild-handgemachte-mode\/wp-json\/wp\/v2\/product_brand?post=2557"},{"taxonomy":"product_cat","embeddable":true,"href":"https:\/\/www.regionalis.shop\/stoffwild-handgemachte-mode\/wp-json\/wp\/v2\/product_cat?post=2557"},{"taxonomy":"product_tag","embeddable":true,"href":"https:\/\/www.regionalis.shop\/stoffwild-handgemachte-mode\/wp-json\/wp\/v2\/product_tag?post=2557"}],"curies":[{"name":"wp","href":"https:\/\/api.w.org\/{rel}","templated":true}]}}