{"id":2559,"date":"2025-12-02T18:23:03","date_gmt":"2025-12-02T17:23:03","guid":{"rendered":"https:\/\/www.regionalis.shop\/stoffwild-handgemachte-mode\/?post_type=product&#038;p=2559"},"modified":"2025-12-02T18:23:11","modified_gmt":"2025-12-02T17:23:11","slug":"baby-kleid-gr-62-68-autumn-love-altrosa","status":"publish","type":"product","link":"https:\/\/www.regionalis.shop\/stoffwild-handgemachte-mode\/shop\/baby-kleid-gr-62-68-autumn-love-altrosa\/","title":{"rendered":"Baby-Kleid Gr. 62\/68 &#8222;Autumn love altrosa&#8220;"},"content":{"rendered":"<p>S\u00fc\u00dfe Tr\u00e4ume in Pastell \u2013 dieses zarte Kleid in Gr\u00f6\u00dfe 62\/68 umschmeichelt eure kleine Prinzessin mit sanften T\u00f6nen und bezauberndem Tiermotiv-Design.<\/p>\n<p>Die harmonische Kombination aus weichem Baumwolljersey und luftigem Musselin, getrennt durch feine Spitze, bietet Komfort und Stil f\u00fcr jeden Anlass. Von fr\u00f6hlichen Spielnachmittagen bis hin zu festlichen Feiern, in diesem Kleidchen ist eure Kleine stets bezaubernd gekleidet.<\/p>\n<p>Die sorgf\u00e4ltige Handarbeit garantiert nicht nur eine hohe Qualit\u00e4t, sondern macht jedes St\u00fcck zu einem Unikat. Langlebig und mitwachsend \u2013 dieses Kleid wird zu einem liebgewonnenen Erinnerungsst\u00fcck an die ersten Lebensjahre.<\/p>\n","protected":false},"excerpt":{"rendered":"<p>Entz\u00fcckendes Baby-Kleid aus weichem Jersey und zartem Musselin<\/p>\n","protected":false},"featured_media":1196,"template":"","meta":{"_acf_changed":false},"product_brand":[1053],"product_cat":[18],"product_tag":[206,207,208,209,210,211,212,213,214,215,216,217],"class_list":{"0":"post-2559","1":"product","2":"type-product","3":"status-publish","4":"has-post-thumbnail","6":"product_brand-stoffwild","7":"product_cat-uncategorised","8":"product_tag-a-linie","9":"product_tag-baby-kleid","10":"product_tag-eichkaetzchen","11":"product_tag-fuchs","12":"product_tag-geschenk-zur-geburt","13":"product_tag-hase","14":"product_tag-herbstmotiv","15":"product_tag-igel","16":"product_tag-kleider","17":"product_tag-maedchen-kleid","18":"product_tag-musselin","19":"product_tag-voegel","20":"product_shipping_class-standardversand","22":"first","23":"instock","24":"taxable","25":"shipping-taxable","26":"purchasable","27":"product-type-simple"},"acf":[],"_links":{"self":[{"href":"https:\/\/www.regionalis.shop\/stoffwild-handgemachte-mode\/wp-json\/wp\/v2\/product\/2559","targetHints":{"allow":["GET"]}}],"collection":[{"href":"https:\/\/www.regionalis.shop\/stoffwild-handgemachte-mode\/wp-json\/wp\/v2\/product"}],"about":[{"href":"https:\/\/www.regionalis.shop\/stoffwild-handgemachte-mode\/wp-json\/wp\/v2\/types\/product"}],"wp:featuredmedia":[{"embeddable":true,"href":"https:\/\/www.regionalis.shop\/stoffwild-handgemachte-mode\/wp-json\/wp\/v2\/media\/1196"}],"wp:attachment":[{"href":"https:\/\/www.regionalis.shop\/stoffwild-handgemachte-mode\/wp-json\/wp\/v2\/media?parent=2559"}],"wp:term":[{"taxonomy":"product_brand","embeddable":true,"href":"https:\/\/www.regionalis.shop\/stoffwild-handgemachte-mode\/wp-json\/wp\/v2\/product_brand?post=2559"},{"taxonomy":"product_cat","embeddable":true,"href":"https:\/\/www.regionalis.shop\/stoffwild-handgemachte-mode\/wp-json\/wp\/v2\/product_cat?post=2559"},{"taxonomy":"product_tag","embeddable":true,"href":"https:\/\/www.regionalis.shop\/stoffwild-handgemachte-mode\/wp-json\/wp\/v2\/product_tag?post=2559"}],"curies":[{"name":"wp","href":"https:\/\/api.w.org\/{rel}","templated":true}]}}