{"id":2560,"date":"2025-12-02T18:23:03","date_gmt":"2025-12-02T17:23:03","guid":{"rendered":"https:\/\/www.regionalis.shop\/stoffwild-handgemachte-mode\/?post_type=product&#038;p=2560"},"modified":"2025-12-02T18:23:11","modified_gmt":"2025-12-02T17:23:11","slug":"baby-kleid-karottenparty-gr-62-68","status":"publish","type":"product","link":"https:\/\/www.regionalis.shop\/stoffwild-handgemachte-mode\/shop\/baby-kleid-karottenparty-gr-62-68\/","title":{"rendered":"Baby-Kleid Karottenparty, Gr. 62\/68"},"content":{"rendered":"<p>S\u00fcsses Baby-Kleid aus tollem Jersey mit lustigem Karotten-Motiv.<\/p>\n<p>Die Karottenparty sorgt garantiert f\u00fcr gute Laune \ud83e\udd29<\/p>\n<p>Als Highlight hat das Kleid im B\u00fcndchen 2 Druckkn\u00f6pfe f\u00fcr leichtes An- und Ausziehen &#8211; gelingt garantiert ohne Tr\u00e4nen \u2600\ufe0f<\/p>\n<p>Gerne n\u00e4he ich auch eine andere Gr\u00f6\u00dfe &#8211; schreibt mir eure W\u00fcnsche \ud83d\udc9d<\/p>\n<p>Gen\u00e4ht nach dem Schnittmuster &#8222;Anni Kinderkleid&#8220; von firstloungeberlin<\/p>\n","protected":false},"excerpt":{"rendered":"<p>S\u00fcsses Baby-Kleid aus tollem Jersey mit lustigem Karotten-Motiv<\/p>\n","protected":false},"featured_media":1203,"template":"","meta":{"_acf_changed":false},"product_brand":[1053],"product_cat":[18],"product_tag":[207,214,215],"class_list":{"0":"post-2560","1":"product","2":"type-product","3":"status-publish","4":"has-post-thumbnail","6":"product_brand-stoffwild","7":"product_cat-uncategorised","8":"product_tag-baby-kleid","9":"product_tag-kleider","10":"product_tag-maedchen-kleid","11":"product_shipping_class-standardversand","13":"first","14":"instock","15":"sale","16":"taxable","17":"shipping-taxable","18":"purchasable","19":"product-type-simple"},"acf":[],"_links":{"self":[{"href":"https:\/\/www.regionalis.shop\/stoffwild-handgemachte-mode\/wp-json\/wp\/v2\/product\/2560","targetHints":{"allow":["GET"]}}],"collection":[{"href":"https:\/\/www.regionalis.shop\/stoffwild-handgemachte-mode\/wp-json\/wp\/v2\/product"}],"about":[{"href":"https:\/\/www.regionalis.shop\/stoffwild-handgemachte-mode\/wp-json\/wp\/v2\/types\/product"}],"wp:featuredmedia":[{"embeddable":true,"href":"https:\/\/www.regionalis.shop\/stoffwild-handgemachte-mode\/wp-json\/wp\/v2\/media\/1203"}],"wp:attachment":[{"href":"https:\/\/www.regionalis.shop\/stoffwild-handgemachte-mode\/wp-json\/wp\/v2\/media?parent=2560"}],"wp:term":[{"taxonomy":"product_brand","embeddable":true,"href":"https:\/\/www.regionalis.shop\/stoffwild-handgemachte-mode\/wp-json\/wp\/v2\/product_brand?post=2560"},{"taxonomy":"product_cat","embeddable":true,"href":"https:\/\/www.regionalis.shop\/stoffwild-handgemachte-mode\/wp-json\/wp\/v2\/product_cat?post=2560"},{"taxonomy":"product_tag","embeddable":true,"href":"https:\/\/www.regionalis.shop\/stoffwild-handgemachte-mode\/wp-json\/wp\/v2\/product_tag?post=2560"}],"curies":[{"name":"wp","href":"https:\/\/api.w.org\/{rel}","templated":true}]}}