{"id":2562,"date":"2025-12-02T18:23:03","date_gmt":"2025-12-02T17:23:03","guid":{"rendered":"https:\/\/www.regionalis.shop\/stoffwild-handgemachte-mode\/?post_type=product&#038;p=2562"},"modified":"2025-12-02T18:50:34","modified_gmt":"2025-12-02T17:50:34","slug":"baby-musselin-halstuch-lochstickerei-rauchblau","status":"publish","type":"product","link":"https:\/\/www.regionalis.shop\/stoffwild-handgemachte-mode\/shop\/baby-musselin-halstuch-lochstickerei-rauchblau\/","title":{"rendered":"Baby-Musselin-Halstuch &#8222;Lochstickerei rauchblau&#8220;"},"content":{"rendered":"<div class=\"product-detail-description-text\">Baby-Halstuch aus weichem Musselin mit sch\u00f6ner Lochstickerei in rauchblau. Das Halstuch ist doppellagig gearbeitet und dadurch<\/p>\n<p>besonders kuschelig und warm. Nicht nur f\u00fcr zahnende Babys \ud83d\ude42<\/p><\/div>\n<div><\/div>\n<div class=\"product-detail-description-text\">Das Halstuch wird im Nacken mit einem Druckknopf geschlossen.<\/p>\n<p>Tipp: Tuch im Nacken knoten und mit dem Druckknopf verschlie\u00dfen &#8211; so bleibt es garantiert auch bei wilden Kids am Platz \ud83d\ude09<\/p><\/div>\n<div><\/div>\n<div class=\"product-detail-description-text\">Farbe: rauchblau mit Lochstickerei<\/div>\n<div>Es gibt 2 Ausf\u00fchrungen:<\/div>\n<div class=\"product-detail-description-text\">&#8211; Ziersaum &#8222;Bogen&#8220;<\/div>\n<div class=\"product-detail-description-text\">&#8211; Ziersaum &#8222;Sterne&#8220;<\/div>\n<div class=\"product-detail-description-text\">Bitte gew\u00fcnschte Ausf\u00fchrung in den Anmerkungen eintragen, sonst \u00fcberrasche ich euch \ud83d\ude09<\/div>\n<div class=\"product-detail-description-text\">Gr\u00f6\u00dfe: ca. 32x32cm<\/div>\n","protected":false},"excerpt":{"rendered":"<p>Baby-Halstuch aus weichem Musselin mit sch\u00f6ner Lochstickerei<\/p>\n","protected":false},"featured_media":1210,"template":"","meta":{"_acf_changed":false},"product_brand":[1053],"product_cat":[107,38,18],"product_tag":[218,200,201,216,219,202,203,204,205],"class_list":{"0":"post-2562","1":"product","2":"type-product","3":"status-publish","4":"has-post-thumbnail","6":"product_brand-stoffwild","7":"product_cat-accessoires-baby-kinder","8":"product_cat-baby-kinder","9":"product_cat-uncategorised","10":"product_tag-babyhalstuch","11":"product_tag-halstuch","12":"product_tag-laetzchen","13":"product_tag-musselin","14":"product_tag-musselintuch","15":"product_tag-sabberlatz","16":"product_tag-sabbertuch","17":"product_tag-spucktuch","18":"product_tag-zahnen","19":"product_shipping_class-standardversand","21":"first","22":"instock","23":"sale","24":"taxable","25":"shipping-taxable","26":"purchasable","27":"product-type-simple"},"acf":[],"_links":{"self":[{"href":"https:\/\/www.regionalis.shop\/stoffwild-handgemachte-mode\/wp-json\/wp\/v2\/product\/2562","targetHints":{"allow":["GET"]}}],"collection":[{"href":"https:\/\/www.regionalis.shop\/stoffwild-handgemachte-mode\/wp-json\/wp\/v2\/product"}],"about":[{"href":"https:\/\/www.regionalis.shop\/stoffwild-handgemachte-mode\/wp-json\/wp\/v2\/types\/product"}],"wp:featuredmedia":[{"embeddable":true,"href":"https:\/\/www.regionalis.shop\/stoffwild-handgemachte-mode\/wp-json\/wp\/v2\/media\/1210"}],"wp:attachment":[{"href":"https:\/\/www.regionalis.shop\/stoffwild-handgemachte-mode\/wp-json\/wp\/v2\/media?parent=2562"}],"wp:term":[{"taxonomy":"product_brand","embeddable":true,"href":"https:\/\/www.regionalis.shop\/stoffwild-handgemachte-mode\/wp-json\/wp\/v2\/product_brand?post=2562"},{"taxonomy":"product_cat","embeddable":true,"href":"https:\/\/www.regionalis.shop\/stoffwild-handgemachte-mode\/wp-json\/wp\/v2\/product_cat?post=2562"},{"taxonomy":"product_tag","embeddable":true,"href":"https:\/\/www.regionalis.shop\/stoffwild-handgemachte-mode\/wp-json\/wp\/v2\/product_tag?post=2562"}],"curies":[{"name":"wp","href":"https:\/\/api.w.org\/{rel}","templated":true}]}}