{"id":2571,"date":"2025-12-02T18:23:05","date_gmt":"2025-12-02T17:23:05","guid":{"rendered":"https:\/\/www.regionalis.shop\/stoffwild-handgemachte-mode\/?post_type=product&#038;p=2571"},"modified":"2025-12-02T18:50:06","modified_gmt":"2025-12-02T17:50:06","slug":"baby-wende-halstuch-happy-rainbow","status":"publish","type":"product","link":"https:\/\/www.regionalis.shop\/stoffwild-handgemachte-mode\/shop\/baby-wende-halstuch-happy-rainbow\/","title":{"rendered":"Baby-Wende-Halstuch \u201eHappy Rainbow\u201c"},"content":{"rendered":"<p>Wende-Dreieckstuch aus weichem Jersey-Stoff. Das Tuch ist doppellagig gearbeitet und wird im Nacken mit einem Druckknopf geschlossen &#8211; so kann das Tuch nicht verloren gehen. Durch 2 Druckkn\u00f6pfe l\u00e4sst sich das Tuch eng oder leger tragen und w\u00e4chst somit auch mit!<\/p>\n<p>Gr\u00f6\u00dfe: ca. 27x27cm<\/p>\n","protected":false},"excerpt":{"rendered":"<p>Wende-Dreieckstuch aus weichem Jersey-Stoff<\/p>\n","protected":false},"featured_media":1253,"template":"","meta":{"_acf_changed":false},"product_brand":[1053],"product_cat":[107,38,18],"product_tag":[218,200,201,202,203,204,251,205],"class_list":{"0":"post-2571","1":"product","2":"type-product","3":"status-publish","4":"has-post-thumbnail","6":"product_brand-stoffwild","7":"product_cat-accessoires-baby-kinder","8":"product_cat-baby-kinder","9":"product_cat-uncategorised","10":"product_tag-babyhalstuch","11":"product_tag-halstuch","12":"product_tag-laetzchen","13":"product_tag-sabberlatz","14":"product_tag-sabbertuch","15":"product_tag-spucktuch","16":"product_tag-wendehalstuch","17":"product_tag-zahnen","18":"product_shipping_class-standardversand","20":"first","21":"instock","22":"sale","23":"taxable","24":"shipping-taxable","25":"purchasable","26":"product-type-simple"},"acf":[],"_links":{"self":[{"href":"https:\/\/www.regionalis.shop\/stoffwild-handgemachte-mode\/wp-json\/wp\/v2\/product\/2571","targetHints":{"allow":["GET"]}}],"collection":[{"href":"https:\/\/www.regionalis.shop\/stoffwild-handgemachte-mode\/wp-json\/wp\/v2\/product"}],"about":[{"href":"https:\/\/www.regionalis.shop\/stoffwild-handgemachte-mode\/wp-json\/wp\/v2\/types\/product"}],"wp:featuredmedia":[{"embeddable":true,"href":"https:\/\/www.regionalis.shop\/stoffwild-handgemachte-mode\/wp-json\/wp\/v2\/media\/1253"}],"wp:attachment":[{"href":"https:\/\/www.regionalis.shop\/stoffwild-handgemachte-mode\/wp-json\/wp\/v2\/media?parent=2571"}],"wp:term":[{"taxonomy":"product_brand","embeddable":true,"href":"https:\/\/www.regionalis.shop\/stoffwild-handgemachte-mode\/wp-json\/wp\/v2\/product_brand?post=2571"},{"taxonomy":"product_cat","embeddable":true,"href":"https:\/\/www.regionalis.shop\/stoffwild-handgemachte-mode\/wp-json\/wp\/v2\/product_cat?post=2571"},{"taxonomy":"product_tag","embeddable":true,"href":"https:\/\/www.regionalis.shop\/stoffwild-handgemachte-mode\/wp-json\/wp\/v2\/product_tag?post=2571"}],"curies":[{"name":"wp","href":"https:\/\/api.w.org\/{rel}","templated":true}]}}