{"id":2575,"date":"2025-12-02T18:23:06","date_gmt":"2025-12-02T17:23:06","guid":{"rendered":"https:\/\/www.regionalis.shop\/stoffwild-handgemachte-mode\/?post_type=product&#038;p=2575"},"modified":"2025-12-02T18:23:21","modified_gmt":"2025-12-02T17:23:21","slug":"baby-wende-halstuch-safari","status":"publish","type":"product","link":"https:\/\/www.regionalis.shop\/stoffwild-handgemachte-mode\/shop\/baby-wende-halstuch-safari\/","title":{"rendered":"Baby-Wende-Halstuch \u201eSafari\u201c"},"content":{"rendered":"<p>F\u00fcr kleine Entdecker: Unser Wendehalstuch aus Baumwoll-Jersey ist das perfekte Accessoire f\u00fcr Babys bis junge Kinder!<\/p>\n<p>Dieses liebevoll gefertigte Halstuch ist verstellbar, sodass es mit eurem Kind w\u00e4chst. Mit zwei stilvollen, beidseitig tragbaren Designs bietet es vielseitige Modeoptionen.<\/p>\n<p>Stellt euch eure Kleinen vor, wie sie stolz ihr Tuch im Safari-Look tragen, das einerseits praktisch beim Krabbeln und Spielen ist und andererseits eine Extraportion Charme verspr\u00fcht.<\/p>\n<p>Schnappt euch dieses Must-have f\u00fcr das t\u00e4gliche Abenteuer. Ob beim Spielplatzbesuch oder als schicker Sonnenschutz, dieses Tuch bringt Funktion und Spa\u00df in den Alltag eurer Kinder. W\u00e4hlt euer Lieblingsdesign und bereichert das Outfit eurer Kleinen mit diesem einzigartigen Halstuch!<\/p>\n<p>Gr\u00f6\u00dfe: ca. 27x27cm<\/p>\n<p>Farbe: R\u00fcckseite moosgr\u00fcn<\/p>\n","protected":false},"excerpt":{"rendered":"<p>Wende-Dreieckstuch aus weichem Jersey-Stoff<\/p>\n","protected":false},"featured_media":1263,"template":"","meta":{"_acf_changed":false},"product_brand":[1053],"product_cat":[18],"product_tag":[218,200,201,202,203,204,251,205],"class_list":{"0":"post-2575","1":"product","2":"type-product","3":"status-publish","4":"has-post-thumbnail","6":"product_brand-stoffwild","7":"product_cat-uncategorised","8":"product_tag-babyhalstuch","9":"product_tag-halstuch","10":"product_tag-laetzchen","11":"product_tag-sabberlatz","12":"product_tag-sabbertuch","13":"product_tag-spucktuch","14":"product_tag-wendehalstuch","15":"product_tag-zahnen","16":"product_shipping_class-standardversand","18":"first","19":"instock","20":"sale","21":"taxable","22":"shipping-taxable","23":"purchasable","24":"product-type-simple"},"acf":[],"_links":{"self":[{"href":"https:\/\/www.regionalis.shop\/stoffwild-handgemachte-mode\/wp-json\/wp\/v2\/product\/2575","targetHints":{"allow":["GET"]}}],"collection":[{"href":"https:\/\/www.regionalis.shop\/stoffwild-handgemachte-mode\/wp-json\/wp\/v2\/product"}],"about":[{"href":"https:\/\/www.regionalis.shop\/stoffwild-handgemachte-mode\/wp-json\/wp\/v2\/types\/product"}],"wp:featuredmedia":[{"embeddable":true,"href":"https:\/\/www.regionalis.shop\/stoffwild-handgemachte-mode\/wp-json\/wp\/v2\/media\/1263"}],"wp:attachment":[{"href":"https:\/\/www.regionalis.shop\/stoffwild-handgemachte-mode\/wp-json\/wp\/v2\/media?parent=2575"}],"wp:term":[{"taxonomy":"product_brand","embeddable":true,"href":"https:\/\/www.regionalis.shop\/stoffwild-handgemachte-mode\/wp-json\/wp\/v2\/product_brand?post=2575"},{"taxonomy":"product_cat","embeddable":true,"href":"https:\/\/www.regionalis.shop\/stoffwild-handgemachte-mode\/wp-json\/wp\/v2\/product_cat?post=2575"},{"taxonomy":"product_tag","embeddable":true,"href":"https:\/\/www.regionalis.shop\/stoffwild-handgemachte-mode\/wp-json\/wp\/v2\/product_tag?post=2575"}],"curies":[{"name":"wp","href":"https:\/\/api.w.org\/{rel}","templated":true}]}}