{"id":2584,"date":"2025-12-02T18:23:08","date_gmt":"2025-12-02T17:23:08","guid":{"rendered":"https:\/\/www.regionalis.shop\/stoffwild-handgemachte-mode\/?post_type=product&#038;p=2584"},"modified":"2025-12-02T18:23:36","modified_gmt":"2025-12-02T17:23:36","slug":"babyhose-cutenwild-gr-56","status":"publish","type":"product","link":"https:\/\/www.regionalis.shop\/stoffwild-handgemachte-mode\/shop\/babyhose-cutenwild-gr-56\/","title":{"rendered":"Babyhose &#8222;Cute&#8217;n&#8217;wild&#8220; Gr. 56"},"content":{"rendered":"<p>Bequeme Hose aus weichem French Terry (Sommersweat) mit s\u00fcssem Animal-Print! Am Bauch und an den Beinen schlie\u00dft sie mit einem weichen, dehnbaren und mitwachsenden B\u00fcndchen ab. Somit w\u00e4chst die Hose meist 2 Gr\u00f6\u00dfen mit \ud83d\udc4d<\/p>\n<p>Gr\u00f6\u00dfe: 56<\/p>\n<p>Gen\u00e4ht nach dem Schnittmuster \u201ebaby diamond pants\/shirt\/cardigan\/romper\u201c von Engelinchen Design<\/p>\n","protected":false},"excerpt":{"rendered":"<p>Bequeme Babyhose aus weichem Sommersweat<\/p>\n","protected":false},"featured_media":1305,"template":"","meta":{"_acf_changed":false},"product_brand":[1053],"product_cat":[18],"product_tag":[241,292,242,293],"class_list":{"0":"post-2584","1":"product","2":"type-product","3":"status-publish","4":"has-post-thumbnail","6":"product_brand-stoffwild","7":"product_cat-uncategorised","8":"product_tag-babyhose","9":"product_tag-bequeme-hose","10":"product_tag-kinderhose","11":"product_tag-suesse-tiere","12":"product_shipping_class-standardversand","14":"first","15":"instock","16":"sale","17":"featured","18":"taxable","19":"shipping-taxable","20":"purchasable","21":"product-type-simple"},"acf":[],"_links":{"self":[{"href":"https:\/\/www.regionalis.shop\/stoffwild-handgemachte-mode\/wp-json\/wp\/v2\/product\/2584","targetHints":{"allow":["GET"]}}],"collection":[{"href":"https:\/\/www.regionalis.shop\/stoffwild-handgemachte-mode\/wp-json\/wp\/v2\/product"}],"about":[{"href":"https:\/\/www.regionalis.shop\/stoffwild-handgemachte-mode\/wp-json\/wp\/v2\/types\/product"}],"wp:featuredmedia":[{"embeddable":true,"href":"https:\/\/www.regionalis.shop\/stoffwild-handgemachte-mode\/wp-json\/wp\/v2\/media\/1305"}],"wp:attachment":[{"href":"https:\/\/www.regionalis.shop\/stoffwild-handgemachte-mode\/wp-json\/wp\/v2\/media?parent=2584"}],"wp:term":[{"taxonomy":"product_brand","embeddable":true,"href":"https:\/\/www.regionalis.shop\/stoffwild-handgemachte-mode\/wp-json\/wp\/v2\/product_brand?post=2584"},{"taxonomy":"product_cat","embeddable":true,"href":"https:\/\/www.regionalis.shop\/stoffwild-handgemachte-mode\/wp-json\/wp\/v2\/product_cat?post=2584"},{"taxonomy":"product_tag","embeddable":true,"href":"https:\/\/www.regionalis.shop\/stoffwild-handgemachte-mode\/wp-json\/wp\/v2\/product_tag?post=2584"}],"curies":[{"name":"wp","href":"https:\/\/api.w.org\/{rel}","templated":true}]}}