{"id":2585,"date":"2025-12-02T18:23:08","date_gmt":"2025-12-02T17:23:08","guid":{"rendered":"https:\/\/www.regionalis.shop\/stoffwild-handgemachte-mode\/?post_type=product&#038;p=2585"},"modified":"2025-12-02T18:23:37","modified_gmt":"2025-12-02T17:23:37","slug":"babyhose-loslassen-altrosa-gr-86-92","status":"publish","type":"product","link":"https:\/\/www.regionalis.shop\/stoffwild-handgemachte-mode\/shop\/babyhose-loslassen-altrosa-gr-86-92\/","title":{"rendered":"Babyhose &#8222;Loslassen, altrosa&#8220; Gr. 86\/92"},"content":{"rendered":"<p>Bequeme Hose mit s\u00fc\u00dfem Pusteblumen-Motiv, welche am Bauch und an den Beinen mit einem weichen, dehnbaren und mitwachsenden B\u00fcndchen abschlie\u00dft.<\/p>\n<p>Gr. 86\/92<\/p>\n<p>Gen\u00e4ht nach dem Schnittmuster \u201ebaby diamond pants\/shirt\/cardigan\/romper \u201c von Engelinchen Design<\/p>\n","protected":false},"excerpt":{"rendered":"<p>Bequeme Babyhose aus weichem Sommersweat<\/p>\n","protected":false},"featured_media":1309,"template":"","meta":{"_acf_changed":false},"product_brand":[1053],"product_cat":[18],"product_tag":[241,292,242,294],"class_list":{"0":"post-2585","1":"product","2":"type-product","3":"status-publish","4":"has-post-thumbnail","6":"product_brand-stoffwild","7":"product_cat-uncategorised","8":"product_tag-babyhose","9":"product_tag-bequeme-hose","10":"product_tag-kinderhose","11":"product_tag-pusteblumen","12":"product_shipping_class-standardversand","14":"first","15":"instock","16":"sale","17":"featured","18":"taxable","19":"shipping-taxable","20":"purchasable","21":"product-type-simple"},"acf":[],"_links":{"self":[{"href":"https:\/\/www.regionalis.shop\/stoffwild-handgemachte-mode\/wp-json\/wp\/v2\/product\/2585","targetHints":{"allow":["GET"]}}],"collection":[{"href":"https:\/\/www.regionalis.shop\/stoffwild-handgemachte-mode\/wp-json\/wp\/v2\/product"}],"about":[{"href":"https:\/\/www.regionalis.shop\/stoffwild-handgemachte-mode\/wp-json\/wp\/v2\/types\/product"}],"wp:featuredmedia":[{"embeddable":true,"href":"https:\/\/www.regionalis.shop\/stoffwild-handgemachte-mode\/wp-json\/wp\/v2\/media\/1309"}],"wp:attachment":[{"href":"https:\/\/www.regionalis.shop\/stoffwild-handgemachte-mode\/wp-json\/wp\/v2\/media?parent=2585"}],"wp:term":[{"taxonomy":"product_brand","embeddable":true,"href":"https:\/\/www.regionalis.shop\/stoffwild-handgemachte-mode\/wp-json\/wp\/v2\/product_brand?post=2585"},{"taxonomy":"product_cat","embeddable":true,"href":"https:\/\/www.regionalis.shop\/stoffwild-handgemachte-mode\/wp-json\/wp\/v2\/product_cat?post=2585"},{"taxonomy":"product_tag","embeddable":true,"href":"https:\/\/www.regionalis.shop\/stoffwild-handgemachte-mode\/wp-json\/wp\/v2\/product_tag?post=2585"}],"curies":[{"name":"wp","href":"https:\/\/api.w.org\/{rel}","templated":true}]}}