{"id":2593,"date":"2025-12-02T18:23:30","date_gmt":"2025-12-02T17:23:30","guid":{"rendered":"https:\/\/www.regionalis.shop\/stoffwild-handgemachte-mode\/?post_type=product&#038;p=2593"},"modified":"2025-12-02T18:25:14","modified_gmt":"2025-12-02T17:25:14","slug":"buendchen-haube-flowers","status":"publish","type":"product","link":"https:\/\/www.regionalis.shop\/stoffwild-handgemachte-mode\/shop\/buendchen-haube-flowers\/","title":{"rendered":"B\u00fcndchen-Haube &#8222;Flowers&#8220;"},"content":{"rendered":"<p>Fr\u00fchlingsgef\u00fchle aufgepasst: Unsere einlagige B\u00fcndchenhaube im floralen Design l\u00e4sst Babys und Kinder in den Tag bl\u00fchen!<\/p>\n<p>Mit einer tollen Passform, die nicht verrutscht, bleibt diese Beanie genau dort, wo sie hingeh\u00f6rt \u2013 auf den kleinen Ohren, die sie warm und beh\u00fctet h\u00e4lt.<\/p>\n<p>Die Haube w\u00e4chst mit euren Kleinen mit, dank des dehnbaren B\u00fcndchens, das sich anpassen l\u00e4sst, w\u00e4hrend es ihr herzliches L\u00e4cheln umrahmt. Stellt euch die entz\u00fcckenden Momente vor, in denen eure Kinder dieses blumige Wunderwerk tragen!<\/p>\n<p>Bestellt eure individuell angefertigte Haube oder ein Set, das genau zu eurer Familie passt. Perfekt f\u00fcr k\u00fchlere Tage oder als schm\u00fcckendes Accessoire, unsere B\u00fcndchenhaube verbindet Stil mit Komfort f\u00fcr eure liebsten Blumenkinder.<\/p>\n<p><u>Kopfumfang B\u00fcndchen-Haube:<\/u><\/p>\n<p>S (Baby\/Kleinkind): ca 36-40\/41cm<\/p>\n<p>M (Kleinkind\/Kind): ca. 41-50cm<\/p>\n","protected":false},"excerpt":{"rendered":"<p>B\u00fcndchenhaube \/ Sommerbeanie mit sch\u00f6nem Blumendesign<\/p>\n","protected":false},"featured_media":1349,"template":"","meta":{"_acf_changed":false},"product_brand":[1053],"product_cat":[18],"product_tag":[254,321,255,256,194,197,257],"class_list":{"0":"post-2593","1":"product","2":"type-product","3":"status-publish","4":"has-post-thumbnail","6":"product_brand-stoffwild","7":"product_cat-uncategorised","8":"product_tag-baby-haube","9":"product_tag-blumen","10":"product_tag-buendchen-haube","11":"product_tag-buendchenhaube","12":"product_tag-duenne-haube","13":"product_tag-muetze","14":"product_tag-verrutscht-nicht","15":"product_shipping_class-standardversand","17":"first","18":"instock","19":"taxable","20":"shipping-taxable","21":"purchasable","22":"product-type-variable"},"acf":[],"_links":{"self":[{"href":"https:\/\/www.regionalis.shop\/stoffwild-handgemachte-mode\/wp-json\/wp\/v2\/product\/2593","targetHints":{"allow":["GET"]}}],"collection":[{"href":"https:\/\/www.regionalis.shop\/stoffwild-handgemachte-mode\/wp-json\/wp\/v2\/product"}],"about":[{"href":"https:\/\/www.regionalis.shop\/stoffwild-handgemachte-mode\/wp-json\/wp\/v2\/types\/product"}],"wp:featuredmedia":[{"embeddable":true,"href":"https:\/\/www.regionalis.shop\/stoffwild-handgemachte-mode\/wp-json\/wp\/v2\/media\/1349"}],"wp:attachment":[{"href":"https:\/\/www.regionalis.shop\/stoffwild-handgemachte-mode\/wp-json\/wp\/v2\/media?parent=2593"}],"wp:term":[{"taxonomy":"product_brand","embeddable":true,"href":"https:\/\/www.regionalis.shop\/stoffwild-handgemachte-mode\/wp-json\/wp\/v2\/product_brand?post=2593"},{"taxonomy":"product_cat","embeddable":true,"href":"https:\/\/www.regionalis.shop\/stoffwild-handgemachte-mode\/wp-json\/wp\/v2\/product_cat?post=2593"},{"taxonomy":"product_tag","embeddable":true,"href":"https:\/\/www.regionalis.shop\/stoffwild-handgemachte-mode\/wp-json\/wp\/v2\/product_tag?post=2593"}],"curies":[{"name":"wp","href":"https:\/\/api.w.org\/{rel}","templated":true}]}}