{"id":2594,"date":"2025-12-02T18:23:30","date_gmt":"2025-12-02T17:23:30","guid":{"rendered":"https:\/\/www.regionalis.shop\/stoffwild-handgemachte-mode\/?post_type=product&#038;p=2594"},"modified":"2025-12-02T18:25:13","modified_gmt":"2025-12-02T17:25:13","slug":"knoten-stirnband-flowers","status":"publish","type":"product","link":"https:\/\/www.regionalis.shop\/stoffwild-handgemachte-mode\/shop\/knoten-stirnband-flowers\/","title":{"rendered":"Knoten-Stirnband &#8222;Flowers&#8220;"},"content":{"rendered":"<p>Entdeckt unseren floralen Traum \u2013 das Knoten-Stirnband, das Kinder und Erwachsene gleicherma\u00dfen bezaubert!<\/p>\n<p>Dieses doppellagige Haarband aus atmungsaktivem Baumwolljersey bietet optimalen Tragekomfort und h\u00e4lt die Haare stilvoll aus dem Gesicht.<\/p>\n<p>Ob f\u00fcr einen entspannten Tag zu Hause, einen Spaziergang im Freien oder als schickes Accessoire f\u00fcr besondere Anl\u00e4sse, dieses Stirnband ist vielseitig einsetzbar und verleiht jedem Outfit einen Hauch von Eleganz.<\/p>\n<p>W\u00e4hlt euer Lieblingsdesign und bestellt individuelle Sets als harmonisches Accessoire f\u00fcr Mutter-Kind-Kombinationen oder als Teil eines einheitlichen Looks f\u00fcr Freunde. Bringt Farbe in euren Alltag mit diesem wundersch\u00f6nen und praktischen Haarband!<\/p>\n<p><u>Kopfumfang Knoten-Stirnband:<\/u><\/p>\n<p>M (Kleinkind\/Kind): ca. 46-51cm<\/p>\n<p>L (Kind\/Erwachsener): ca. 52-58cm<\/p>\n","protected":false},"excerpt":{"rendered":"<p>Stirnband \/ Haarband aus weichem, dehnbarem Jersey<\/p>\n","protected":false},"featured_media":1352,"template":"","meta":{"_acf_changed":false},"product_brand":[1053],"product_cat":[18],"product_tag":[322,323,324,325,326],"class_list":{"0":"post-2594","1":"product","2":"type-product","3":"status-publish","4":"has-post-thumbnail","6":"product_brand-stoffwild","7":"product_cat-uncategorised","8":"product_tag-bluemchen","9":"product_tag-haarband","10":"product_tag-knoten-stirnband","11":"product_tag-knotenstirnband","12":"product_tag-stirnband","13":"product_shipping_class-standardversand","15":"first","16":"instock","17":"taxable","18":"shipping-taxable","19":"purchasable","20":"product-type-variable"},"acf":[],"_links":{"self":[{"href":"https:\/\/www.regionalis.shop\/stoffwild-handgemachte-mode\/wp-json\/wp\/v2\/product\/2594","targetHints":{"allow":["GET"]}}],"collection":[{"href":"https:\/\/www.regionalis.shop\/stoffwild-handgemachte-mode\/wp-json\/wp\/v2\/product"}],"about":[{"href":"https:\/\/www.regionalis.shop\/stoffwild-handgemachte-mode\/wp-json\/wp\/v2\/types\/product"}],"wp:featuredmedia":[{"embeddable":true,"href":"https:\/\/www.regionalis.shop\/stoffwild-handgemachte-mode\/wp-json\/wp\/v2\/media\/1352"}],"wp:attachment":[{"href":"https:\/\/www.regionalis.shop\/stoffwild-handgemachte-mode\/wp-json\/wp\/v2\/media?parent=2594"}],"wp:term":[{"taxonomy":"product_brand","embeddable":true,"href":"https:\/\/www.regionalis.shop\/stoffwild-handgemachte-mode\/wp-json\/wp\/v2\/product_brand?post=2594"},{"taxonomy":"product_cat","embeddable":true,"href":"https:\/\/www.regionalis.shop\/stoffwild-handgemachte-mode\/wp-json\/wp\/v2\/product_cat?post=2594"},{"taxonomy":"product_tag","embeddable":true,"href":"https:\/\/www.regionalis.shop\/stoffwild-handgemachte-mode\/wp-json\/wp\/v2\/product_tag?post=2594"}],"curies":[{"name":"wp","href":"https:\/\/api.w.org\/{rel}","templated":true}]}}