{"id":2597,"date":"2025-12-02T18:23:31","date_gmt":"2025-12-02T17:23:31","guid":{"rendered":"https:\/\/www.regionalis.shop\/stoffwild-handgemachte-mode\/?post_type=product&#038;p=2597"},"modified":"2025-12-02T18:25:14","modified_gmt":"2025-12-02T17:25:14","slug":"buendchen-haube-happy-rainbow","status":"publish","type":"product","link":"https:\/\/www.regionalis.shop\/stoffwild-handgemachte-mode\/shop\/buendchen-haube-happy-rainbow\/","title":{"rendered":"B\u00fcndchen-Haube &#8222;Happy Rainbow&#8220;"},"content":{"rendered":"<p>Die B\u00fcndchenhaube, auch Sommerbeanie genannt, wird aus weichem, einlagigem Jersey-Stoff gen\u00e4ht und erh\u00e4lt als Abschluss ein B\u00fcndchen. Die Haube ziert ein Allover-Muster mit grell-gr\u00fcnen Regenb\u00f6gen.<\/p>\n<p>Das B\u00fcndchen ist sehr dehnbar und sorgt daf\u00fcr, dass die M\u00fctze nicht verrutscht \ud83d\udc4d &#8230;und sie w\u00e4chst \u00fcber mehrere Gr\u00f6\u00dfen mit \ud83d\udc9b<\/p>\n<p>Im Sommer als Schutz vor Sonne und Wind&#8230; und im Herbst ein t\u00e4glicher Begleiter bei windigem Wetter!<\/p>\n<p>Tolles und n\u00fctzliches Geschenk zur Geburt, zum Geburtstag oder an Weihnachten!<\/p>\n<p>Gerne n\u00e4he ich euch auch Beanie-Sets f\u00fcr Geschwister, die ganze Familie oder f\u00fcr die besten Freunde!<\/p>\n<p><strong>Kopfumfang<\/strong>:<\/p>\n<p>S (Baby\/Kleinkind): ca 36-40\/41cm<\/p>\n<p>M (Kleinkind\/Kind): ca. 41-50cm<\/p>\n","protected":false},"excerpt":{"rendered":"<p>B\u00fcndchenhaube \/ Sommerbeanie mit Regenbogenmotiv<\/p>\n","protected":false},"featured_media":1374,"template":"","meta":{"_acf_changed":false},"product_brand":[1053],"product_cat":[18],"product_tag":[254,255,256,194,197,332,257],"class_list":{"0":"post-2597","1":"product","2":"type-product","3":"status-publish","4":"has-post-thumbnail","6":"product_brand-stoffwild","7":"product_cat-uncategorised","8":"product_tag-baby-haube","9":"product_tag-buendchen-haube","10":"product_tag-buendchenhaube","11":"product_tag-duenne-haube","12":"product_tag-muetze","13":"product_tag-regenbogen","14":"product_tag-verrutscht-nicht","15":"product_shipping_class-standardversand","17":"first","18":"instock","19":"taxable","20":"shipping-taxable","21":"purchasable","22":"product-type-variable"},"acf":[],"_links":{"self":[{"href":"https:\/\/www.regionalis.shop\/stoffwild-handgemachte-mode\/wp-json\/wp\/v2\/product\/2597","targetHints":{"allow":["GET"]}}],"collection":[{"href":"https:\/\/www.regionalis.shop\/stoffwild-handgemachte-mode\/wp-json\/wp\/v2\/product"}],"about":[{"href":"https:\/\/www.regionalis.shop\/stoffwild-handgemachte-mode\/wp-json\/wp\/v2\/types\/product"}],"wp:featuredmedia":[{"embeddable":true,"href":"https:\/\/www.regionalis.shop\/stoffwild-handgemachte-mode\/wp-json\/wp\/v2\/media\/1374"}],"wp:attachment":[{"href":"https:\/\/www.regionalis.shop\/stoffwild-handgemachte-mode\/wp-json\/wp\/v2\/media?parent=2597"}],"wp:term":[{"taxonomy":"product_brand","embeddable":true,"href":"https:\/\/www.regionalis.shop\/stoffwild-handgemachte-mode\/wp-json\/wp\/v2\/product_brand?post=2597"},{"taxonomy":"product_cat","embeddable":true,"href":"https:\/\/www.regionalis.shop\/stoffwild-handgemachte-mode\/wp-json\/wp\/v2\/product_cat?post=2597"},{"taxonomy":"product_tag","embeddable":true,"href":"https:\/\/www.regionalis.shop\/stoffwild-handgemachte-mode\/wp-json\/wp\/v2\/product_tag?post=2597"}],"curies":[{"name":"wp","href":"https:\/\/api.w.org\/{rel}","templated":true}]}}