{"id":2606,"date":"2025-12-02T18:23:33","date_gmt":"2025-12-02T17:23:33","guid":{"rendered":"https:\/\/www.regionalis.shop\/stoffwild-handgemachte-mode\/?post_type=product&#038;p=2606"},"modified":"2025-12-02T18:23:52","modified_gmt":"2025-12-02T17:23:52","slug":"sommerhut-mit-nacken-schutz-robo","status":"publish","type":"product","link":"https:\/\/www.regionalis.shop\/stoffwild-handgemachte-mode\/shop\/sommerhut-mit-nacken-schutz-robo\/","title":{"rendered":"Sommerhut mit Nacken-Schutz &#8222;Robo&#8220;"},"content":{"rendered":"<p>S\u00fcsser Sommerhut aus Jersey mit breiter Krempe im Nacken und einer Kleinen vorne.<\/p>\n<p>So st\u00f6rt die Sonne sicher nicht mehr beim Drau\u00dfen-Spielen und der Nacken unserer Kinder ist gut gesch\u00fctzt \ud83d\ude42<\/p>\n<p>Der Sonnenhut sch\u00fctzt das Baby- oder Kinderk\u00f6pfchen vor der Sonne.<\/p>\n<p>Gr\u00f6\u00dfe \/ Kopfumfang: M: ca. 48-54cm<\/p>\n","protected":false},"excerpt":{"rendered":"<p>Sommerhut aus Jersey mit NackenKrempe<\/p>\n","protected":false},"featured_media":1390,"template":"","meta":{"_acf_changed":false},"product_brand":[1053],"product_cat":[18],"product_tag":[341,342,343,344,345,346,347,340],"class_list":{"0":"post-2606","1":"product","2":"type-product","3":"status-publish","4":"has-post-thumbnail","6":"product_brand-stoffwild","7":"product_cat-uncategorised","8":"product_tag-badehut","9":"product_tag-kapperl","10":"product_tag-nacken","11":"product_tag-nackenkrempe","12":"product_tag-nackenschutz","13":"product_tag-sommerhut","14":"product_tag-sonnenhut","15":"product_tag-sonnenschutz","16":"product_shipping_class-standardversand","18":"first","19":"instock","20":"taxable","21":"shipping-taxable","22":"purchasable","23":"product-type-simple"},"acf":[],"_links":{"self":[{"href":"https:\/\/www.regionalis.shop\/stoffwild-handgemachte-mode\/wp-json\/wp\/v2\/product\/2606","targetHints":{"allow":["GET"]}}],"collection":[{"href":"https:\/\/www.regionalis.shop\/stoffwild-handgemachte-mode\/wp-json\/wp\/v2\/product"}],"about":[{"href":"https:\/\/www.regionalis.shop\/stoffwild-handgemachte-mode\/wp-json\/wp\/v2\/types\/product"}],"wp:featuredmedia":[{"embeddable":true,"href":"https:\/\/www.regionalis.shop\/stoffwild-handgemachte-mode\/wp-json\/wp\/v2\/media\/1390"}],"wp:attachment":[{"href":"https:\/\/www.regionalis.shop\/stoffwild-handgemachte-mode\/wp-json\/wp\/v2\/media?parent=2606"}],"wp:term":[{"taxonomy":"product_brand","embeddable":true,"href":"https:\/\/www.regionalis.shop\/stoffwild-handgemachte-mode\/wp-json\/wp\/v2\/product_brand?post=2606"},{"taxonomy":"product_cat","embeddable":true,"href":"https:\/\/www.regionalis.shop\/stoffwild-handgemachte-mode\/wp-json\/wp\/v2\/product_cat?post=2606"},{"taxonomy":"product_tag","embeddable":true,"href":"https:\/\/www.regionalis.shop\/stoffwild-handgemachte-mode\/wp-json\/wp\/v2\/product_tag?post=2606"}],"curies":[{"name":"wp","href":"https:\/\/api.w.org\/{rel}","templated":true}]}}