{"id":2614,"date":"2025-12-02T18:23:34","date_gmt":"2025-12-02T17:23:34","guid":{"rendered":"https:\/\/www.regionalis.shop\/stoffwild-handgemachte-mode\/?post_type=product&#038;p=2614"},"modified":"2025-12-02T18:24:06","modified_gmt":"2025-12-02T17:24:06","slug":"bummie-windel-cover-gr-92-98","status":"publish","type":"product","link":"https:\/\/www.regionalis.shop\/stoffwild-handgemachte-mode\/shop\/bummie-windel-cover-gr-92-98\/","title":{"rendered":"Bummie \/ Windel-Cover  Gr. 92\/98"},"content":{"rendered":"<p>Tolle Bummie aus Musselin &#8211; perfekt f\u00fcr hei\u00dfe Sommertage oder Strandabenteuer! Das Bauchgummi sorgt f\u00fcr guten Sitz und ein B\u00fcndchen bei den Beinabschl\u00fcssen garantiert Komfort.<\/p>\n<p>Gerne fertige ich euch ein Windel-Cover in anderen Designs und Stoffen an &#8211; Schreibt mir einfach eure W\u00fcnsche \ud83d\ude0a<\/p>\n<p>Gen\u00e4ht nach dem Schnittmuster &#8222;Brindille &amp; Twig &#8211; bummies&#8220;<\/p>\n","protected":false},"excerpt":{"rendered":"<p>Tolle Bummie aus Musselin<\/p>\n","protected":false},"featured_media":1410,"template":"","meta":{"_acf_changed":false},"product_brand":[1053],"product_cat":[18],"product_tag":[387,388,216,389,390],"class_list":{"0":"post-2614","1":"product","2":"type-product","3":"status-publish","4":"has-post-thumbnail","6":"product_brand-stoffwild","7":"product_cat-uncategorised","8":"product_tag-bummie","9":"product_tag-kurze-hose","10":"product_tag-musselin","11":"product_tag-windel-verstecken","12":"product_tag-windelcover","13":"product_shipping_class-standardversand","15":"first","16":"instock","17":"taxable","18":"shipping-taxable","19":"purchasable","20":"product-type-simple"},"acf":[],"_links":{"self":[{"href":"https:\/\/www.regionalis.shop\/stoffwild-handgemachte-mode\/wp-json\/wp\/v2\/product\/2614","targetHints":{"allow":["GET"]}}],"collection":[{"href":"https:\/\/www.regionalis.shop\/stoffwild-handgemachte-mode\/wp-json\/wp\/v2\/product"}],"about":[{"href":"https:\/\/www.regionalis.shop\/stoffwild-handgemachte-mode\/wp-json\/wp\/v2\/types\/product"}],"wp:featuredmedia":[{"embeddable":true,"href":"https:\/\/www.regionalis.shop\/stoffwild-handgemachte-mode\/wp-json\/wp\/v2\/media\/1410"}],"wp:attachment":[{"href":"https:\/\/www.regionalis.shop\/stoffwild-handgemachte-mode\/wp-json\/wp\/v2\/media?parent=2614"}],"wp:term":[{"taxonomy":"product_brand","embeddable":true,"href":"https:\/\/www.regionalis.shop\/stoffwild-handgemachte-mode\/wp-json\/wp\/v2\/product_brand?post=2614"},{"taxonomy":"product_cat","embeddable":true,"href":"https:\/\/www.regionalis.shop\/stoffwild-handgemachte-mode\/wp-json\/wp\/v2\/product_cat?post=2614"},{"taxonomy":"product_tag","embeddable":true,"href":"https:\/\/www.regionalis.shop\/stoffwild-handgemachte-mode\/wp-json\/wp\/v2\/product_tag?post=2614"}],"curies":[{"name":"wp","href":"https:\/\/api.w.org\/{rel}","templated":true}]}}