{"id":2620,"date":"2025-12-02T18:23:56","date_gmt":"2025-12-02T17:23:56","guid":{"rendered":"https:\/\/www.regionalis.shop\/stoffwild-handgemachte-mode\/?post_type=product&#038;p=2620"},"modified":"2025-12-02T18:24:10","modified_gmt":"2025-12-02T17:24:10","slug":"buendchen-haube-freches-fruechtchen-gr-m","status":"publish","type":"product","link":"https:\/\/www.regionalis.shop\/stoffwild-handgemachte-mode\/shop\/buendchen-haube-freches-fruechtchen-gr-m\/","title":{"rendered":"B\u00fcndchen-Haube &#8222;Freches Fr\u00fcchtchen&#8220; Gr. M"},"content":{"rendered":"<p>Die B\u00fcndchenhaube, auch Sommer-Beanie genannt, wird aus weichem, einlagigem Jersey-Stoff gen\u00e4ht und erh\u00e4lt als Abschluss ein B\u00fcndchen. Das B\u00fcndchen ist sehr dehnbar und w\u00e4chst somit \u00fcber mehrere Gr\u00f6\u00dfen mit!<\/p>\n<p>Die Beanie hat ein s\u00fcsses Muster mit lustigen Fr\u00fcchten: Birnen, Kirschen, Melonen, Erdbeeren,&#8230; alles da f\u00fcr einen leckeren Obstsalat \ud83d\ude09<\/p>\n<p><strong>Kopfumfang<\/strong>:<\/p>\n<p>M (Kleinkind\/Kind): ca. 41-50cm<\/p>\n","protected":false},"excerpt":{"rendered":"<p>B\u00fcndchenhaube \/ Sommerbeanie mit lustigen Fr\u00fcchten<\/p>\n","protected":false},"featured_media":1445,"template":"","meta":{"_acf_changed":false},"product_brand":[1053],"product_cat":[18],"product_tag":[254,255,256,194,396,197,257],"class_list":{"0":"post-2620","1":"product","2":"type-product","3":"status-publish","4":"has-post-thumbnail","6":"product_brand-stoffwild","7":"product_cat-uncategorised","8":"product_tag-baby-haube","9":"product_tag-buendchen-haube","10":"product_tag-buendchenhaube","11":"product_tag-duenne-haube","12":"product_tag-fruechte","13":"product_tag-muetze","14":"product_tag-verrutscht-nicht","15":"product_shipping_class-standardversand","17":"first","18":"instock","19":"taxable","20":"shipping-taxable","21":"purchasable","22":"product-type-simple"},"acf":[],"_links":{"self":[{"href":"https:\/\/www.regionalis.shop\/stoffwild-handgemachte-mode\/wp-json\/wp\/v2\/product\/2620","targetHints":{"allow":["GET"]}}],"collection":[{"href":"https:\/\/www.regionalis.shop\/stoffwild-handgemachte-mode\/wp-json\/wp\/v2\/product"}],"about":[{"href":"https:\/\/www.regionalis.shop\/stoffwild-handgemachte-mode\/wp-json\/wp\/v2\/types\/product"}],"wp:featuredmedia":[{"embeddable":true,"href":"https:\/\/www.regionalis.shop\/stoffwild-handgemachte-mode\/wp-json\/wp\/v2\/media\/1445"}],"wp:attachment":[{"href":"https:\/\/www.regionalis.shop\/stoffwild-handgemachte-mode\/wp-json\/wp\/v2\/media?parent=2620"}],"wp:term":[{"taxonomy":"product_brand","embeddable":true,"href":"https:\/\/www.regionalis.shop\/stoffwild-handgemachte-mode\/wp-json\/wp\/v2\/product_brand?post=2620"},{"taxonomy":"product_cat","embeddable":true,"href":"https:\/\/www.regionalis.shop\/stoffwild-handgemachte-mode\/wp-json\/wp\/v2\/product_cat?post=2620"},{"taxonomy":"product_tag","embeddable":true,"href":"https:\/\/www.regionalis.shop\/stoffwild-handgemachte-mode\/wp-json\/wp\/v2\/product_tag?post=2620"}],"curies":[{"name":"wp","href":"https:\/\/api.w.org\/{rel}","templated":true}]}}