{"id":2624,"date":"2025-12-02T18:23:57","date_gmt":"2025-12-02T17:23:57","guid":{"rendered":"https:\/\/www.regionalis.shop\/stoffwild-handgemachte-mode\/?post_type=product&#038;p=2624"},"modified":"2025-12-02T18:25:31","modified_gmt":"2025-12-02T17:25:31","slug":"buendchen-haube-hase-graublau","status":"publish","type":"product","link":"https:\/\/www.regionalis.shop\/stoffwild-handgemachte-mode\/shop\/buendchen-haube-hase-graublau\/","title":{"rendered":"B\u00fcndchen-Haube Hase, graublau"},"content":{"rendered":"<p>Die B\u00fcndchenhaube wird aus weichem, einlagigem Jersey-Stoff gen\u00e4ht &#8211; mit s\u00fcssen Hasen auf graublauem Hintergrund. Das B\u00fcndchen ist sehr dehnbar und sorgt daf\u00fcr, dass die M\u00fctze nicht verrutscht \ud83d\udc4d &#8230;und sie w\u00e4chst somit \u00fcber mehrere Gr\u00f6\u00dfen mit \ud83d\udc9b<\/p>\n<p>Im Sommer als Schutz vor Sonne und Wind&#8230; und im Herbst ein t\u00e4glicher Begleiter bei windigem Wetter!<\/p>\n<p>Aus dickerem Stoff (z.B. Sweat, Sommer-Sweat \/ French Terry) auch eine tolle Alternative im Winter zu l\u00e4stig-hochrutschenden Hauben.<\/p>\n<p>Tolles und n\u00fctzliches Geschenk zur Geburt, zur Taufe, zum Geburtstag oder an Ostern und Weihnachten!<\/p>\n<p>Gerne n\u00e4he ich euch auch Hauben-Sets f\u00fcr Geschwister, die ganze Familie oder f\u00fcr die besten Freunde!<\/p>\n<p><strong>Kopfumfang<\/strong>:<\/p>\n<p>S (Baby\/Kleinkind): ca 36-40\/41cm<\/p>\n<p>M (Kleinkind\/Kind): ca. 41-50cm<\/p>\n","protected":false},"excerpt":{"rendered":"<p>B\u00fcndchenhaube \/ Sommerbeanie mit H\u00e4schen<\/p>\n","protected":false},"featured_media":1453,"template":"","meta":{"_acf_changed":false},"product_brand":[1053],"product_cat":[18],"product_tag":[254,255,256,194,211,197,257],"class_list":{"0":"post-2624","1":"product","2":"type-product","3":"status-publish","4":"has-post-thumbnail","6":"product_brand-stoffwild","7":"product_cat-uncategorised","8":"product_tag-baby-haube","9":"product_tag-buendchen-haube","10":"product_tag-buendchenhaube","11":"product_tag-duenne-haube","12":"product_tag-hase","13":"product_tag-muetze","14":"product_tag-verrutscht-nicht","15":"product_shipping_class-standardversand","17":"first","18":"instock","19":"taxable","20":"shipping-taxable","21":"purchasable","22":"product-type-variable"},"acf":[],"_links":{"self":[{"href":"https:\/\/www.regionalis.shop\/stoffwild-handgemachte-mode\/wp-json\/wp\/v2\/product\/2624","targetHints":{"allow":["GET"]}}],"collection":[{"href":"https:\/\/www.regionalis.shop\/stoffwild-handgemachte-mode\/wp-json\/wp\/v2\/product"}],"about":[{"href":"https:\/\/www.regionalis.shop\/stoffwild-handgemachte-mode\/wp-json\/wp\/v2\/types\/product"}],"wp:featuredmedia":[{"embeddable":true,"href":"https:\/\/www.regionalis.shop\/stoffwild-handgemachte-mode\/wp-json\/wp\/v2\/media\/1453"}],"wp:attachment":[{"href":"https:\/\/www.regionalis.shop\/stoffwild-handgemachte-mode\/wp-json\/wp\/v2\/media?parent=2624"}],"wp:term":[{"taxonomy":"product_brand","embeddable":true,"href":"https:\/\/www.regionalis.shop\/stoffwild-handgemachte-mode\/wp-json\/wp\/v2\/product_brand?post=2624"},{"taxonomy":"product_cat","embeddable":true,"href":"https:\/\/www.regionalis.shop\/stoffwild-handgemachte-mode\/wp-json\/wp\/v2\/product_cat?post=2624"},{"taxonomy":"product_tag","embeddable":true,"href":"https:\/\/www.regionalis.shop\/stoffwild-handgemachte-mode\/wp-json\/wp\/v2\/product_tag?post=2624"}],"curies":[{"name":"wp","href":"https:\/\/api.w.org\/{rel}","templated":true}]}}