{"id":2625,"date":"2025-12-02T18:23:58","date_gmt":"2025-12-02T17:23:58","guid":{"rendered":"https:\/\/www.regionalis.shop\/stoffwild-handgemachte-mode\/?post_type=product&#038;p=2625"},"modified":"2025-12-02T18:24:13","modified_gmt":"2025-12-02T17:24:13","slug":"latzhose-romper-hase-graublau-gr-62-68","status":"publish","type":"product","link":"https:\/\/www.regionalis.shop\/stoffwild-handgemachte-mode\/shop\/latzhose-romper-hase-graublau-gr-62-68\/","title":{"rendered":"Latzhose \/ Romper Hase, graublau, Gr. 62\/68"},"content":{"rendered":"<p>S\u00fcsse Baby-Latzhose aus weichem Jersey mit toller Unterteilung: Oberteil aus braun-meliertem Unistoff, Unterteil mit s\u00fcssen H\u00e4schen auf blaugrauem Hintergrund.<\/p>\n<p>Gr\u00f6\u00dfe: 62\/68<\/p>\n<p>Farbe: graublau\/braun<\/p>\n","protected":false},"excerpt":{"rendered":"<p>S\u00fcsse Baby-Latzhose aus weichem Jersey<\/p>\n","protected":false},"featured_media":1466,"template":"","meta":{"_acf_changed":false},"product_brand":[1053],"product_cat":[18],"product_tag":[241,211,402,243,403,404,405],"class_list":{"0":"post-2625","1":"product","2":"type-product","3":"status-publish","4":"has-post-thumbnail","6":"product_brand-stoffwild","7":"product_cat-uncategorised","8":"product_tag-babyhose","9":"product_tag-hase","10":"product_tag-latzhose","11":"product_tag-mitwachshose","12":"product_tag-ostern","13":"product_tag-romper","14":"product_tag-strampler","15":"product_shipping_class-standardversand","17":"first","18":"instock","19":"taxable","20":"shipping-taxable","21":"purchasable","22":"product-type-simple"},"acf":[],"_links":{"self":[{"href":"https:\/\/www.regionalis.shop\/stoffwild-handgemachte-mode\/wp-json\/wp\/v2\/product\/2625","targetHints":{"allow":["GET"]}}],"collection":[{"href":"https:\/\/www.regionalis.shop\/stoffwild-handgemachte-mode\/wp-json\/wp\/v2\/product"}],"about":[{"href":"https:\/\/www.regionalis.shop\/stoffwild-handgemachte-mode\/wp-json\/wp\/v2\/types\/product"}],"wp:featuredmedia":[{"embeddable":true,"href":"https:\/\/www.regionalis.shop\/stoffwild-handgemachte-mode\/wp-json\/wp\/v2\/media\/1466"}],"wp:attachment":[{"href":"https:\/\/www.regionalis.shop\/stoffwild-handgemachte-mode\/wp-json\/wp\/v2\/media?parent=2625"}],"wp:term":[{"taxonomy":"product_brand","embeddable":true,"href":"https:\/\/www.regionalis.shop\/stoffwild-handgemachte-mode\/wp-json\/wp\/v2\/product_brand?post=2625"},{"taxonomy":"product_cat","embeddable":true,"href":"https:\/\/www.regionalis.shop\/stoffwild-handgemachte-mode\/wp-json\/wp\/v2\/product_cat?post=2625"},{"taxonomy":"product_tag","embeddable":true,"href":"https:\/\/www.regionalis.shop\/stoffwild-handgemachte-mode\/wp-json\/wp\/v2\/product_tag?post=2625"}],"curies":[{"name":"wp","href":"https:\/\/api.w.org\/{rel}","templated":true}]}}