{"id":2629,"date":"2025-12-02T18:23:59","date_gmt":"2025-12-02T17:23:59","guid":{"rendered":"https:\/\/www.regionalis.shop\/stoffwild-handgemachte-mode\/?post_type=product&#038;p=2629"},"modified":"2025-12-02T18:24:15","modified_gmt":"2025-12-02T17:24:15","slug":"buendchenhaube-mit-herz-applikation-nr-2","status":"publish","type":"product","link":"https:\/\/www.regionalis.shop\/stoffwild-handgemachte-mode\/shop\/buendchenhaube-mit-herz-applikation-nr-2\/","title":{"rendered":"B\u00fcndchenhaube mit Herz-Applikation &#8211; Nr. 2"},"content":{"rendered":"<p><strong>EINZELST\u00dcCK<\/strong><\/p>\n<p>Zarte Bl\u00fcten f\u00fcr euer Baby! Unsere B\u00fcndchenhaube im floralen Herzdesign ist die s\u00fc\u00dfe Kr\u00f6nung f\u00fcr die Kleinsten.<\/p>\n<p>Diese einlagige Haube verrutscht nicht und bleibt dank des weichen, flexiblen B\u00fcndchens stets an den kleinen Ohren. Ideal f\u00fcr Babys, die W\u00e4rme und Komfort brauchen.<\/p>\n<p>W\u00e4hrend euer Baby w\u00e4chst, passt sich die Haube perfekt an. Sie ist ein liebevoller Begleiter durch die ersten Lebensmonate, der in keinem Kleiderschrank fehlen sollte.<\/p>\n<p>Verw\u00f6hnt euer Baby mit dieser bezaubernden Haube, und wenn ihr etwas wirklich Besonderes sucht, bestellt individuelle Sets, die perfekt zu eurem kleinen Schatz passen. Sichert euch dieses entz\u00fcckende Accessoire, das genauso einzigartig ist wie euer Baby!<\/p>\n<p>Lust auf Zwillings-Style? Dann schnapp dir das zweite Unikat und lass deine Twins erstrahlen: <a href=\"https:\/\/www.stoffwild.at\/produkt\/buendchenhaube-mit-herz-applikation-nr-1\/\" target=\"_blank\" rel=\"noopener\">Haube #1<\/a><\/p>\n<p>Kopfumfang:<\/p>\n<p>S (Baby\/Kleinkind): ca 36-40\/41cm<\/p>\n","protected":false},"excerpt":{"rendered":"<p>B\u00fcndchenhaube \/ Sommerbeanie mit Herz-Applikation<\/p>\n","protected":false},"featured_media":1488,"template":"","meta":{"_acf_changed":false},"product_brand":[1053],"product_cat":[18],"product_tag":[254,255,256,194,398,197,257],"class_list":{"0":"post-2629","1":"product","2":"type-product","3":"status-publish","4":"has-post-thumbnail","6":"product_brand-stoffwild","7":"product_cat-uncategorised","8":"product_tag-baby-haube","9":"product_tag-buendchen-haube","10":"product_tag-buendchenhaube","11":"product_tag-duenne-haube","12":"product_tag-herz","13":"product_tag-muetze","14":"product_tag-verrutscht-nicht","15":"product_shipping_class-standardversand","17":"first","18":"instock","19":"taxable","20":"shipping-taxable","21":"purchasable","22":"product-type-simple"},"acf":[],"_links":{"self":[{"href":"https:\/\/www.regionalis.shop\/stoffwild-handgemachte-mode\/wp-json\/wp\/v2\/product\/2629","targetHints":{"allow":["GET"]}}],"collection":[{"href":"https:\/\/www.regionalis.shop\/stoffwild-handgemachte-mode\/wp-json\/wp\/v2\/product"}],"about":[{"href":"https:\/\/www.regionalis.shop\/stoffwild-handgemachte-mode\/wp-json\/wp\/v2\/types\/product"}],"wp:featuredmedia":[{"embeddable":true,"href":"https:\/\/www.regionalis.shop\/stoffwild-handgemachte-mode\/wp-json\/wp\/v2\/media\/1488"}],"wp:attachment":[{"href":"https:\/\/www.regionalis.shop\/stoffwild-handgemachte-mode\/wp-json\/wp\/v2\/media?parent=2629"}],"wp:term":[{"taxonomy":"product_brand","embeddable":true,"href":"https:\/\/www.regionalis.shop\/stoffwild-handgemachte-mode\/wp-json\/wp\/v2\/product_brand?post=2629"},{"taxonomy":"product_cat","embeddable":true,"href":"https:\/\/www.regionalis.shop\/stoffwild-handgemachte-mode\/wp-json\/wp\/v2\/product_cat?post=2629"},{"taxonomy":"product_tag","embeddable":true,"href":"https:\/\/www.regionalis.shop\/stoffwild-handgemachte-mode\/wp-json\/wp\/v2\/product_tag?post=2629"}],"curies":[{"name":"wp","href":"https:\/\/api.w.org\/{rel}","templated":true}]}}