{"id":2636,"date":"2025-12-02T18:24:00","date_gmt":"2025-12-02T17:24:00","guid":{"rendered":"https:\/\/www.regionalis.shop\/stoffwild-handgemachte-mode\/?post_type=product&#038;p=2636"},"modified":"2025-12-02T18:28:34","modified_gmt":"2025-12-02T17:28:34","slug":"individuelle-leggings-oder-pants","status":"publish","type":"product","link":"https:\/\/www.regionalis.shop\/stoffwild-handgemachte-mode\/shop\/individuelle-leggings-oder-pants\/","title":{"rendered":"individuelle Leggings oder Pants"},"content":{"rendered":"<p><strong>Deine ma\u00dfgeschneiderten Leggings oder Pants \u2013 bequem, individuell und perfekt f\u00fcr jedes Kind!<\/strong><\/p>\n<p>Ob f\u00fcr aktive Tage oder gem\u00fctliche Stunden: Diese <strong>individuellen Leggings und Pants<\/strong> wachsen mit deinem Kind mit! Verf\u00fcgbar in <strong>Gr\u00f6\u00dfen 50\u2013176<\/strong>, passen sie sich jedem Stil und jeder K\u00f6rperform an.<\/p>\n<hr>\n<p><strong>\u2728 Warum du diese Hose lieben wirst:<\/strong><\/p>\n<p>\u2714 <strong>Perfekte Passform f\u00fcr jedes Kind:<\/strong> w\u00e4hle zwischen <strong>schmal geschnittenen Leggings<\/strong> (bequem, aber nicht einengend) oder <strong>lockeren Pants<\/strong> f\u00fcr maximalen Bewegungsfreiraum.<\/p>\n<p>\u2714 <strong>Einzigartiger Stil:<\/strong> von <strong>Jeans-Jersey<\/strong> bis zu <strong>bunten <a href=\"https:\/\/www.stoffwild.at\/produkt\/buegelbild-fuer-schultuete\/\" target=\"_blank\" rel=\"noopener\">Applikationen<\/a><\/strong>: Hier wird jede Hose zum <strong>Unikat<\/strong>, das dein Kind stolz tr\u00e4gt!<\/p>\n<p>\u2714 <strong>Atmungsaktiv &amp; strapazierf\u00e4hig:<\/strong> hochwertige Stoffe, die <strong>mitspielen, mitwaschen und mitlachen<\/strong>.<\/p>\n<p>\u2714 <strong>Handmade mit Liebe:<\/strong> jedes Detail ist durchdacht, damit dein Kind sich <strong>wohlf\u00fchlt und frei bewegen<\/strong> kann.<\/p>\n<p>\u2714 <strong>Praktisch f\u00fcr den Alltag:<\/strong> ob beim Toben, in der Schule oder zum Entspannen: Diese Hose passt <strong>immer <\/strong><strong>und dein Kind <\/strong><strong><b>f\u00fchlt sich wohl<\/b><\/strong><strong>!<\/strong><\/p>\n<hr>\n<p><strong>\ud83d\uded2 So gestaltest du die perfekte Hose:<\/strong><\/p>\n<ol>\n<li><strong>Gr\u00f6\u00dfe w\u00e4hlen<\/strong> und in den Warenkorb legen. \ud83d\uded2<\/li>\n<li><strong>Deine W\u00fcnsche notieren:<\/strong> Schreib mir in den Anmerkungen, wie die Hose aussehen soll \u2013 von Stoff bis zu Extras wie Aufn\u00e4hern. \u270f\ufe0f<\/li>\n<li><strong>Bestellung abschlie\u00dfen<\/strong> (bitte <strong>Vorkasse<\/strong> w\u00e4hlen \u2013 die Zahlungsart kann sp\u00e4ter angepasst werden).<\/li>\n<li><strong>Design-Prozess:<\/strong> Ich sende dir Vorschl\u00e4ge per E-Mail \u2013 du entscheidest dich f\u00fcr deinen Favoriten! \ud83e\udd47<\/li>\n<li><strong>Zum Schluss:<\/strong> Sobald die Hose gen\u00e4ht ist, kommt sie direkt zu dir. \ud83d\udce6<\/li>\n<\/ol>\n<p><strong><b>Wichtig<\/b><\/strong><strong>: <\/strong>Der Endpreis kann je nach Extras variieren (z. B. bei Unterteilungen, <a href=\"https:\/\/www.stoffwild.at\/produkt\/buegelbild-fuer-schultuete\/\" target=\"_blank\" rel=\"noopener\">B\u00fcgelbildern<\/a>, Aufn\u00e4hern oder Kunstleder-Labels).<\/p>\n<hr>\n<p><strong>Schnittmuster:<\/strong> \u201eVitaMinchen\u201c von Engelinchen Design \u2013 f\u00fcr eine Passform, die Bewegung zul\u00e4sst. Du m\u00f6chtest eine <strong>Gr\u00f6\u00dfe 146\u2013176<\/strong>? Kein Problem, kontaktiere mich einfach!<\/p>\n<p><strong>Dein Kind verdient eine Hose, die so einzigartig ist wie es selbst \u2013 jetzt bestellen!<\/strong><\/p>\n","protected":false},"excerpt":{"rendered":"<p>Leggings nach DEINEN W\u00fcnschen!<\/p>\n","protected":false},"featured_media":1541,"template":"","meta":{"_acf_changed":false},"product_brand":[1053],"product_cat":[18],"product_tag":[223,241,440,242,450,442],"class_list":{"0":"post-2636","1":"product","2":"type-product","3":"status-publish","4":"has-post-thumbnail","6":"product_brand-stoffwild","7":"product_cat-uncategorised","8":"product_tag-baby-leggings","9":"product_tag-babyhose","10":"product_tag-individuelle-kleidung","11":"product_tag-kinderhose","12":"product_tag-leggings","13":"product_tag-personalisiert","14":"product_shipping_class-standardversand","16":"first","17":"onbackorder","18":"taxable","19":"shipping-taxable","20":"purchasable","21":"product-type-variable"},"acf":[],"_links":{"self":[{"href":"https:\/\/www.regionalis.shop\/stoffwild-handgemachte-mode\/wp-json\/wp\/v2\/product\/2636","targetHints":{"allow":["GET"]}}],"collection":[{"href":"https:\/\/www.regionalis.shop\/stoffwild-handgemachte-mode\/wp-json\/wp\/v2\/product"}],"about":[{"href":"https:\/\/www.regionalis.shop\/stoffwild-handgemachte-mode\/wp-json\/wp\/v2\/types\/product"}],"wp:featuredmedia":[{"embeddable":true,"href":"https:\/\/www.regionalis.shop\/stoffwild-handgemachte-mode\/wp-json\/wp\/v2\/media\/1541"}],"wp:attachment":[{"href":"https:\/\/www.regionalis.shop\/stoffwild-handgemachte-mode\/wp-json\/wp\/v2\/media?parent=2636"}],"wp:term":[{"taxonomy":"product_brand","embeddable":true,"href":"https:\/\/www.regionalis.shop\/stoffwild-handgemachte-mode\/wp-json\/wp\/v2\/product_brand?post=2636"},{"taxonomy":"product_cat","embeddable":true,"href":"https:\/\/www.regionalis.shop\/stoffwild-handgemachte-mode\/wp-json\/wp\/v2\/product_cat?post=2636"},{"taxonomy":"product_tag","embeddable":true,"href":"https:\/\/www.regionalis.shop\/stoffwild-handgemachte-mode\/wp-json\/wp\/v2\/product_tag?post=2636"}],"curies":[{"name":"wp","href":"https:\/\/api.w.org\/{rel}","templated":true}]}}