{"id":2652,"date":"2025-12-02T18:24:24","date_gmt":"2025-12-02T17:24:24","guid":{"rendered":"https:\/\/www.regionalis.shop\/stoffwild-handgemachte-mode\/?post_type=product&#038;p=2652"},"modified":"2025-12-02T18:24:34","modified_gmt":"2025-12-02T17:24:34","slug":"knotenmuetze-fuer-babys-neugeborene","status":"publish","type":"product","link":"https:\/\/www.regionalis.shop\/stoffwild-handgemachte-mode\/shop\/knotenmuetze-fuer-babys-neugeborene\/","title":{"rendered":"Knotenm\u00fctze f\u00fcr Babys\/Neugeborene"},"content":{"rendered":"<p>Einlagiges Baby-M\u00fctzchen aus weichem Jersey mit s\u00fcssem Knoten. Am Saum wird der Stoff einige Zentimeter nach innen umgeschlagen damit die Ohren gew\u00e4rmt werden und der Kopf keinen Hitzestau bekommt!<\/p>\n<p>Toll als Geschenk zur Geburt und als Homecoming-Outfit \ud83d\udc96<\/p>\n<p><u>Kopfumfang Knotenm\u00fctze:<\/u> Gr\u00f6\u00dfe: S 32-37cm<\/p>\n<p><u>Muster:<\/u> Blumen und Schmetterlinge<\/p>\n<p><strong><em>Gerne fertige ich das Hauberl auch aus einem anderen Stoff!<\/em><\/strong> Schreib mir beim Bezahlvorgang einfach, dass du gern ein anderes Muster h\u00e4ttest und ich schicke dir Vorschl\u00e4ge retour! Sobald alles bezahlt und gen\u00e4ht ist, macht es sich auf den Weg zu dir!<\/p>\n","protected":false},"excerpt":{"rendered":"<p>Stirnband \/ Haarband aus weichem, dehnbarem Jersey<\/p>\n","protected":false},"featured_media":1622,"template":"","meta":{"_acf_changed":false},"product_brand":[1053],"product_cat":[18],"product_tag":[474,475,476,477,478,479],"class_list":{"0":"post-2652","1":"product","2":"type-product","3":"status-publish","4":"has-post-thumbnail","6":"product_brand-stoffwild","7":"product_cat-uncategorised","8":"product_tag-baby-muetze","9":"product_tag-homecoming-outfit","10":"product_tag-knotenhaube","11":"product_tag-knotenmuetze","12":"product_tag-newborn-muetze","13":"product_tag-zwergenmuetze","14":"product_shipping_class-standardversand","16":"first","17":"instock","18":"taxable","19":"shipping-taxable","20":"purchasable","21":"product-type-simple"},"acf":[],"_links":{"self":[{"href":"https:\/\/www.regionalis.shop\/stoffwild-handgemachte-mode\/wp-json\/wp\/v2\/product\/2652","targetHints":{"allow":["GET"]}}],"collection":[{"href":"https:\/\/www.regionalis.shop\/stoffwild-handgemachte-mode\/wp-json\/wp\/v2\/product"}],"about":[{"href":"https:\/\/www.regionalis.shop\/stoffwild-handgemachte-mode\/wp-json\/wp\/v2\/types\/product"}],"wp:featuredmedia":[{"embeddable":true,"href":"https:\/\/www.regionalis.shop\/stoffwild-handgemachte-mode\/wp-json\/wp\/v2\/media\/1622"}],"wp:attachment":[{"href":"https:\/\/www.regionalis.shop\/stoffwild-handgemachte-mode\/wp-json\/wp\/v2\/media?parent=2652"}],"wp:term":[{"taxonomy":"product_brand","embeddable":true,"href":"https:\/\/www.regionalis.shop\/stoffwild-handgemachte-mode\/wp-json\/wp\/v2\/product_brand?post=2652"},{"taxonomy":"product_cat","embeddable":true,"href":"https:\/\/www.regionalis.shop\/stoffwild-handgemachte-mode\/wp-json\/wp\/v2\/product_cat?post=2652"},{"taxonomy":"product_tag","embeddable":true,"href":"https:\/\/www.regionalis.shop\/stoffwild-handgemachte-mode\/wp-json\/wp\/v2\/product_tag?post=2652"}],"curies":[{"name":"wp","href":"https:\/\/api.w.org\/{rel}","templated":true}]}}