{"id":2657,"date":"2025-12-02T18:24:26","date_gmt":"2025-12-02T17:24:26","guid":{"rendered":"https:\/\/www.regionalis.shop\/stoffwild-handgemachte-mode\/?post_type=product&#038;p=2657"},"modified":"2025-12-02T18:45:57","modified_gmt":"2025-12-02T17:45:57","slug":"leggings-australia-gr-98","status":"publish","type":"product","link":"https:\/\/www.regionalis.shop\/stoffwild-handgemachte-mode\/shop\/leggings-australia-gr-98\/","title":{"rendered":"Leggings &#8222;Australia&#8220; Gr. 98"},"content":{"rendered":"<p>Wundersch\u00f6ne &amp; bequeme Leggings aus weichem Bio-Jersey mit tollem Australien-Print \/ Australien-Thema! Das &#8222;Australien-Muster&#8220; wei\u00dft Fauna und Flora von Australien auf: K\u00e4nguru, Koala, Flughund, Emu, Eukalyptusbaum &amp; Eukalyptusbl\u00fcten \ud83d\ude0d<\/p>\n<p>Kann an milden Sommertagen als Sonnenschutz angezogen werden. So bleiben die Kinderbeinchen vor der Sonne gesch\u00fctzt \ud83d\udc4d Im Herbst super um die Beinchen vor k\u00fchler Luft zu sch\u00fctzen und trotzdem ohne Einschr\u00e4nkungen herum zu toben \ud83d\ude0a<\/p>\n<p>Das Bauchgummi sorgt f\u00fcr guten Sitz und engt nicht ein.<\/p>\n<p>Leggings: Gr. 98 ca 2-3 Jahre<\/p>\n<p>Gen\u00e4ht nach dem Schnittmuster &#8222;Leggings Luna&#8220; von K-N\u00e4hleon<\/p>\n","protected":false},"excerpt":{"rendered":"<p>Kleinkind-Leggings mit Australien-Muster<\/p>\n","protected":false},"featured_media":1655,"template":"","meta":{"_acf_changed":false},"product_brand":[1053],"product_cat":[38,49,18],"product_tag":[484,485,450],"class_list":{"0":"post-2657","1":"product","2":"type-product","3":"status-publish","4":"has-post-thumbnail","6":"product_brand-stoffwild","7":"product_cat-baby-kinder","8":"product_cat-kinderkleidung","9":"product_cat-uncategorised","10":"product_tag-australien","11":"product_tag-kleinkind-leggings","12":"product_tag-leggings","13":"product_shipping_class-standardversand","15":"first","16":"instock","17":"taxable","18":"shipping-taxable","19":"purchasable","20":"product-type-simple"},"acf":[],"_links":{"self":[{"href":"https:\/\/www.regionalis.shop\/stoffwild-handgemachte-mode\/wp-json\/wp\/v2\/product\/2657","targetHints":{"allow":["GET"]}}],"collection":[{"href":"https:\/\/www.regionalis.shop\/stoffwild-handgemachte-mode\/wp-json\/wp\/v2\/product"}],"about":[{"href":"https:\/\/www.regionalis.shop\/stoffwild-handgemachte-mode\/wp-json\/wp\/v2\/types\/product"}],"wp:featuredmedia":[{"embeddable":true,"href":"https:\/\/www.regionalis.shop\/stoffwild-handgemachte-mode\/wp-json\/wp\/v2\/media\/1655"}],"wp:attachment":[{"href":"https:\/\/www.regionalis.shop\/stoffwild-handgemachte-mode\/wp-json\/wp\/v2\/media?parent=2657"}],"wp:term":[{"taxonomy":"product_brand","embeddable":true,"href":"https:\/\/www.regionalis.shop\/stoffwild-handgemachte-mode\/wp-json\/wp\/v2\/product_brand?post=2657"},{"taxonomy":"product_cat","embeddable":true,"href":"https:\/\/www.regionalis.shop\/stoffwild-handgemachte-mode\/wp-json\/wp\/v2\/product_cat?post=2657"},{"taxonomy":"product_tag","embeddable":true,"href":"https:\/\/www.regionalis.shop\/stoffwild-handgemachte-mode\/wp-json\/wp\/v2\/product_tag?post=2657"}],"curies":[{"name":"wp","href":"https:\/\/api.w.org\/{rel}","templated":true}]}}