{"id":2658,"date":"2025-12-02T18:24:26","date_gmt":"2025-12-02T17:24:26","guid":{"rendered":"https:\/\/www.regionalis.shop\/stoffwild-handgemachte-mode\/?post_type=product&#038;p=2658"},"modified":"2025-12-02T18:24:39","modified_gmt":"2025-12-02T17:24:39","slug":"luftballonhuelle-der-ball-zum-mitnehmen-limette-weiss","status":"publish","type":"product","link":"https:\/\/www.regionalis.shop\/stoffwild-handgemachte-mode\/shop\/luftballonhuelle-der-ball-zum-mitnehmen-limette-weiss\/","title":{"rendered":"Luftballonh\u00fclle &#8211; der Ball zum Mitnehmen, Limette-Wei\u00df"},"content":{"rendered":"<div class=\"flex flex-grow flex-col max-w-full\">\n<div class=\"min-h-[20px] text-message flex flex-col items-start gap-3 whitespace-pre-wrap break-words [.text-message+&amp;]:mt-5 overflow-x-auto\" dir=\"auto\" data-message-author-role=\"assistant\" data-message-id=\"1ceba27c-7ea5-41ab-9747-b1441f47381e\">\n<div class=\"markdown prose w-full break-words dark:prose-invert light\">\n<p><strong>Luftballon-Spa\u00df f\u00fcr Unterwegs \u2013 Die perfekte Spielidee!<\/strong><\/p>\n<p>Achtung, Eltern und Spielbegeisterte! Die Welt des Entdeckens wartet auf eure Kleinen mit unserer Luftballon-H\u00fclle aus Stoff. Wie von Zauberhand verwandelt die Luftballonh\u00fclle einen normalen Ballon in einen leichten, jedoch toll bespielbaren Ball!<\/p>\n<p>Dieser innovative Luftballon-Ball ist das ideale Spielzeug f\u00fcr drinnen und drau\u00dfen und bietet unendlichen Spielspa\u00df f\u00fcr Babys und Kinder. Schon Babys k\u00f6nnen mit diesem Ball gefahrlos spielen.<\/p>\n<p>Er ist sicher, einfach aufzublasen und superleicht zu transportieren. Nach dem Spiel l\u00e4sst er sich platzsparend verstauen und ist damit der perfekte Begleiter f\u00fcr jede Gelegenheit. Die Luftballonh\u00fclle ist beim Spielen mal schmutzig geworden? EGAL! &#8211;&gt; ab damit zur W\u00e4sche!<\/p>\n<p>Wir lieben ihn auch als Wasserball im Sommer f\u00fcrs Freibad oder den Pool &#8211; der Wind tr\u00e4gt den nassen Ball nicht so leicht davon und er l\u00e4sst sich trotzdem noch super bespielen!<\/p>\n<p>Sichert euch jetzt diese fantastische Luftballon-H\u00fclle und macht euch bereit f\u00fcr strahlende Kinderaugen und fr\u00f6hliches Kinderlachen! Ideal f\u00fcr gemeinsame Familienmomente und eine spielerische Entwicklung. Jetzt auf StoffWild.at entdecken und f\u00fcr endlose Freude sorgen!<\/p>\n<\/div>\n<\/div>\n<\/div>\n<p><u>~~~ Wie funktioniert\u2019s? ~~~<\/u><\/p>\n<div>Der Ballon wird durch die \u00d6ffnung in die H\u00fclle gesteckt und aufgeblasen. Wenn die H\u00fclle sch\u00f6n prall ist, wird das Luftballonende <b>NICHT<\/b> verknotet sondern nur ein paar Mal verdreht und dann zwischen Ballon und H\u00fclle zur\u00fcck gesteckt. So ist er sch\u00f6n dicht, die Luft bleibt drinnen und nach dem Spielen kann die Luft einfach ausgelassen werden und der Ballon bleibt f\u00fcrs n\u00e4chste Mal intakt \ud83d\ude00<\/div>\n<p><u>Bereits von uns erfolgreich getestete Spielideen:<\/u><\/p>\n<p>&#8211; nicht ganz prall aufblasen, somit k\u00f6nnen Babys den Ball auch greifen!<\/p>\n<p>&#8211; Wasserball<\/p>\n<p>&#8211; kleines Gl\u00f6ckchen [z.B. vom goldenen Osterhasen mit dem roten Band] vor dem Aufblasen in den Ballon stecken &#8211; ist nicht nur f\u00fcr Babys interessant und lustig \ud83d\ude09<\/p>\n<p>Und zum Schluss: bitte lasst Eure unter-3-j\u00e4hrigen-Kinder nicht unbeaufsichtigt damit spielen, da trotz der H\u00fclle beim Zerplatzen oder der Gl\u00f6ckchen-Variante verschluckbare Kleinteile entstehen k\u00f6nnen!<\/p>\n","protected":false},"excerpt":{"rendered":"<p>Luftballonh\u00fclle \u2013 Stoffh\u00fclle f\u00fcr Luftballon<\/p>\n","protected":false},"featured_media":1664,"template":"","meta":{"_acf_changed":false},"product_brand":[1053],"product_cat":[18],"product_tag":[486,487,488,489],"class_list":{"0":"post-2658","1":"product","2":"type-product","3":"status-publish","4":"has-post-thumbnail","6":"product_brand-stoffwild","7":"product_cat-uncategorised","8":"product_tag-balloncover","9":"product_tag-ballonhuelle","10":"product_tag-luftballon","11":"product_tag-luftballonball","12":"product_shipping_class-standardversand","14":"first","15":"instock","16":"sale","17":"taxable","18":"shipping-taxable","19":"purchasable","20":"product-type-simple"},"acf":[],"_links":{"self":[{"href":"https:\/\/www.regionalis.shop\/stoffwild-handgemachte-mode\/wp-json\/wp\/v2\/product\/2658","targetHints":{"allow":["GET"]}}],"collection":[{"href":"https:\/\/www.regionalis.shop\/stoffwild-handgemachte-mode\/wp-json\/wp\/v2\/product"}],"about":[{"href":"https:\/\/www.regionalis.shop\/stoffwild-handgemachte-mode\/wp-json\/wp\/v2\/types\/product"}],"wp:featuredmedia":[{"embeddable":true,"href":"https:\/\/www.regionalis.shop\/stoffwild-handgemachte-mode\/wp-json\/wp\/v2\/media\/1664"}],"wp:attachment":[{"href":"https:\/\/www.regionalis.shop\/stoffwild-handgemachte-mode\/wp-json\/wp\/v2\/media?parent=2658"}],"wp:term":[{"taxonomy":"product_brand","embeddable":true,"href":"https:\/\/www.regionalis.shop\/stoffwild-handgemachte-mode\/wp-json\/wp\/v2\/product_brand?post=2658"},{"taxonomy":"product_cat","embeddable":true,"href":"https:\/\/www.regionalis.shop\/stoffwild-handgemachte-mode\/wp-json\/wp\/v2\/product_cat?post=2658"},{"taxonomy":"product_tag","embeddable":true,"href":"https:\/\/www.regionalis.shop\/stoffwild-handgemachte-mode\/wp-json\/wp\/v2\/product_tag?post=2658"}],"curies":[{"name":"wp","href":"https:\/\/api.w.org\/{rel}","templated":true}]}}