{"id":2663,"date":"2025-12-02T18:24:27","date_gmt":"2025-12-02T17:24:27","guid":{"rendered":"https:\/\/www.regionalis.shop\/stoffwild-handgemachte-mode\/?post_type=product&#038;p=2663"},"modified":"2025-12-03T21:26:21","modified_gmt":"2025-12-03T20:26:21","slug":"mutter-kind-pass-huelle-wimpel-rosa","status":"publish","type":"product","link":"https:\/\/www.regionalis.shop\/stoffwild-handgemachte-mode\/shop\/mutter-kind-pass-huelle-wimpel-rosa\/","title":{"rendered":"Mutter-Kind-Pass &#8211; H\u00fclle &#8211; Wimpel, rosa"},"content":{"rendered":"<div class=\"flex max-w-full flex-col flex-grow\">\n<div class=\"min-h-8 text-message flex w-full flex-col items-end gap-2 whitespace-normal break-words text-start [.text-message+&amp;]:mt-5\" dir=\"auto\" data-message-author-role=\"assistant\" data-message-id=\"6c79d7d1-ba27-42b0-a394-03285c9d1933\" data-message-model-slug=\"o3-mini\">\n<div class=\"flex w-full flex-col gap-1 empty:hidden first:pt-[3px]\">\n<div class=\"markdown prose w-full break-words dark:prose-invert light\">\n<p data-start=\"0\" data-end=\"88\"><strong data-start=\"0\" data-end=\"88\">Mutter-Kind-Pass-H\u00fclle f\u00fcr \u00d6sterreich \u2013 Handgemacht, nachhaltig &amp; einfach bezaubernd<\/strong><\/p>\n<p data-start=\"90\" data-end=\"592\">Wenn du deinen Mutter-Kind-Pass nicht nur sch\u00fctzen, sondern zugleich ein Zeichen f\u00fcr Individualit\u00e4t und Nachhaltigkeit setzen m\u00f6chtest, ist diese liebevoll handgefertigte H\u00fclle genau das Richtige f\u00fcr dich. Dank hochwertiger Baumwolle und Waffelstoff und dem fr\u00f6hlichen, farbenfrohen Wimpel-Design in Rosa wird jeder Arztbesuch zum kleinen Stil-Highlight. So kombinierst du Funktionalit\u00e4t und Qualit\u00e4t mit einem guten Gewissen \u2013 und hebst dich wohltuend von der Massenware ab.<\/p>\n<hr data-start=\"594\" data-end=\"597\">\n<h3 data-start=\"599\" data-end=\"655\">Warum Du diese Mutter-Kind-Pass-H\u00fclle lieben wirst<\/h3>\n<ul data-start=\"656\" data-end=\"1326\">\n<li data-start=\"656\" data-end=\"775\"><strong data-start=\"658\" data-end=\"684\">Handgemachte Qualit\u00e4t:<\/strong> Jede H\u00fclle entsteht in sorgf\u00e4ltiger Handarbeit und \u00fcberzeugt durch pr\u00e4zise Verarbeitung.<\/li>\n<li data-start=\"776\" data-end=\"928\"><strong data-start=\"778\" data-end=\"806\">Nachhaltige Materialien:<\/strong> Ich verwende bevorzugt hautsympathische Stoffe wie Baumwolle, damit du lange Freude an deinem Unikat haben wirst.<\/li>\n<li data-start=\"929\" data-end=\"1080\"><strong data-start=\"931\" data-end=\"956\">Kindgerechtes Design:<\/strong> Das fr\u00f6hliche Muster in Rosa mit kleinen Wimpeln und Herzen zieht Blicke auf sich und sorgt immer wieder f\u00fcr Komplimente.<\/li>\n<li data-start=\"1081\" data-end=\"1197\"><strong data-start=\"1083\" data-end=\"1104\">Perfekter Schutz:<\/strong> Dein Mutter-Kind-Pass bleibt vor Knicken und Schmutz bewahrt und ist jederzeit griffbereit.<\/li>\n<li data-start=\"1198\" data-end=\"1326\"><strong data-start=\"1200\" data-end=\"1225\">Einzigartiges Unikat:<\/strong> Kein St\u00fcck gleicht dem anderen \u2013 genau das macht meine H\u00fcllen zu einem ganz pers\u00f6nlichen Begleiter.<\/li>\n<\/ul>\n<hr data-start=\"1328\" data-end=\"1331\">\n<h3 data-start=\"1333\" data-end=\"1371\">Eine kleine Geschichte zum Tr\u00e4umen<\/h3>\n<p data-start=\"1372\" data-end=\"1873\">Stell dir vor, wie du im Wartezimmer sitzt und dein Mutter-Kind-Pass f\u00fcr Aufsehen sorgt. Nicht, weil du nach ihm kramen musst, sondern weil er stilvoll verpackt ist: In einer zauberhaften H\u00fclle, die deine Werte und deinen Geschmack widerspiegelt. Du hast dich bewusst f\u00fcr eine nachhaltige und handgefertigte Alternative entschieden \u2013 und genau das macht den Unterschied. Jeder Arztbesuch wird so zu einer Erinnerung an deine Liebe zum Detail und deine Wertsch\u00e4tzung f\u00fcr hochwertige Produkte.<\/p>\n<hr data-start=\"1875\" data-end=\"1878\">\n<h3 data-start=\"1880\" data-end=\"1907\">Wichtige Produktdetails<\/h3>\n<ul data-start=\"1908\" data-end=\"2328\">\n<li data-start=\"1908\" data-end=\"1984\"><strong data-start=\"1910\" data-end=\"1923\">Passform:<\/strong> Ma\u00dfgeschneidert f\u00fcr den \u00f6sterreichischen Mutter-Kind-Pass.<\/li>\n<li data-start=\"1985\" data-end=\"2077\"><strong data-start=\"1987\" data-end=\"2015\">Materialzusammensetzung:<\/strong> Baumwolle und Baumwoll-Waffelstoff (langlebig, pflegeleicht).<\/li>\n<li data-start=\"2078\" data-end=\"2150\"><strong data-start=\"2080\" data-end=\"2099\">Design &amp; Farbe:<\/strong> Zartes Rosa mit bunten Wimpeln und Herz-Details.<\/li>\n<li data-start=\"2151\" data-end=\"2264\"><strong data-start=\"2153\" data-end=\"2164\">Pflege:<\/strong> Bei Bedarf sanft per Handw\u00e4sche oder im Schonwaschgang reinigen, um die Farbbrillanz zu erhalten.<\/li>\n<li data-start=\"2265\" data-end=\"2328\"><strong data-start=\"2267\" data-end=\"2283\">Herstellung:<\/strong> Regional handgefertigt mit Liebe zum Detail.<\/li>\n<\/ul>\n<hr data-start=\"2330\" data-end=\"2333\">\n<p data-start=\"2636\" data-end=\"2931\" data-is-last-node=\"\" data-is-only-node=\"\">Mit dieser Mutter-Kind-Pass-H\u00fclle triffst du eine stilvolle und bewusste Wahl f\u00fcr den Alltag mit deinem Baby \u2013 ein einzigartiges Accessoire, das zeigt, wie sich Nachhaltigkeit und Design wunderbar erg\u00e4nzen k\u00f6nnen. <strong data-start=\"2850\" data-end=\"2869\">Jetzt bestellen<\/strong> und sich auf ein kleines St\u00fcck Exklusivit\u00e4t im Alltag freuen!<\/p>\n<\/div>\n<\/div>\n<\/div>\n<\/div>\n","protected":false},"excerpt":{"rendered":"<p>Mutter-Kind-Pass-H\u00fclle mit Wimpel<\/p>\n","protected":false},"featured_media":1688,"template":"","meta":{"_acf_changed":false},"product_brand":[1053],"product_cat":[38,164,168,96,95,18],"product_tag":[491,492,493,494,495,496,497,498,394],"class_list":{"0":"post-2663","1":"product","2":"type-product","3":"status-publish","4":"has-post-thumbnail","6":"product_brand-stoffwild","7":"product_cat-baby-kinder","8":"product_cat-reisepasshuellen-taschen","9":"product_cat-sonstiges-taschen","10":"product_cat-taschen-baby-kinder","11":"product_cat-taschen","12":"product_cat-uncategorised","13":"product_tag-huelle","14":"product_tag-mkp-huelle","15":"product_tag-mukipass","16":"product_tag-mutter-kind-pass","17":"product_tag-mutter-kind-pass-huelle","18":"product_tag-mutter-kind-pass-huelle-gratis","19":"product_tag-mutterpass","20":"product_tag-mutterpass-huelle","21":"product_tag-waldtiere","22":"product_shipping_class-standardversand","24":"first","25":"instock","26":"sale","27":"taxable","28":"shipping-taxable","29":"purchasable","30":"product-type-simple"},"acf":[],"_links":{"self":[{"href":"https:\/\/www.regionalis.shop\/stoffwild-handgemachte-mode\/wp-json\/wp\/v2\/product\/2663","targetHints":{"allow":["GET"]}}],"collection":[{"href":"https:\/\/www.regionalis.shop\/stoffwild-handgemachte-mode\/wp-json\/wp\/v2\/product"}],"about":[{"href":"https:\/\/www.regionalis.shop\/stoffwild-handgemachte-mode\/wp-json\/wp\/v2\/types\/product"}],"wp:featuredmedia":[{"embeddable":true,"href":"https:\/\/www.regionalis.shop\/stoffwild-handgemachte-mode\/wp-json\/wp\/v2\/media\/1688"}],"wp:attachment":[{"href":"https:\/\/www.regionalis.shop\/stoffwild-handgemachte-mode\/wp-json\/wp\/v2\/media?parent=2663"}],"wp:term":[{"taxonomy":"product_brand","embeddable":true,"href":"https:\/\/www.regionalis.shop\/stoffwild-handgemachte-mode\/wp-json\/wp\/v2\/product_brand?post=2663"},{"taxonomy":"product_cat","embeddable":true,"href":"https:\/\/www.regionalis.shop\/stoffwild-handgemachte-mode\/wp-json\/wp\/v2\/product_cat?post=2663"},{"taxonomy":"product_tag","embeddable":true,"href":"https:\/\/www.regionalis.shop\/stoffwild-handgemachte-mode\/wp-json\/wp\/v2\/product_tag?post=2663"}],"curies":[{"name":"wp","href":"https:\/\/api.w.org\/{rel}","templated":true}]}}