{"id":2665,"date":"2025-12-02T18:24:28","date_gmt":"2025-12-02T17:24:28","guid":{"rendered":"https:\/\/www.regionalis.shop\/stoffwild-handgemachte-mode\/?post_type=product&#038;p=2665"},"modified":"2025-12-02T18:45:44","modified_gmt":"2025-12-02T17:45:44","slug":"pullover-hugo-gr-74-80","status":"publish","type":"product","link":"https:\/\/www.regionalis.shop\/stoffwild-handgemachte-mode\/shop\/pullover-hugo-gr-74-80\/","title":{"rendered":"Pullover Hugo, Gr. 74\/80"},"content":{"rendered":"<p>S\u00fcsser Baby-Pulli in Gr. 74 bis 80 aus weichem Sommersweat \ud83d\ude0d<\/p>\n<p>Der Pullover wurde mit einer Unterteilung am Vorderteil und an der \u00c4rmeln versehen. Die kleinen s\u00fcssen Gl\u00fchw\u00fcrmchen wurden mit einem unifarbenen blauen Sommersweat kombiniert!<\/p>\n<p>Die \u00c4rmel und der Hals wurden mit senfgelbem B\u00fcndchen eingefasst &#8211; ideal zum leichten An- und Ausziehen ohne Tr\u00e4nen!<\/p>\n<p>Gen\u00e4ht nach dem Schnittmuster &#8222;baby diamond pants\/shirt\/cardigan\/romper \u201c von Engelinchen Design<\/p>\n","protected":false},"excerpt":{"rendered":"<p>S\u00fcsser Baby-Pulli in Gr. 74 bis 80 aus weichem Sommersweat<\/p>\n","protected":false},"featured_media":1575,"template":"","meta":{"_acf_changed":false},"product_brand":[1053],"product_cat":[38,49,18],"product_tag":[500,501,408,502,503,504,413],"class_list":{"0":"post-2665","1":"product","2":"type-product","3":"status-publish","4":"has-post-thumbnail","6":"product_brand-stoffwild","7":"product_cat-baby-kinder","8":"product_cat-kinderkleidung","9":"product_cat-uncategorised","10":"product_tag-baby-pullover","11":"product_tag-baby-pulli","12":"product_tag-einzelstueck","13":"product_tag-fliege","14":"product_tag-gluehwuermchen","15":"product_tag-hugo","16":"product_tag-unikat","17":"product_shipping_class-standardversand","19":"first","20":"instock","21":"featured","22":"taxable","23":"shipping-taxable","24":"purchasable","25":"product-type-simple"},"acf":[],"_links":{"self":[{"href":"https:\/\/www.regionalis.shop\/stoffwild-handgemachte-mode\/wp-json\/wp\/v2\/product\/2665","targetHints":{"allow":["GET"]}}],"collection":[{"href":"https:\/\/www.regionalis.shop\/stoffwild-handgemachte-mode\/wp-json\/wp\/v2\/product"}],"about":[{"href":"https:\/\/www.regionalis.shop\/stoffwild-handgemachte-mode\/wp-json\/wp\/v2\/types\/product"}],"wp:featuredmedia":[{"embeddable":true,"href":"https:\/\/www.regionalis.shop\/stoffwild-handgemachte-mode\/wp-json\/wp\/v2\/media\/1575"}],"wp:attachment":[{"href":"https:\/\/www.regionalis.shop\/stoffwild-handgemachte-mode\/wp-json\/wp\/v2\/media?parent=2665"}],"wp:term":[{"taxonomy":"product_brand","embeddable":true,"href":"https:\/\/www.regionalis.shop\/stoffwild-handgemachte-mode\/wp-json\/wp\/v2\/product_brand?post=2665"},{"taxonomy":"product_cat","embeddable":true,"href":"https:\/\/www.regionalis.shop\/stoffwild-handgemachte-mode\/wp-json\/wp\/v2\/product_cat?post=2665"},{"taxonomy":"product_tag","embeddable":true,"href":"https:\/\/www.regionalis.shop\/stoffwild-handgemachte-mode\/wp-json\/wp\/v2\/product_tag?post=2665"}],"curies":[{"name":"wp","href":"https:\/\/api.w.org\/{rel}","templated":true}]}}