{"id":2676,"date":"2025-12-02T18:24:31","date_gmt":"2025-12-02T17:24:31","guid":{"rendered":"https:\/\/www.regionalis.shop\/stoffwild-handgemachte-mode\/?post_type=product&#038;p=2676"},"modified":"2025-12-02T18:45:05","modified_gmt":"2025-12-02T17:45:05","slug":"sommershirt-shake-me-happy-gr-104","status":"publish","type":"product","link":"https:\/\/www.regionalis.shop\/stoffwild-handgemachte-mode\/shop\/sommershirt-shake-me-happy-gr-104\/","title":{"rendered":"Sommershirt &#8222;Shake Me Happy&#8220; Gr. 104"},"content":{"rendered":"<p>Nascherei zum Anziehen! Dieses hinrei\u00dfende T-Shirt in Gr\u00f6\u00dfe 104 ist perfekt f\u00fcr Ihr Schleckerm\u00e4ulchen, verziert mit charmanten, lachenden Milchshakes und s\u00fc\u00dfen Keksen, die zum Spielen und Naschen einladen.<\/p>\n<p>Aus weichem Bio-Baumwolljersey gefertigt, garantiert dieses Kleidungsst\u00fcck Komfort und Stil. Mit einem solch einzigartigen und lustigen Print wird Ihr Kind \u00fcberall strahlen und die Blicke auf sich ziehen.<\/p>\n<p>Stellen Sie sich das strahlende L\u00e4cheln Ihres Kindes vor, wenn es dieses Shirt tr\u00e4gt. Es wird nicht nur im Mittelpunkt der Spielplatz-Mode stehen, sondern auch bei jeder Gelegenheit Komplimente ernten.<\/p>\n<p>Warten Sie nicht l\u00e4nger und bescheren Sie Ihrem kleinen Schatz dieses unwiderstehlich s\u00fc\u00dfe T-Shirt. Es ist die perfekte Wahl f\u00fcr den t\u00e4glichen Spa\u00df und um den Kleiderschrank aufzupeppen. Jetzt bestellen und das Kinderherz mit Freude erf\u00fcllen!<\/p>\n<p><em>Gen\u00e4ht nach dem Schnittmuster von Engelinchen Design &#8222;Sommershirt Pablo&#8220;<\/em><\/p>\n","protected":false},"excerpt":{"rendered":"<p>Bequemes Shirt aus Bio-Jersey<\/p>\n","protected":false},"featured_media":1760,"template":"","meta":{"_acf_changed":false},"product_brand":[1053],"product_cat":[38,49,18],"product_tag":[541,460,465,542,543,544,466],"class_list":{"0":"post-2676","1":"product","2":"type-product","3":"status-publish","4":"has-post-thumbnail","6":"product_brand-stoffwild","7":"product_cat-baby-kinder","8":"product_cat-kinderkleidung","9":"product_cat-uncategorised","10":"product_tag-drink","11":"product_tag-kindershirt","12":"product_tag-kurzarm","13":"product_tag-lustiges-shirt","14":"product_tag-shake","15":"product_tag-sommer","16":"product_tag-t-shirt","17":"product_shipping_class-standardversand","19":"first","20":"instock","21":"taxable","22":"shipping-taxable","23":"purchasable","24":"product-type-simple"},"acf":[],"_links":{"self":[{"href":"https:\/\/www.regionalis.shop\/stoffwild-handgemachte-mode\/wp-json\/wp\/v2\/product\/2676","targetHints":{"allow":["GET"]}}],"collection":[{"href":"https:\/\/www.regionalis.shop\/stoffwild-handgemachte-mode\/wp-json\/wp\/v2\/product"}],"about":[{"href":"https:\/\/www.regionalis.shop\/stoffwild-handgemachte-mode\/wp-json\/wp\/v2\/types\/product"}],"wp:featuredmedia":[{"embeddable":true,"href":"https:\/\/www.regionalis.shop\/stoffwild-handgemachte-mode\/wp-json\/wp\/v2\/media\/1760"}],"wp:attachment":[{"href":"https:\/\/www.regionalis.shop\/stoffwild-handgemachte-mode\/wp-json\/wp\/v2\/media?parent=2676"}],"wp:term":[{"taxonomy":"product_brand","embeddable":true,"href":"https:\/\/www.regionalis.shop\/stoffwild-handgemachte-mode\/wp-json\/wp\/v2\/product_brand?post=2676"},{"taxonomy":"product_cat","embeddable":true,"href":"https:\/\/www.regionalis.shop\/stoffwild-handgemachte-mode\/wp-json\/wp\/v2\/product_cat?post=2676"},{"taxonomy":"product_tag","embeddable":true,"href":"https:\/\/www.regionalis.shop\/stoffwild-handgemachte-mode\/wp-json\/wp\/v2\/product_tag?post=2676"}],"curies":[{"name":"wp","href":"https:\/\/api.w.org\/{rel}","templated":true}]}}