{"id":2684,"date":"2025-12-02T18:24:53","date_gmt":"2025-12-02T17:24:53","guid":{"rendered":"https:\/\/www.regionalis.shop\/stoffwild-handgemachte-mode\/?post_type=product&#038;p=2684"},"modified":"2025-12-02T18:25:07","modified_gmt":"2025-12-02T17:25:07","slug":"wendehaube-kuerbis-s","status":"publish","type":"product","link":"https:\/\/www.regionalis.shop\/stoffwild-handgemachte-mode\/shop\/wendehaube-kuerbis-s\/","title":{"rendered":"WendeHaube &#8222;K\u00fcrbis&#8220; S"},"content":{"rendered":"<p>Tolle Wendebeanie aus weichem Kuschel-Sweat mit herbstlichem Muster-Mix.<\/p>\n<p>Die Winterhaube kann beidseitig getragen werden: eine Seite hat einen Allover-Print mit tollen Herbst-Motiven: K\u00fcrbisse in orange, grau und gelb, Bl\u00e4tter, Bl\u00fcten und Ahornbl\u00e4tter.<\/p>\n<p>Die andere Seite ist aus Jersey in leuchtendem orange \ud83d\udc9b<\/p>\n<p>Die Beanie ist doppellagig und sch\u00fctzt dadurch besonders gut bei windigem Wetter und bei K\u00e4lte im Winter.<\/p>\n<p>Gr\u00f6\u00dfe \/ Kopfumfang:<\/p>\n<p>S: ca. 46-50cm<\/p>\n","protected":false},"excerpt":{"rendered":"<p>Beanie zum Wenden aus weichem Jersey<\/p>\n","protected":false},"featured_media":1804,"template":"","meta":{"_acf_changed":false},"product_brand":[1053],"product_cat":[18],"product_tag":[191,192,195,196,197,348,349,350,351,352,353,354,355],"class_list":{"0":"post-2684","1":"product","2":"type-product","3":"status-publish","4":"has-post-thumbnail","6":"product_brand-stoffwild","7":"product_cat-uncategorised","8":"product_tag-baby-beanie","9":"product_tag-beanie","10":"product_tag-haube","11":"product_tag-laessige-beanie","12":"product_tag-muetze","13":"product_tag-warme-beanie","14":"product_tag-warme-haube","15":"product_tag-wendebeanie","16":"product_tag-wendehaube","17":"product_tag-wendemuetze","18":"product_tag-winterbeanie","19":"product_tag-winterhaube","20":"product_tag-wintermuetze","21":"product_shipping_class-standardversand","23":"first","24":"instock","25":"featured","26":"taxable","27":"shipping-taxable","28":"purchasable","29":"product-type-simple"},"acf":[],"_links":{"self":[{"href":"https:\/\/www.regionalis.shop\/stoffwild-handgemachte-mode\/wp-json\/wp\/v2\/product\/2684","targetHints":{"allow":["GET"]}}],"collection":[{"href":"https:\/\/www.regionalis.shop\/stoffwild-handgemachte-mode\/wp-json\/wp\/v2\/product"}],"about":[{"href":"https:\/\/www.regionalis.shop\/stoffwild-handgemachte-mode\/wp-json\/wp\/v2\/types\/product"}],"wp:featuredmedia":[{"embeddable":true,"href":"https:\/\/www.regionalis.shop\/stoffwild-handgemachte-mode\/wp-json\/wp\/v2\/media\/1804"}],"wp:attachment":[{"href":"https:\/\/www.regionalis.shop\/stoffwild-handgemachte-mode\/wp-json\/wp\/v2\/media?parent=2684"}],"wp:term":[{"taxonomy":"product_brand","embeddable":true,"href":"https:\/\/www.regionalis.shop\/stoffwild-handgemachte-mode\/wp-json\/wp\/v2\/product_brand?post=2684"},{"taxonomy":"product_cat","embeddable":true,"href":"https:\/\/www.regionalis.shop\/stoffwild-handgemachte-mode\/wp-json\/wp\/v2\/product_cat?post=2684"},{"taxonomy":"product_tag","embeddable":true,"href":"https:\/\/www.regionalis.shop\/stoffwild-handgemachte-mode\/wp-json\/wp\/v2\/product_tag?post=2684"}],"curies":[{"name":"wp","href":"https:\/\/api.w.org\/{rel}","templated":true}]}}