{"id":2802,"date":"2025-12-02T18:26:04","date_gmt":"2025-12-02T17:26:04","guid":{"rendered":"https:\/\/www.regionalis.shop\/stoffwild-handgemachte-mode\/?post_type=product&#038;p=2802"},"modified":"2025-12-02T18:44:55","modified_gmt":"2025-12-02T17:44:55","slug":"individuelle-tunika-moonie-girl","status":"publish","type":"product","link":"https:\/\/www.regionalis.shop\/stoffwild-handgemachte-mode\/shop\/individuelle-tunika-moonie-girl\/","title":{"rendered":"individuelle Tunika &#8222;Moonie Girl&#8220;"},"content":{"rendered":"<h2><strong>Deine individuelle Tunika \u201aMoonie Girl\u2018 \u2013 bequem, stylisch &amp; ganz nach deinen W\u00fcnschen!<\/strong>&nbsp;\ud83c\udf19\u2728<\/h2>\n<p class=\"whitespace-break-spaces\">Suchst du eine <strong>einzigartige Tunika<\/strong>, die deinem M\u00e4dchen <span class=\"followup-block cursor-pointer outline-none static -mx-0.5 inline px-0.5 group-hover\/message:[--hover-opacity:1]\" data-question=\"Welche Design-Elemente sorgen f\u00fcr besonders viel Bewegungsfreiheit?\" aria-expanded=\"false\" aria-controls=\"radix-\u00abr1dj\u00bb\" data-state=\"closed\"><strong>Bewegungsfreiheit<\/strong><\/span> und <strong>individuellen Stil<\/strong> schenkt? Die <strong>\u201eMoonie Girl\u201c-Tunika<\/strong> ist der perfekte Begleiter f\u00fcr Spielplatz, Schule oder besondere Anl\u00e4sse! <strong>Handgefertigt nach Ma\u00df<\/strong>, mit liebevollen Details und in deiner Wunschfarbe&nbsp;\ud83c\udf1f so wird jedes Outfit zum Unikat.<\/p>\n<p class=\"whitespace-break-spaces\"><strong>\ud83d\udc96 Warum diese Tunika besonders ist:<\/strong><\/p>\n<p>\u2714 <strong>Individuell anpassbar<\/strong>: W\u00e4hle <strong>Stoff, Farbe, L\u00e4nge<\/strong> und Extras wie Applikationen oder B\u00fcgelbilder.<\/p>\n<p>\u2714 <strong>Bequemer Schnitt<\/strong>: f\u00fcr maximale Bewegungsfreiheit, aber trotzdem femininen Look.<\/p>\n<p>\u2714 <strong>Hochwertige Materialien<\/strong>: atmungsaktiv, pflegeleicht und langlebig.<\/p>\n<p>\u2714 <span class=\"followup-block cursor-pointer outline-none static -mx-0.5 inline px-0.5 group-hover\/message:[--hover-opacity:1]\" data-question=\"Welche Vorteile hat die Herstellung in \u00d6sterreich f\u00fcr die Kund:innen?\" aria-expanded=\"false\" aria-controls=\"radix-\u00abr1dk\u00bb\" data-state=\"closed\"><strong>Handmade in \u00d6sterreich<\/strong><\/span>: jedes St\u00fcck wird mit Liebe gen\u00e4ht.<\/p>\n<p>\u2714 <strong>Perfektes Geschenk<\/strong>: ideal zu Geburtstagen, Weihnachten, Erstkommunion oder einfach so.<\/p>\n<p class=\"whitespace-break-spaces\"><strong>\ud83d\udca1 Tipp:<\/strong>&nbsp;Kombiniere die Tunika mit einer <a href=\"https:\/\/www.stoffwild.at\/produkt\/individuelle-leggings-oder-pants\/\" target=\"_blank\" rel=\"noopener\"><strong>individuellen Leggings<\/strong><\/a> aus meinem Shop f\u00fcr ein perfektes Outfit!<\/p>\n<hr>\n<p><strong>So gestaltest du deine stylische Tunika:<\/strong><\/p>\n<ol>\n<li><strong>Gr\u00f6\u00dfe w\u00e4hlen<\/strong> und in den Warenkorb legen. \ud83d\uded2<\/li>\n<li><strong>Deine W\u00fcnsche notieren:<\/strong> Schreib mir in den Anmerkungen, wie die Tunika aussehen soll: von Farbe \u00fcber Muster bis zu besonderen Extras. \u270f\ufe0f<\/li>\n<li><strong>Bestellung abschlie\u00dfen<\/strong> (bitte <strong>Vorkasse<\/strong> w\u00e4hlen. Die Zahlungsart kann sp\u00e4ter noch angepasst werden).<\/li>\n<li><strong>Design-Prozess:<\/strong> Ich sende dir individuelle Vorschl\u00e4ge per E-Mail und du entscheidest dich f\u00fcr deinen Favoriten! \ud83e\udd47<\/li>\n<li><strong>Zum Schluss:<\/strong> Sobald deine Tunika gen\u00e4ht ist, kommt sie direkt zu dir nach Hause. \ud83d\udce6<\/li>\n<\/ol>\n<p><strong>Wichtig:<\/strong> Der Endpreis kann je nach Extras variieren (z. B. bei Unterteilungen, <a href=\"https:\/\/www.stoffwild.at\/produkt\/buegelbild-fuer-schultuete\/\" target=\"_blank\" rel=\"noopener\">B\u00fcgelbildern<\/a>, Aufn\u00e4hern oder Kunstleder-Labels).<\/p>\n<hr>\n<p><strong>Zum Schnitt<\/strong>: &#8222;Moonie Girl&#8220; hat 2 Passformen: &#8222;<em>slim<\/em>&#8220; und eine &#8222;<em>normale<\/em>&#8220; Version, die etwas l\u00e4ssiger sitzt<\/p>\n<p><strong>Die Tunika hat folgende Varianten:<\/strong><\/p>\n<ul>\n<li>lange oder kurze \u00c4rmel<\/li>\n<li>mit oder ohne R\u00fcsche am Saum<\/li>\n<li>als Girly Shirt: Shirt mit angen\u00e4htem Rockteil (siehe gelbes Shirt mit Herz-Aufn\u00e4her &amp; Rockteil in t\u00fcrkis)<\/li>\n<li>mit diversen Unterteilungen<\/li>\n<\/ul>\n<p><strong> Wichtig: <\/strong>Der Endpreis kann je nach Extras variieren (z. B. bei Unterteilungen, B\u00fcgelbildern, Aufn\u00e4hern oder Kunstleder-Labels).\ud83d\udc49 <strong>Basispreis<\/strong> ist immer mit <strong>langen \u00c4rmeln und R\u00fcsche<\/strong>, ohne Unterteilung, Rockteil, T\u00fcddel und Co.&nbsp;<\/p>\n<p><strong>M\u00f6gliche Stoffe:<\/strong><\/p>\n<ul>\n<li>Jersey, Modal, Tencel<\/li>\n<li>French-Terry \/ Sommersweat<\/li>\n<\/ul>\n<hr>\n<p><strong>Handgefertigt nach Ma\u00df:<\/strong> Jede Tunika wird nach dem Schnittmuster \u201eMoonie Girl\u201c von Engelinchen Design gen\u00e4ht. Du m\u00f6chtest eine <strong>Gr\u00f6\u00dfe 146\u2013164<\/strong>? Kein Problem, kontaktiere mich einfach!<\/p>\n<hr>\n<p><strong>Dein M\u00e4dchen verdient ein Kleidungsst\u00fcck, das so einzigartig ist wie sie \ud83e\udef6 bestelle jetzt!<\/strong><\/p>\n","protected":false},"excerpt":{"rendered":"<p>Stylische Tunika nach DEINEN W\u00fcnschen!<\/p>\n","protected":false},"featured_media":1939,"template":"","meta":{"_acf_changed":false},"product_brand":[1053],"product_cat":[38,49,18],"product_tag":[559,440,560,561,442,562],"class_list":{"0":"post-2802","1":"product","2":"type-product","3":"status-publish","4":"has-post-thumbnail","6":"product_brand-stoffwild","7":"product_cat-baby-kinder","8":"product_cat-kinderkleidung","9":"product_cat-uncategorised","10":"product_tag-babytunika","11":"product_tag-individuelle-kleidung","12":"product_tag-individuelle-tunika","13":"product_tag-kindertunika","14":"product_tag-personalisiert","15":"product_tag-tunika","16":"product_shipping_class-standardversand","18":"first","19":"onbackorder","20":"taxable","21":"shipping-taxable","22":"purchasable","23":"product-type-variable"},"acf":[],"_links":{"self":[{"href":"https:\/\/www.regionalis.shop\/stoffwild-handgemachte-mode\/wp-json\/wp\/v2\/product\/2802","targetHints":{"allow":["GET"]}}],"collection":[{"href":"https:\/\/www.regionalis.shop\/stoffwild-handgemachte-mode\/wp-json\/wp\/v2\/product"}],"about":[{"href":"https:\/\/www.regionalis.shop\/stoffwild-handgemachte-mode\/wp-json\/wp\/v2\/types\/product"}],"wp:featuredmedia":[{"embeddable":true,"href":"https:\/\/www.regionalis.shop\/stoffwild-handgemachte-mode\/wp-json\/wp\/v2\/media\/1939"}],"wp:attachment":[{"href":"https:\/\/www.regionalis.shop\/stoffwild-handgemachte-mode\/wp-json\/wp\/v2\/media?parent=2802"}],"wp:term":[{"taxonomy":"product_brand","embeddable":true,"href":"https:\/\/www.regionalis.shop\/stoffwild-handgemachte-mode\/wp-json\/wp\/v2\/product_brand?post=2802"},{"taxonomy":"product_cat","embeddable":true,"href":"https:\/\/www.regionalis.shop\/stoffwild-handgemachte-mode\/wp-json\/wp\/v2\/product_cat?post=2802"},{"taxonomy":"product_tag","embeddable":true,"href":"https:\/\/www.regionalis.shop\/stoffwild-handgemachte-mode\/wp-json\/wp\/v2\/product_tag?post=2802"}],"curies":[{"name":"wp","href":"https:\/\/api.w.org\/{rel}","templated":true}]}}