{"id":2867,"date":"2025-12-02T18:26:35","date_gmt":"2025-12-02T17:26:35","guid":{"rendered":"https:\/\/www.regionalis.shop\/stoffwild-handgemachte-mode\/?post_type=product&#038;p=2867"},"modified":"2025-12-02T18:42:38","modified_gmt":"2025-12-02T17:42:38","slug":"pumphose-elefanten-pink-gr-68-74","status":"publish","type":"product","link":"https:\/\/www.regionalis.shop\/stoffwild-handgemachte-mode\/shop\/pumphose-elefanten-pink-gr-68-74\/","title":{"rendered":"Pumphose Elefanten pink, Gr. 68-74"},"content":{"rendered":"<p>S\u00fcsse Pumphose aus weichem Jersey-Stoff mit lustigen kunterbunten Elefanten \ud83d\udc18\ud83c\udf08<\/p>\n<p>Toll als Geschenk zur Geburt, zu Weihnachten oder anderen Feierlichkeiten \ud83d\udc9b<\/p>\n<p>Die Hose hat als Abschluss ein bequemes B\u00fcndchen angen\u00e4ht &#8211; so engt nichts ein, sitzt perfekt und w\u00e4chst mit \ud83d\ude09 Somit passt und w\u00e4chst die Pumpi \u00fcber einen l\u00e4ngeren Zeitraum mit!<\/p>\n<p>Auch eine nette Geschenkidee zur Geburt &#8211; so hat das Baby (und die Eltern \ud83d\ude09) auch Monate nach dem wundersch\u00f6nen Ereignis noch etwas davon \ud83d\udc9b<\/p>\n<p>Pumphose: Gr. 68 bis 74: 4-9 Monate<\/p>\n","protected":false},"excerpt":{"rendered":"<p>S\u00fcsse Pumphose in pink mit Elefanten<\/p>\n","protected":false},"featured_media":2014,"template":"","meta":{"_acf_changed":false},"product_brand":[1053],"product_cat":[38,49,18],"product_tag":[240,241,566,242,243,490,413],"class_list":{"0":"post-2867","1":"product","2":"type-product","3":"status-publish","4":"has-post-thumbnail","6":"product_brand-stoffwild","7":"product_cat-baby-kinder","8":"product_cat-kinderkleidung","9":"product_cat-uncategorised","10":"product_tag-baby-pumphose","11":"product_tag-babyhose","12":"product_tag-elefant","13":"product_tag-kinderhose","14":"product_tag-mitwachshose","15":"product_tag-pumpi","16":"product_tag-unikat","17":"product_shipping_class-standardversand","19":"first","20":"instock","21":"taxable","22":"shipping-taxable","23":"purchasable","24":"product-type-simple"},"acf":[],"_links":{"self":[{"href":"https:\/\/www.regionalis.shop\/stoffwild-handgemachte-mode\/wp-json\/wp\/v2\/product\/2867","targetHints":{"allow":["GET"]}}],"collection":[{"href":"https:\/\/www.regionalis.shop\/stoffwild-handgemachte-mode\/wp-json\/wp\/v2\/product"}],"about":[{"href":"https:\/\/www.regionalis.shop\/stoffwild-handgemachte-mode\/wp-json\/wp\/v2\/types\/product"}],"wp:featuredmedia":[{"embeddable":true,"href":"https:\/\/www.regionalis.shop\/stoffwild-handgemachte-mode\/wp-json\/wp\/v2\/media\/2014"}],"wp:attachment":[{"href":"https:\/\/www.regionalis.shop\/stoffwild-handgemachte-mode\/wp-json\/wp\/v2\/media?parent=2867"}],"wp:term":[{"taxonomy":"product_brand","embeddable":true,"href":"https:\/\/www.regionalis.shop\/stoffwild-handgemachte-mode\/wp-json\/wp\/v2\/product_brand?post=2867"},{"taxonomy":"product_cat","embeddable":true,"href":"https:\/\/www.regionalis.shop\/stoffwild-handgemachte-mode\/wp-json\/wp\/v2\/product_cat?post=2867"},{"taxonomy":"product_tag","embeddable":true,"href":"https:\/\/www.regionalis.shop\/stoffwild-handgemachte-mode\/wp-json\/wp\/v2\/product_tag?post=2867"}],"curies":[{"name":"wp","href":"https:\/\/api.w.org\/{rel}","templated":true}]}}