{"id":2869,"date":"2025-12-02T18:26:36","date_gmt":"2025-12-02T17:26:36","guid":{"rendered":"https:\/\/www.regionalis.shop\/stoffwild-handgemachte-mode\/?post_type=product&#038;p=2869"},"modified":"2025-12-02T18:42:23","modified_gmt":"2025-12-02T17:42:23","slug":"babyhose-kleinkindhose-gr-86","status":"publish","type":"product","link":"https:\/\/www.regionalis.shop\/stoffwild-handgemachte-mode\/shop\/babyhose-kleinkindhose-gr-86\/","title":{"rendered":"BabyHose \/ Kleinkindhose, Gr. 86"},"content":{"rendered":"<p>Tolle Babyhose aus Jersey-Stoff mit coolem Strick-Motiv \/ Zopfmuster in leuchtendem t\u00fcrkis! Highlight ist das Kunstlederlabel mit dem Spruch &#8222;Einzigartig ist besser als perfekt&#8220;.<\/p>\n<p>Toll als Geschenk zum 1. Geburtstag, zu Weihnachten oder anderen Feierlichkeiten \ud83d\udc9b<\/p>\n<p>Die Hose hat als Abschluss ein bequemes B\u00fcndchen angen\u00e4ht &#8211; so engt nichts ein, sitzt perfekt und w\u00e4chst mit \ud83d\ude09 Somit passt und w\u00e4chst die Babyhose\/Kleinkinderhose \u00fcber einen l\u00e4ngeren Zeitraum mit!<\/p>\n<p>Auch eine nette Geschenkidee zur Geburt &#8211; so hat das Baby (und die Eltern \ud83d\ude09) auch Monate nach dem wundersch\u00f6nen Ereignis noch etwas davon \ud83d\udc9b<\/p>\n<p>Hose: Gr. 86: 13 &#8211; 18 Monate<\/p>\n<p>Gen\u00e4ht nach dem Schnittmuster \u201ebaby diamond pants\/shirt\/cardigan\/romper \u201c von Engelinchen Design<\/p>\n","protected":false},"excerpt":{"rendered":"<p>Baby\/Kleinkindhose mit Strick-Muster<\/p>\n","protected":false},"featured_media":2034,"template":"","meta":{"_acf_changed":false},"product_brand":[1053],"product_cat":[38,49,18],"product_tag":[568,569,570,241,242,243,571,413,572],"class_list":{"0":"post-2869","1":"product","2":"type-product","3":"status-publish","4":"has-post-thumbnail","6":"product_brand-stoffwild","7":"product_cat-baby-kinder","8":"product_cat-kinderkleidung","9":"product_cat-uncategorised","10":"product_tag-kinderoutfit","11":"product_tag-spielfreude","12":"product_tag-strickliebe","13":"product_tag-babyhose","14":"product_tag-kinderhose","15":"product_tag-mitwachshose","16":"product_tag-strickmuster","17":"product_tag-unikat","18":"product_tag-zopf","19":"product_shipping_class-standardversand","21":"first","22":"instock","23":"taxable","24":"shipping-taxable","25":"purchasable","26":"product-type-simple"},"acf":[],"_links":{"self":[{"href":"https:\/\/www.regionalis.shop\/stoffwild-handgemachte-mode\/wp-json\/wp\/v2\/product\/2869","targetHints":{"allow":["GET"]}}],"collection":[{"href":"https:\/\/www.regionalis.shop\/stoffwild-handgemachte-mode\/wp-json\/wp\/v2\/product"}],"about":[{"href":"https:\/\/www.regionalis.shop\/stoffwild-handgemachte-mode\/wp-json\/wp\/v2\/types\/product"}],"wp:featuredmedia":[{"embeddable":true,"href":"https:\/\/www.regionalis.shop\/stoffwild-handgemachte-mode\/wp-json\/wp\/v2\/media\/2034"}],"wp:attachment":[{"href":"https:\/\/www.regionalis.shop\/stoffwild-handgemachte-mode\/wp-json\/wp\/v2\/media?parent=2869"}],"wp:term":[{"taxonomy":"product_brand","embeddable":true,"href":"https:\/\/www.regionalis.shop\/stoffwild-handgemachte-mode\/wp-json\/wp\/v2\/product_brand?post=2869"},{"taxonomy":"product_cat","embeddable":true,"href":"https:\/\/www.regionalis.shop\/stoffwild-handgemachte-mode\/wp-json\/wp\/v2\/product_cat?post=2869"},{"taxonomy":"product_tag","embeddable":true,"href":"https:\/\/www.regionalis.shop\/stoffwild-handgemachte-mode\/wp-json\/wp\/v2\/product_tag?post=2869"}],"curies":[{"name":"wp","href":"https:\/\/api.w.org\/{rel}","templated":true}]}}