{"id":2872,"date":"2025-12-02T18:26:37","date_gmt":"2025-12-02T17:26:37","guid":{"rendered":"https:\/\/www.regionalis.shop\/stoffwild-handgemachte-mode\/?post_type=product&#038;p=2872"},"modified":"2025-12-02T18:41:56","modified_gmt":"2025-12-02T17:41:56","slug":"babyhose-regenbogen-blau-gr-56","status":"publish","type":"product","link":"https:\/\/www.regionalis.shop\/stoffwild-handgemachte-mode\/shop\/babyhose-regenbogen-blau-gr-56\/","title":{"rendered":"BabyHose Regenbogen blau, Gr. 56"},"content":{"rendered":"<p>S\u00fcsse Babyhose aus weichem Jersey-Stoff mit tollen, bunten Regenb\u00f6gen als Motiv \ud83c\udf08<\/p>\n<p>Toll als Geschenk zur Geburt, zu Weihnachten oder anderen Feierlichkeiten \ud83d\udc9b<\/p>\n<p>Die Hose hat als Abschluss ein bequemes B\u00fcndchen angen\u00e4ht &#8211; so engt nichts ein, sitzt perfekt und w\u00e4chst mit \ud83d\ude09 Somit passt und w\u00e4chst die Babyhose \u00fcber einen l\u00e4ngeren Zeitraum mit!<\/p>\n<p>Auch eine nette Geschenkidee zur Geburt &#8211; so hat das Baby (und die Eltern \ud83d\ude09) auch Monate nach dem wundersch\u00f6nen Ereignis noch etwas davon \ud83d\udc9b<\/p>\n<p>Hose: Gr. 56: 1-3 Monate<\/p>\n<p>Gen\u00e4ht nach dem Schnittmuster \u201ebaby diamond pants\/shirt\/cardigan\/romper \u201c von Engelinchen Design<\/p>\n","protected":false},"excerpt":{"rendered":"<p>Babyhose mit blauen Regenb\u00f6gen<\/p>\n","protected":false},"featured_media":2038,"template":"","meta":{"_acf_changed":false},"product_brand":[1053],"product_cat":[38,49,18],"product_tag":[241,242,243,332,413],"class_list":{"0":"post-2872","1":"product","2":"type-product","3":"status-publish","4":"has-post-thumbnail","6":"product_brand-stoffwild","7":"product_cat-baby-kinder","8":"product_cat-kinderkleidung","9":"product_cat-uncategorised","10":"product_tag-babyhose","11":"product_tag-kinderhose","12":"product_tag-mitwachshose","13":"product_tag-regenbogen","14":"product_tag-unikat","15":"product_shipping_class-standardversand","17":"first","18":"instock","19":"taxable","20":"shipping-taxable","21":"purchasable","22":"product-type-simple"},"acf":[],"_links":{"self":[{"href":"https:\/\/www.regionalis.shop\/stoffwild-handgemachte-mode\/wp-json\/wp\/v2\/product\/2872","targetHints":{"allow":["GET"]}}],"collection":[{"href":"https:\/\/www.regionalis.shop\/stoffwild-handgemachte-mode\/wp-json\/wp\/v2\/product"}],"about":[{"href":"https:\/\/www.regionalis.shop\/stoffwild-handgemachte-mode\/wp-json\/wp\/v2\/types\/product"}],"wp:featuredmedia":[{"embeddable":true,"href":"https:\/\/www.regionalis.shop\/stoffwild-handgemachte-mode\/wp-json\/wp\/v2\/media\/2038"}],"wp:attachment":[{"href":"https:\/\/www.regionalis.shop\/stoffwild-handgemachte-mode\/wp-json\/wp\/v2\/media?parent=2872"}],"wp:term":[{"taxonomy":"product_brand","embeddable":true,"href":"https:\/\/www.regionalis.shop\/stoffwild-handgemachte-mode\/wp-json\/wp\/v2\/product_brand?post=2872"},{"taxonomy":"product_cat","embeddable":true,"href":"https:\/\/www.regionalis.shop\/stoffwild-handgemachte-mode\/wp-json\/wp\/v2\/product_cat?post=2872"},{"taxonomy":"product_tag","embeddable":true,"href":"https:\/\/www.regionalis.shop\/stoffwild-handgemachte-mode\/wp-json\/wp\/v2\/product_tag?post=2872"}],"curies":[{"name":"wp","href":"https:\/\/api.w.org\/{rel}","templated":true}]}}