{"id":2873,"date":"2025-12-02T18:26:37","date_gmt":"2025-12-02T17:26:37","guid":{"rendered":"https:\/\/www.regionalis.shop\/stoffwild-handgemachte-mode\/?post_type=product&#038;p=2873"},"modified":"2025-12-02T18:42:00","modified_gmt":"2025-12-02T17:42:00","slug":"babyhose-wintertiere-gr-62","status":"publish","type":"product","link":"https:\/\/www.regionalis.shop\/stoffwild-handgemachte-mode\/shop\/babyhose-wintertiere-gr-62\/","title":{"rendered":"Babyhose WinterTiere, Gr. 62"},"content":{"rendered":"<p>S\u00fcsse Babyhose aus weichem Jersey-Stoff mit lustigen Wintertieren: Pinguine \ud83d\udc27, Eisb\u00e4ren \ud83d\udc3b\u200d\u2744\ufe0f und ein Rentier-Schwein \ud83d\udc16 singen fr\u00f6hlich aus ihren Liederb\u00fcchern vor \ud83c\udfb6 \ud83c\udfb5<\/p>\n<p>Perfekt f\u00fcr die Winter- und Weihnachtszeit \ud83c\udf84 \u2603\ufe0f<\/p>\n<p>Toll als Geschenk zur Geburt, zu Weihnachten oder anderen Feierlichkeiten \ud83d\udc9b<\/p>\n<p>Die Hose hat als Abschluss ein bequemes B\u00fcndchen angen\u00e4ht &#8211; so engt nichts ein, sitzt perfekt und w\u00e4chst mit \ud83d\ude09 Somit passt und w\u00e4chst die Babyhose \u00fcber einen l\u00e4ngeren Zeitraum mit!<\/p>\n<p>Auch eine nette Geschenkidee zur Geburt &#8211; so hat das Baby (und die Eltern \ud83d\ude09) auch Monate nach dem wundersch\u00f6nen Ereignis noch etwas davon \ud83d\udc9b<\/p>\n<p>Hose: Gr. 56: 1-3 Monate<\/p>\n","protected":false},"excerpt":{"rendered":"<p>Babyhose mit winterlichen Tieren<\/p>\n","protected":false},"featured_media":2040,"template":"","meta":{"_acf_changed":false},"product_brand":[1053],"product_cat":[38,49,18],"product_tag":[241,317,242,243,567,573,574,575,413,576,577],"class_list":{"0":"post-2873","1":"product","2":"type-product","3":"status-publish","4":"has-post-thumbnail","6":"product_brand-stoffwild","7":"product_cat-baby-kinder","8":"product_cat-kinderkleidung","9":"product_cat-uncategorised","10":"product_tag-babyhose","11":"product_tag-eisbaer","12":"product_tag-kinderhose","13":"product_tag-mitwachshose","14":"product_tag-pinguin","15":"product_tag-rentier","16":"product_tag-schwein","17":"product_tag-tiere-im-winter","18":"product_tag-unikat","19":"product_tag-weihnachten","20":"product_tag-wintertiere","21":"product_shipping_class-standardversand","23":"first","24":"instock","25":"featured","26":"taxable","27":"shipping-taxable","28":"purchasable","29":"product-type-simple"},"acf":[],"_links":{"self":[{"href":"https:\/\/www.regionalis.shop\/stoffwild-handgemachte-mode\/wp-json\/wp\/v2\/product\/2873","targetHints":{"allow":["GET"]}}],"collection":[{"href":"https:\/\/www.regionalis.shop\/stoffwild-handgemachte-mode\/wp-json\/wp\/v2\/product"}],"about":[{"href":"https:\/\/www.regionalis.shop\/stoffwild-handgemachte-mode\/wp-json\/wp\/v2\/types\/product"}],"wp:featuredmedia":[{"embeddable":true,"href":"https:\/\/www.regionalis.shop\/stoffwild-handgemachte-mode\/wp-json\/wp\/v2\/media\/2040"}],"wp:attachment":[{"href":"https:\/\/www.regionalis.shop\/stoffwild-handgemachte-mode\/wp-json\/wp\/v2\/media?parent=2873"}],"wp:term":[{"taxonomy":"product_brand","embeddable":true,"href":"https:\/\/www.regionalis.shop\/stoffwild-handgemachte-mode\/wp-json\/wp\/v2\/product_brand?post=2873"},{"taxonomy":"product_cat","embeddable":true,"href":"https:\/\/www.regionalis.shop\/stoffwild-handgemachte-mode\/wp-json\/wp\/v2\/product_cat?post=2873"},{"taxonomy":"product_tag","embeddable":true,"href":"https:\/\/www.regionalis.shop\/stoffwild-handgemachte-mode\/wp-json\/wp\/v2\/product_tag?post=2873"}],"curies":[{"name":"wp","href":"https:\/\/api.w.org\/{rel}","templated":true}]}}