{"id":2879,"date":"2025-12-02T18:26:39","date_gmt":"2025-12-02T17:26:39","guid":{"rendered":"https:\/\/www.regionalis.shop\/stoffwild-handgemachte-mode\/?post_type=product&#038;p=2879"},"modified":"2025-12-02T18:26:53","modified_gmt":"2025-12-02T17:26:53","slug":"beanie-bagger-gr-m","status":"publish","type":"product","link":"https:\/\/www.regionalis.shop\/stoffwild-handgemachte-mode\/shop\/beanie-bagger-gr-m\/","title":{"rendered":"Beanie Bagger, Gr. M"},"content":{"rendered":"<h3 data-start=\"0\" data-end=\"92\"><strong data-start=\"0\" data-end=\"90\">&nbsp;\ud83c\udfd7\ufe0f Nachhaltige Beanie mit Baustellen-Patch \u2013 f\u00fcr kleine Baumeister, die hoch hinauswollen \ud83c\udfd7\ufe0f<\/strong><\/h3>\n<p data-start=\"94\" data-end=\"465\">Stell dir vor, dein kleiner Entdecker stapft begeistert durch den Sandkasten und baut fantasievolle Burgen, w\u00e4hrend er stolz seine neue Lieblings-Beanie tr\u00e4gt. Genau das kannst du mit dieser nachhaltigen und einzigartigen M\u00fctze erleben! Ich fertige jedes St\u00fcck mit viel Liebe zum Detail, damit du Qualit\u00e4t, Funktionalit\u00e4t und ein gutes Gewissen beim Kauf vereinen kannst.<\/p>\n<p data-start=\"472\" data-end=\"515\"><strong>Die wichtigsten Infos auf einen Blick<\/strong><\/p>\n<ul data-start=\"516\" data-end=\"712\">\n<li data-start=\"516\" data-end=\"547\"><strong data-start=\"518\" data-end=\"528\">Gr\u00f6\u00dfe:<\/strong> M (ca. 51\u201355\u202fcm)<\/li>\n<li data-start=\"548\" data-end=\"643\"><strong data-start=\"550\" data-end=\"576\">Nachhaltiges Material:<\/strong> Weicher, hautsympathischer Jersey f\u00fcr ein angenehmes Tragegef\u00fchl<\/li>\n<li data-start=\"644\" data-end=\"712\"><strong data-start=\"646\" data-end=\"671\">Einzigartiges Design:<\/strong> Bagger-Patch\/Applikation als Hingucker<\/li>\n<\/ul>\n<p data-start=\"719\" data-end=\"758\"><strong>Produkteigenschaften und Vorteile<\/strong><\/p>\n<ul data-start=\"759\" data-end=\"1370\">\n<li data-start=\"759\" data-end=\"911\"><strong data-start=\"761\" data-end=\"789\">Mitwachsend &amp; Langlebig:<\/strong> Durch den elastischen Stoff kann die M\u00fctze \u00fcber mehrere Gr\u00f6\u00dfen hinweg getragen werden \u2013 so hast du l\u00e4nger Freude daran.<\/li>\n<li data-start=\"912\" data-end=\"1058\"><strong data-start=\"914\" data-end=\"940\">Handgemachte Qualit\u00e4t:<\/strong> Ich n\u00e4he jede Beanie pers\u00f6nlich, um dir ein besonderes Einzelst\u00fcck zu garantieren, das sich von Stangenware abhebt.<\/li>\n<li data-start=\"1059\" data-end=\"1210\"><strong data-start=\"1061\" data-end=\"1088\">Kindgerecht &amp; Stylisch:<\/strong> Das verspielte Baustellen-Motiv begeistert kleine Baumeister und zieht im Alltag garantiert neugierige Blicke auf sich.<\/li>\n<li data-start=\"1211\" data-end=\"1370\"><strong data-start=\"1213\" data-end=\"1239\">Atmungsaktiv &amp; Bequem:<\/strong> Die M\u00fctze sitzt sicher, ohne zu dr\u00fccken, und sorgt daf\u00fcr, dass dein Kind unbeschwert spielen, toben und die Welt entdecken kann.<\/li>\n<\/ul>\n<p data-start=\"1377\" data-end=\"1672\">Stell dir vor, wie dein Kind mit strahlenden Augen durch den Tag wirbelt und stolz erz\u00e4hlt, woher es diese coole Beanie hat. Du kannst dir sicher sein, dass du mit dieser M\u00fctze nicht nur ein praktisches Accessoire kaufst, sondern ein echtes Statement f\u00fcr Nachhaltigkeit und Individualit\u00e4t setzt.<\/p>\n<p data-start=\"1864\" data-end=\"1951\" data-is-last-node=\"\" data-is-only-node=\"\"><strong data-start=\"1864\" data-end=\"1951\" data-is-last-node=\"\">G\u00f6nn deinem Kind jetzt diese besondere Beanie und mach jeden Ausflug zum Abenteuer!<\/strong><\/p>\n","protected":false},"excerpt":{"rendered":"<p>Coole Beanie mit Bagger-Applikation<\/p>\n","protected":false},"featured_media":2062,"template":"","meta":{"_acf_changed":false},"product_brand":[1053],"product_cat":[18],"product_tag":[585,586,192,193,194,195,196,197],"class_list":{"0":"post-2879","1":"product","2":"type-product","3":"status-publish","4":"has-post-thumbnail","6":"product_brand-stoffwild","7":"product_cat-uncategorised","8":"product_tag-bagger","9":"product_tag-baustelle","10":"product_tag-beanie","11":"product_tag-duenne-beanie","12":"product_tag-duenne-haube","13":"product_tag-haube","14":"product_tag-laessige-beanie","15":"product_tag-muetze","16":"product_shipping_class-standardversand","18":"first","19":"instock","20":"taxable","21":"shipping-taxable","22":"purchasable","23":"product-type-simple"},"acf":[],"_links":{"self":[{"href":"https:\/\/www.regionalis.shop\/stoffwild-handgemachte-mode\/wp-json\/wp\/v2\/product\/2879","targetHints":{"allow":["GET"]}}],"collection":[{"href":"https:\/\/www.regionalis.shop\/stoffwild-handgemachte-mode\/wp-json\/wp\/v2\/product"}],"about":[{"href":"https:\/\/www.regionalis.shop\/stoffwild-handgemachte-mode\/wp-json\/wp\/v2\/types\/product"}],"wp:featuredmedia":[{"embeddable":true,"href":"https:\/\/www.regionalis.shop\/stoffwild-handgemachte-mode\/wp-json\/wp\/v2\/media\/2062"}],"wp:attachment":[{"href":"https:\/\/www.regionalis.shop\/stoffwild-handgemachte-mode\/wp-json\/wp\/v2\/media?parent=2879"}],"wp:term":[{"taxonomy":"product_brand","embeddable":true,"href":"https:\/\/www.regionalis.shop\/stoffwild-handgemachte-mode\/wp-json\/wp\/v2\/product_brand?post=2879"},{"taxonomy":"product_cat","embeddable":true,"href":"https:\/\/www.regionalis.shop\/stoffwild-handgemachte-mode\/wp-json\/wp\/v2\/product_cat?post=2879"},{"taxonomy":"product_tag","embeddable":true,"href":"https:\/\/www.regionalis.shop\/stoffwild-handgemachte-mode\/wp-json\/wp\/v2\/product_tag?post=2879"}],"curies":[{"name":"wp","href":"https:\/\/api.w.org\/{rel}","templated":true}]}}