{"id":2886,"date":"2025-12-02T18:26:40","date_gmt":"2025-12-02T17:26:40","guid":{"rendered":"https:\/\/www.regionalis.shop\/stoffwild-handgemachte-mode\/?post_type=product&#038;p=2886"},"modified":"2025-12-02T18:27:08","modified_gmt":"2025-12-02T17:27:08","slug":"buendchenhaube-regenbogen-blau-gr-s","status":"publish","type":"product","link":"https:\/\/www.regionalis.shop\/stoffwild-handgemachte-mode\/shop\/buendchenhaube-regenbogen-blau-gr-s\/","title":{"rendered":"B\u00fcndchenhaube Regenbogen blau, Gr. S"},"content":{"rendered":"<p>S\u00fcsse B\u00fcndchenhaube aus weichem Bio-Jersey-Stoff mit tollem Regenbogen-Motiv in blau \ud83c\udf08<\/p>\n<p>Das B\u00fcndchen ist sehr dehnbar und sorgt daf\u00fcr, dass die M\u00fctze nicht verrutscht und auf den Ohren bleibt \ud83d\udc4d &#8230;und sie w\u00e4chst \u00fcber mehrere Gr\u00f6\u00dfen mit<\/p>\n<p>Auch eine nette Geschenkidee zur Geburt &#8211; so hat das Baby (und die Eltern \ud83d\ude09) auch Monate nach dem wundersch\u00f6nen Ereignis noch etwas davon<\/p>\n<p>B\u00fcndchenhaube Kopfumfang: S (Baby\/Kleinkind): ca 36-40\/41cm<\/p>\n","protected":false},"excerpt":{"rendered":"<p>B\u00fcndchenhaube mit blauen Regenb\u00f6gen<\/p>\n","protected":false},"featured_media":2096,"template":"","meta":{"_acf_changed":false},"product_brand":[1053],"product_cat":[18],"product_tag":[254,255,256,194,197,332,257],"class_list":{"0":"post-2886","1":"product","2":"type-product","3":"status-publish","4":"has-post-thumbnail","6":"product_brand-stoffwild","7":"product_cat-uncategorised","8":"product_tag-baby-haube","9":"product_tag-buendchen-haube","10":"product_tag-buendchenhaube","11":"product_tag-duenne-haube","12":"product_tag-muetze","13":"product_tag-regenbogen","14":"product_tag-verrutscht-nicht","15":"product_shipping_class-standardversand","17":"first","18":"instock","19":"taxable","20":"shipping-taxable","21":"purchasable","22":"product-type-simple"},"acf":[],"_links":{"self":[{"href":"https:\/\/www.regionalis.shop\/stoffwild-handgemachte-mode\/wp-json\/wp\/v2\/product\/2886","targetHints":{"allow":["GET"]}}],"collection":[{"href":"https:\/\/www.regionalis.shop\/stoffwild-handgemachte-mode\/wp-json\/wp\/v2\/product"}],"about":[{"href":"https:\/\/www.regionalis.shop\/stoffwild-handgemachte-mode\/wp-json\/wp\/v2\/types\/product"}],"wp:featuredmedia":[{"embeddable":true,"href":"https:\/\/www.regionalis.shop\/stoffwild-handgemachte-mode\/wp-json\/wp\/v2\/media\/2096"}],"wp:attachment":[{"href":"https:\/\/www.regionalis.shop\/stoffwild-handgemachte-mode\/wp-json\/wp\/v2\/media?parent=2886"}],"wp:term":[{"taxonomy":"product_brand","embeddable":true,"href":"https:\/\/www.regionalis.shop\/stoffwild-handgemachte-mode\/wp-json\/wp\/v2\/product_brand?post=2886"},{"taxonomy":"product_cat","embeddable":true,"href":"https:\/\/www.regionalis.shop\/stoffwild-handgemachte-mode\/wp-json\/wp\/v2\/product_cat?post=2886"},{"taxonomy":"product_tag","embeddable":true,"href":"https:\/\/www.regionalis.shop\/stoffwild-handgemachte-mode\/wp-json\/wp\/v2\/product_tag?post=2886"}],"curies":[{"name":"wp","href":"https:\/\/api.w.org\/{rel}","templated":true}]}}