{"id":2890,"date":"2025-12-02T18:26:41","date_gmt":"2025-12-02T17:26:41","guid":{"rendered":"https:\/\/www.regionalis.shop\/stoffwild-handgemachte-mode\/?post_type=product&#038;p=2890"},"modified":"2025-12-02T18:26:58","modified_gmt":"2025-12-02T17:26:58","slug":"buendchenhaube-elefanten-pink-gr-m","status":"publish","type":"product","link":"https:\/\/www.regionalis.shop\/stoffwild-handgemachte-mode\/shop\/buendchenhaube-elefanten-pink-gr-m\/","title":{"rendered":"B\u00fcndchenhaube Elefanten pink, Gr. M"},"content":{"rendered":"<p>S\u00fcsse B\u00fcndchenhaube aus weichem Jersey-Stoff mit lustigen kunterbunten Elefanten \ud83d\udc18\ud83c\udf08<\/p>\n<p>Das B\u00fcndchen ist sehr dehnbar und sorgt daf\u00fcr, dass die M\u00fctze nicht verrutscht und auf den Ohren bleibt \ud83d\udc4d &#8230;und sie w\u00e4chst \u00fcber mehrere Gr\u00f6\u00dfen mit<\/p>\n<p>Im Sommer als Schutz vor Sonne und Wind&#8230; und im Herbst ein t\u00e4glicher Begleiter bei windigem Wetter!<\/p>\n<p>Eine tolle Alternative im Winter zu l\u00e4stig-hochrutschenden Hauben<\/p>\n<p>Auch eine nette Geschenkidee zur Geburt &#8211; so hat das Baby (und die Eltern \ud83d\ude09) auch Monate nach dem wundersch\u00f6nen Ereignis noch etwas davon<\/p>\n<p>B\u00fcndchenhaube Kopfumfang: M (Kleinkind\/Kind): ca. 41-50cm<\/p>\n","protected":false},"excerpt":{"rendered":"<p>B\u00fcndchenhaube in pink mit s\u00fcssen Elefanten<\/p>\n","protected":false},"featured_media":2086,"template":"","meta":{"_acf_changed":false},"product_brand":[1053],"product_cat":[18],"product_tag":[254,255,256,194,566,197,257],"class_list":{"0":"post-2890","1":"product","2":"type-product","3":"status-publish","4":"has-post-thumbnail","6":"product_brand-stoffwild","7":"product_cat-uncategorised","8":"product_tag-baby-haube","9":"product_tag-buendchen-haube","10":"product_tag-buendchenhaube","11":"product_tag-duenne-haube","12":"product_tag-elefant","13":"product_tag-muetze","14":"product_tag-verrutscht-nicht","15":"product_shipping_class-standardversand","17":"first","18":"instock","19":"taxable","20":"shipping-taxable","21":"purchasable","22":"product-type-simple"},"acf":[],"_links":{"self":[{"href":"https:\/\/www.regionalis.shop\/stoffwild-handgemachte-mode\/wp-json\/wp\/v2\/product\/2890","targetHints":{"allow":["GET"]}}],"collection":[{"href":"https:\/\/www.regionalis.shop\/stoffwild-handgemachte-mode\/wp-json\/wp\/v2\/product"}],"about":[{"href":"https:\/\/www.regionalis.shop\/stoffwild-handgemachte-mode\/wp-json\/wp\/v2\/types\/product"}],"wp:featuredmedia":[{"embeddable":true,"href":"https:\/\/www.regionalis.shop\/stoffwild-handgemachte-mode\/wp-json\/wp\/v2\/media\/2086"}],"wp:attachment":[{"href":"https:\/\/www.regionalis.shop\/stoffwild-handgemachte-mode\/wp-json\/wp\/v2\/media?parent=2890"}],"wp:term":[{"taxonomy":"product_brand","embeddable":true,"href":"https:\/\/www.regionalis.shop\/stoffwild-handgemachte-mode\/wp-json\/wp\/v2\/product_brand?post=2890"},{"taxonomy":"product_cat","embeddable":true,"href":"https:\/\/www.regionalis.shop\/stoffwild-handgemachte-mode\/wp-json\/wp\/v2\/product_cat?post=2890"},{"taxonomy":"product_tag","embeddable":true,"href":"https:\/\/www.regionalis.shop\/stoffwild-handgemachte-mode\/wp-json\/wp\/v2\/product_tag?post=2890"}],"curies":[{"name":"wp","href":"https:\/\/api.w.org\/{rel}","templated":true}]}}