{"id":2891,"date":"2025-12-02T18:26:41","date_gmt":"2025-12-02T17:26:41","guid":{"rendered":"https:\/\/www.regionalis.shop\/stoffwild-handgemachte-mode\/?post_type=product&#038;p=2891"},"modified":"2025-12-02T18:26:58","modified_gmt":"2025-12-02T17:26:58","slug":"buendchenhaube-gruene-tiere-gr-s","status":"publish","type":"product","link":"https:\/\/www.regionalis.shop\/stoffwild-handgemachte-mode\/shop\/buendchenhaube-gruene-tiere-gr-s\/","title":{"rendered":"B\u00fcndchenhaube gr\u00fcne Tiere, Gr. S"},"content":{"rendered":"<p>Coole B\u00fcndchenhaube aus Jersey-Stoff mit Tier-Motiv: Krokodil, Schildkr\u00f6te, Frosch, Eidechse, Schnecke, Cham\u00e4leon, K\u00e4nguru und viele Bl\u00e4tter \ud83c\udf42<\/p>\n<p>Eine Seite ist mit Motivstoff, die andere mit moosgr\u00fcn gearbeitet.<\/p>\n<p>Als Highlight wurde eine aufw\u00e4ndige Negativ-Applikation gemacht: Es sieht so aus, als ob die Tiere von innen heraus durch ein &#8222;Fenster&#8220; kommen!<\/p>\n<p>Das B\u00fcndchen ist sehr dehnbar und sorgt daf\u00fcr, dass die M\u00fctze nicht verrutscht und auf den Ohren bleibt \ud83d\udc4d &#8230;und sie w\u00e4chst \u00fcber mehrere Gr\u00f6\u00dfen mit<\/p>\n<p>Auch eine nette Geschenkidee zur Geburt &#8211; so hat das Baby (und die Eltern \ud83d\ude09) auch Monate nach dem wundersch\u00f6nen Ereignis noch etwas davon<\/p>\n<p>B\u00fcndchenhaube Kopfumfang: S (Baby\/Kleinkind): ca 36-40\/41cm<\/p>\n","protected":false},"excerpt":{"rendered":"<p>B\u00fcndchenhaube mit lustigen, gr\u00fcnen Tierchen<\/p>\n","protected":false},"featured_media":2090,"template":"","meta":{"_acf_changed":false},"product_brand":[1053],"product_cat":[18],"product_tag":[254,255,256,587,194,588,589,591,592,593,614,197,594,595,257],"class_list":{"0":"post-2891","1":"product","2":"type-product","3":"status-publish","4":"has-post-thumbnail","6":"product_brand-stoffwild","7":"product_cat-uncategorised","8":"product_tag-baby-haube","9":"product_tag-buendchen-haube","10":"product_tag-buendchenhaube","11":"product_tag-chamaeleon","12":"product_tag-duenne-haube","13":"product_tag-eidechse","14":"product_tag-frosch","15":"product_tag-kaenguruh","16":"product_tag-kleine-tiere","17":"product_tag-krokodil","18":"product_tag-lustige-tiere","19":"product_tag-muetze","20":"product_tag-schildkroete","21":"product_tag-schnecke","22":"product_tag-verrutscht-nicht","23":"product_shipping_class-standardversand","25":"first","26":"instock","27":"taxable","28":"shipping-taxable","29":"purchasable","30":"product-type-simple"},"acf":[],"_links":{"self":[{"href":"https:\/\/www.regionalis.shop\/stoffwild-handgemachte-mode\/wp-json\/wp\/v2\/product\/2891","targetHints":{"allow":["GET"]}}],"collection":[{"href":"https:\/\/www.regionalis.shop\/stoffwild-handgemachte-mode\/wp-json\/wp\/v2\/product"}],"about":[{"href":"https:\/\/www.regionalis.shop\/stoffwild-handgemachte-mode\/wp-json\/wp\/v2\/types\/product"}],"wp:featuredmedia":[{"embeddable":true,"href":"https:\/\/www.regionalis.shop\/stoffwild-handgemachte-mode\/wp-json\/wp\/v2\/media\/2090"}],"wp:attachment":[{"href":"https:\/\/www.regionalis.shop\/stoffwild-handgemachte-mode\/wp-json\/wp\/v2\/media?parent=2891"}],"wp:term":[{"taxonomy":"product_brand","embeddable":true,"href":"https:\/\/www.regionalis.shop\/stoffwild-handgemachte-mode\/wp-json\/wp\/v2\/product_brand?post=2891"},{"taxonomy":"product_cat","embeddable":true,"href":"https:\/\/www.regionalis.shop\/stoffwild-handgemachte-mode\/wp-json\/wp\/v2\/product_cat?post=2891"},{"taxonomy":"product_tag","embeddable":true,"href":"https:\/\/www.regionalis.shop\/stoffwild-handgemachte-mode\/wp-json\/wp\/v2\/product_tag?post=2891"}],"curies":[{"name":"wp","href":"https:\/\/api.w.org\/{rel}","templated":true}]}}