{"id":2896,"date":"2025-12-02T18:27:00","date_gmt":"2025-12-02T17:27:00","guid":{"rendered":"https:\/\/www.regionalis.shop\/stoffwild-handgemachte-mode\/?post_type=product&#038;p=2896"},"modified":"2025-12-02T18:27:09","modified_gmt":"2025-12-02T17:27:09","slug":"buendchenhaube-wintertiere-gr-m","status":"publish","type":"product","link":"https:\/\/www.regionalis.shop\/stoffwild-handgemachte-mode\/shop\/buendchenhaube-wintertiere-gr-m\/","title":{"rendered":"B\u00fcndchenhaube WinterTiere, Gr. M"},"content":{"rendered":"<p>S\u00fcsse B\u00fcndchenhaube aus weichem Jersey-Stoff mit lustigen Wintertieren: Pinguine \ud83d\udc27, Eisb\u00e4ren \ud83d\udc3b\u200d\u2744\ufe0f und ein Rentier-Schwein \ud83d\udc16 singen fr\u00f6hlich aus ihren Liederb\u00fcchern vor \ud83c\udfb6 \ud83c\udfb5<\/p>\n<p>Perfekt f\u00fcr die Winter- und Weihnachtszeit \ud83c\udf84 \u2603\ufe0f<\/p>\n<p>Highlight sind die vielen Details: ein Eisb\u00e4r auf wei\u00dfem Aufn\u00e4her, ein Pinguin, der keck hinter dem B\u00fcndchen hervorschaut und dann das kleine Rentier-Schwein, das fr\u00f6hlich singt \ud83c\udfb6<\/p>\n<p>Das B\u00fcndchen ist sehr dehnbar und sorgt daf\u00fcr, dass die M\u00fctze nicht verrutscht und auf den Ohren bleibt \ud83d\udc4d &#8230;und sie w\u00e4chst \u00fcber mehrere Gr\u00f6\u00dfen mit<\/p>\n<p>Auch eine nette Geschenkidee zur Geburt &#8211; so hat das Baby (und die Eltern \ud83d\ude09) auch Monate nach dem wundersch\u00f6nen Ereignis noch etwas davon<\/p>\n<p>B\u00fcndchenhaube Kopfumfang: M (Kleinkind\/Kind): ca. 41-50cm<\/p>\n","protected":false},"excerpt":{"rendered":"<p>B\u00fcndchenhaube mit lustigen WinterTieren und Aufn\u00e4hern<\/p>\n","protected":false},"featured_media":2098,"template":"","meta":{"_acf_changed":false},"product_brand":[1053],"product_cat":[18],"product_tag":[254,255,256,194,317,197,567,573,574,575,257,576,577],"class_list":{"0":"post-2896","1":"product","2":"type-product","3":"status-publish","4":"has-post-thumbnail","6":"product_brand-stoffwild","7":"product_cat-uncategorised","8":"product_tag-baby-haube","9":"product_tag-buendchen-haube","10":"product_tag-buendchenhaube","11":"product_tag-duenne-haube","12":"product_tag-eisbaer","13":"product_tag-muetze","14":"product_tag-pinguin","15":"product_tag-rentier","16":"product_tag-schwein","17":"product_tag-tiere-im-winter","18":"product_tag-verrutscht-nicht","19":"product_tag-weihnachten","20":"product_tag-wintertiere","21":"product_shipping_class-standardversand","23":"first","24":"instock","25":"featured","26":"taxable","27":"shipping-taxable","28":"purchasable","29":"product-type-simple"},"acf":[],"_links":{"self":[{"href":"https:\/\/www.regionalis.shop\/stoffwild-handgemachte-mode\/wp-json\/wp\/v2\/product\/2896","targetHints":{"allow":["GET"]}}],"collection":[{"href":"https:\/\/www.regionalis.shop\/stoffwild-handgemachte-mode\/wp-json\/wp\/v2\/product"}],"about":[{"href":"https:\/\/www.regionalis.shop\/stoffwild-handgemachte-mode\/wp-json\/wp\/v2\/types\/product"}],"wp:featuredmedia":[{"embeddable":true,"href":"https:\/\/www.regionalis.shop\/stoffwild-handgemachte-mode\/wp-json\/wp\/v2\/media\/2098"}],"wp:attachment":[{"href":"https:\/\/www.regionalis.shop\/stoffwild-handgemachte-mode\/wp-json\/wp\/v2\/media?parent=2896"}],"wp:term":[{"taxonomy":"product_brand","embeddable":true,"href":"https:\/\/www.regionalis.shop\/stoffwild-handgemachte-mode\/wp-json\/wp\/v2\/product_brand?post=2896"},{"taxonomy":"product_cat","embeddable":true,"href":"https:\/\/www.regionalis.shop\/stoffwild-handgemachte-mode\/wp-json\/wp\/v2\/product_cat?post=2896"},{"taxonomy":"product_tag","embeddable":true,"href":"https:\/\/www.regionalis.shop\/stoffwild-handgemachte-mode\/wp-json\/wp\/v2\/product_tag?post=2896"}],"curies":[{"name":"wp","href":"https:\/\/api.w.org\/{rel}","templated":true}]}}