{"id":2901,"date":"2025-12-02T18:27:01","date_gmt":"2025-12-02T17:27:01","guid":{"rendered":"https:\/\/www.regionalis.shop\/stoffwild-handgemachte-mode\/?post_type=product&#038;p=2901"},"modified":"2025-12-02T18:41:39","modified_gmt":"2025-12-02T17:41:39","slug":"sommershirt-regenbogen-rosa-bordeaux-gr-104","status":"publish","type":"product","link":"https:\/\/www.regionalis.shop\/stoffwild-handgemachte-mode\/shop\/sommershirt-regenbogen-rosa-bordeaux-gr-104\/","title":{"rendered":"SommerShirt Regenbogen rosa-bordeaux, Gr. 104"},"content":{"rendered":"<p>Wundersch\u00f6nes M\u00e4dchen-Shirt in Gr\u00f6\u00dfe 104 aus weichem Jersey mit tollem Regenbogen-Muster in rosa und unifarbenen Bordeaux.<\/p>\n<p>Toll als Geburtstags-Geschenk, zu Weihnachten oder anderen Feierlichkeiten \ud83d\udc9b<\/p>\n<p>Das Shirt hat als Abschluss ein bequemes B\u00fcndchen angen\u00e4ht &#8211; so engt nichts ein &amp; sitzt perfekt.<\/p>\n<p>Sommer-Shirt: Gr. 104: 4 &#8211; 5 Jahre<\/p>\n<p>Farbe: rosa Regenbogen oben \/ bordeaux unten<\/p>\n","protected":false},"excerpt":{"rendered":"<p>S\u00fcsses Sommershirt mit rosa Regenbogen und Unistoff in bordeaux-rot<\/p>\n","protected":false},"featured_media":2114,"template":"","meta":{"_acf_changed":false},"product_brand":[1053],"product_cat":[38,49,18],"product_tag":[465,412,332,623,466],"class_list":{"0":"post-2901","1":"product","2":"type-product","3":"status-publish","4":"has-post-thumbnail","6":"product_brand-stoffwild","7":"product_cat-baby-kinder","8":"product_cat-kinderkleidung","9":"product_cat-uncategorised","10":"product_tag-kurzarm","11":"product_tag-maedchen-shirt","12":"product_tag-regenbogen","13":"product_tag-sommershirt","14":"product_tag-t-shirt","15":"product_shipping_class-standardversand","17":"first","18":"instock","19":"taxable","20":"shipping-taxable","21":"purchasable","22":"product-type-simple"},"acf":[],"_links":{"self":[{"href":"https:\/\/www.regionalis.shop\/stoffwild-handgemachte-mode\/wp-json\/wp\/v2\/product\/2901","targetHints":{"allow":["GET"]}}],"collection":[{"href":"https:\/\/www.regionalis.shop\/stoffwild-handgemachte-mode\/wp-json\/wp\/v2\/product"}],"about":[{"href":"https:\/\/www.regionalis.shop\/stoffwild-handgemachte-mode\/wp-json\/wp\/v2\/types\/product"}],"wp:featuredmedia":[{"embeddable":true,"href":"https:\/\/www.regionalis.shop\/stoffwild-handgemachte-mode\/wp-json\/wp\/v2\/media\/2114"}],"wp:attachment":[{"href":"https:\/\/www.regionalis.shop\/stoffwild-handgemachte-mode\/wp-json\/wp\/v2\/media?parent=2901"}],"wp:term":[{"taxonomy":"product_brand","embeddable":true,"href":"https:\/\/www.regionalis.shop\/stoffwild-handgemachte-mode\/wp-json\/wp\/v2\/product_brand?post=2901"},{"taxonomy":"product_cat","embeddable":true,"href":"https:\/\/www.regionalis.shop\/stoffwild-handgemachte-mode\/wp-json\/wp\/v2\/product_cat?post=2901"},{"taxonomy":"product_tag","embeddable":true,"href":"https:\/\/www.regionalis.shop\/stoffwild-handgemachte-mode\/wp-json\/wp\/v2\/product_tag?post=2901"}],"curies":[{"name":"wp","href":"https:\/\/api.w.org\/{rel}","templated":true}]}}