{"id":2918,"date":"2025-12-02T18:27:05","date_gmt":"2025-12-02T17:27:05","guid":{"rendered":"https:\/\/www.regionalis.shop\/stoffwild-handgemachte-mode\/?post_type=product&#038;p=2918"},"modified":"2025-12-02T18:40:36","modified_gmt":"2025-12-02T17:40:36","slug":"tunika-magisch","status":"publish","type":"product","link":"https:\/\/www.regionalis.shop\/stoffwild-handgemachte-mode\/shop\/tunika-magisch\/","title":{"rendered":"Tunika MAGISCH"},"content":{"rendered":"<p>Diese entz\u00fcckende Tunika ist ein Traum f\u00fcr kleine Prinzessinnen. Mit ihrem zarten Eulen- und Blumenmuster kombiniert mit einem sanften Farb\u00fcbergang von Cremewei\u00df zu einem tiefen Beerenrot, vereint sie verspielte Eleganz mit h\u00f6chstem Tragekomfort. Ein magisches Design im &#8222;Harry-Potter&#8220;-Stil <span class=\"x193iq5w xeuugli x13faqbe x1vvkbs x10flsy6 x1lliihq x1s928wv xhkezso x1gmr53x x1cpjm7i x1fgarty x1943h6x x4zkp8e x41vudc x6prxxf xvq8zen xo1l8bm xzsf02u x1yc453h\" dir=\"auto\">\ud83e\ude84<\/span><\/p>\n<p>Die lockere Passform sorgt daf\u00fcr, dass sich Ihr Kleines frei bewegen kann, w\u00e4hrend die hochwertige Verarbeitung eine sanfte Ber\u00fchrung auf der Haut gew\u00e4hrleistet. Das Oberteil ist aus weichem Bio-FrenchTerry und der Rockteil sowie die Fl\u00fcgel\u00e4rmel sind aus locker-leichtem Musselin mit tollem Batik-Muster.<\/p>\n<p>Ob f\u00fcr besondere Anl\u00e4sse oder den Alltag \u2013 diese Tunika w\u00e4chst dank ihrer Doppelgr\u00f6\u00dfe ein St\u00fcck mit Ihrem Kind mit.<\/p>\n<p>Verf\u00fcgbare Gr\u00f6\u00dfen: <del>74\/80 &amp;<\/del> 86\/92<\/p>\n<p>Gen\u00e4ht nach dem Schnittmuster \u201clittle miss fairy\u201c von Engelinchen Design<\/p>\n","protected":false},"excerpt":{"rendered":"<p>Diese entz\u00fcckende Tunika ist ein Traum f\u00fcr kleine Prinzessinnen. Mit ihrem zarten Eulen- und Blumenmuster kombiniert mit einem sanften Farb\u00fcbergang von Cremewei\u00df zu einem tiefen Beerenrot, vereint sie verspielte Eleganz mit h\u00f6chstem Tragekomfort. Ein magisches Design im &#8222;Harry-Potter&#8220;-Stil \ud83e\ude84 Die lockere Passform sorgt daf\u00fcr, dass sich Ihr Kleines frei bewegen kann, w\u00e4hrend die hochwertige Verarbeitung &hellip; <a href=\"https:\/\/www.regionalis.shop\/stoffwild-handgemachte-mode\/shop\/tunika-magisch\/\">Continued<\/a><\/p>\n","protected":false},"featured_media":2159,"template":"","meta":{"_acf_changed":false},"product_brand":[1053],"product_cat":[38,49,18],"product_tag":[647,559,648,216,649,562],"class_list":{"0":"post-2918","1":"product","2":"type-product","3":"status-publish","4":"has-post-thumbnail","6":"product_brand-stoffwild","7":"product_cat-baby-kinder","8":"product_cat-kinderkleidung","9":"product_cat-uncategorised","10":"product_tag-babykleid","11":"product_tag-babytunika","12":"product_tag-harry-potter","13":"product_tag-musselin","14":"product_tag-sommertunka","15":"product_tag-tunika","16":"product_shipping_class-standardversand","18":"first","19":"instock","20":"taxable","21":"shipping-taxable","22":"purchasable","23":"product-type-variable"},"acf":[],"_links":{"self":[{"href":"https:\/\/www.regionalis.shop\/stoffwild-handgemachte-mode\/wp-json\/wp\/v2\/product\/2918","targetHints":{"allow":["GET"]}}],"collection":[{"href":"https:\/\/www.regionalis.shop\/stoffwild-handgemachte-mode\/wp-json\/wp\/v2\/product"}],"about":[{"href":"https:\/\/www.regionalis.shop\/stoffwild-handgemachte-mode\/wp-json\/wp\/v2\/types\/product"}],"wp:featuredmedia":[{"embeddable":true,"href":"https:\/\/www.regionalis.shop\/stoffwild-handgemachte-mode\/wp-json\/wp\/v2\/media\/2159"}],"wp:attachment":[{"href":"https:\/\/www.regionalis.shop\/stoffwild-handgemachte-mode\/wp-json\/wp\/v2\/media?parent=2918"}],"wp:term":[{"taxonomy":"product_brand","embeddable":true,"href":"https:\/\/www.regionalis.shop\/stoffwild-handgemachte-mode\/wp-json\/wp\/v2\/product_brand?post=2918"},{"taxonomy":"product_cat","embeddable":true,"href":"https:\/\/www.regionalis.shop\/stoffwild-handgemachte-mode\/wp-json\/wp\/v2\/product_cat?post=2918"},{"taxonomy":"product_tag","embeddable":true,"href":"https:\/\/www.regionalis.shop\/stoffwild-handgemachte-mode\/wp-json\/wp\/v2\/product_tag?post=2918"}],"curies":[{"name":"wp","href":"https:\/\/api.w.org\/{rel}","templated":true}]}}