{"id":2984,"date":"2025-12-02T18:27:56","date_gmt":"2025-12-02T17:27:56","guid":{"rendered":"https:\/\/www.regionalis.shop\/stoffwild-handgemachte-mode\/?post_type=product&#038;p=2984"},"modified":"2025-12-03T21:25:58","modified_gmt":"2025-12-03T20:25:58","slug":"schultuete-mit-wunschname-personalisiert-handgenaeht-und-einzigartig","status":"publish","type":"product","link":"https:\/\/www.regionalis.shop\/stoffwild-handgemachte-mode\/shop\/schultuete-mit-wunschname-personalisiert-handgenaeht-und-einzigartig\/","title":{"rendered":"Schult\u00fcte mit Wunschname \u2013 personalisiert, handgen\u00e4ht und einzigartig"},"content":{"rendered":"<h2><strong>\ud83c\udf89 Personalisierte Schult\u00fcten \u2013 Handgen\u00e4ht und Einzigartig \ud83c\udf89<\/strong><\/h2>\n<p dir=\"auto\">Feiere den Schulanfang mit meinen handgen\u00e4hten und personalisierten Schult\u00fcten! Jede Schult\u00fcte wird mit Liebe zum Detail aus hochwertigen Materialien gefertigt und kann ganz nach den W\u00fcnschen deines Kindes gestaltet. Entdecke vielf\u00e4ltigen Motive, Farben und Themen, die jede Schult\u00fcte zu einem Unikat machen \ud83e\udd29<\/p>\n<p><strong>Personalisierung:&nbsp;<\/strong>Jede Schult\u00fcte kann mit dem Namen deines Kindes bedruckt werden. Du kannst die Schult\u00fcte aber auch ohne Namen bestellen.<\/p>\n<p><em><strong>\ud83d\udc49 Gut zu wissen<\/strong><\/em>: Zu fast allen Schult\u00fcten-Designs gibt es auch passende Jersey-Stoffe. Gerne n\u00e4he ich f\u00fcr deinen Liebling ein zur Schult\u00fcte <a href=\"https:\/\/www.stoffwild.at\/produkt\/individuelles-sommershirt\/\" target=\"_blank\" rel=\"noopener\"><strong>passendes T-Shirt<\/strong><\/a> \u2728<\/p>\n<p><strong>B\u00fcgelbilder:<\/strong> Du kannst auch ein Design ohne Motiv mit einem B\u00fcgelbild aufpeppen. Schreib mir deine W\u00fcnsche! Diese Variante erm\u00f6glicht es dir, dein Wunschmotiv auf die Schult\u00fcte zu bekommen \ud83d\udc4d <a href=\"https:\/\/www.stoffwild.at\/produkt\/buegelbild-fuer-schultuete\/\" target=\"_blank\" rel=\"noopener\"><strong>Bestelle hier dein B\u00fcgelbild<\/strong><\/a><\/p>\n<p><strong>Nachhaltigkeit:&nbsp;<\/strong>&nbsp;\ud83d\udc9a Meine Schult\u00fcten sind nicht nur sch\u00f6n, sondern auch nachhaltig. Die Stoffe (100% Baumwolle) werden in Europa unter fairen Bedingungen gewebt und sind biologisch zertifiziert. Sie werden in Deutschland mit umweltfreundlicher BIO-Tinte bedruckt. Die Produktion ist komplett wasserfrei, besonders sauber und wird mit Strom aus Windenergie betrieben. Gut f\u00fcr die Umwelt, gut f\u00fcr die Zukunft unserer Kinder. \ud83e\udef6&nbsp;&nbsp;<\/p>\n<p><strong>Fertigungs- und Lieferzeit:<\/strong> \ud83c\udf0d Dein ausgew\u00e4hltes Design wird extra f\u00fcr dich gedruckt. Sobald die Bestellung eingegangen und bezahlt ist betr\u00e4gt die Druckzeit 14 Tage. Hinzu kommen dann noch 3-5 Tage f\u00fcr die Fertigstellung deines Einzelst\u00fcckes \ud83c\udf1f<\/p>\n<p><strong>Weiterverwenden<\/strong>: Mit dem optionalen Kissen-Inlet kann die Schult\u00fcte nach dem Schulanfang weiter als Kuschel-Kissen verwendet werden. So bleibt die Schult\u00fcte ein treuer Begleiter f\u00fcr viele Jahre.<\/p>\n<p><strong>Handgemacht mit Liebe:&nbsp;<\/strong>Jede Schult\u00fcte wird in liebevoller Handarbeit gen\u00e4ht. Ich lege gro\u00dfen Wert auf Qualit\u00e4t und verwende nur hochwertige Materialien, um sicherzustellen, dass dein Kind lange Freude an seiner Schult\u00fcte hat.<\/p>\n<hr>\n<p><strong>Ein Auszug der Motivgruppen<\/strong><\/p>\n<p>Hier kannst du mit deinem Schatz in Ruhe die Motive durchsuchen \ud83d\udc95 Schreib mir bitte, falls ihr nicht f\u00fcndig geworden seit &#8211; es kommen laufend neue Motive hinzu. <strong><a href=\"https:\/\/www.stoffwild.at\/schultueten\/\" target=\"_blank\" rel=\"noopener\">~~~Zu den Schult\u00fcten-Motiven~~~<\/a><\/strong><\/p>\n<hr>\n<h3>\ud83d\udccf Wichtige Produktdetails:<\/h3>\n<ul>\n<li><strong>Material:<\/strong> 100 % Baumwolle (Canvas)<\/li>\n<li><strong>Gr\u00f6\u00dfe: <\/strong>ca. 70cm lang<\/li>\n<li><strong>komplett mit Papp-Rohling<\/strong><\/li>\n<li><strong>Versand<\/strong>: Preis ist <strong>zzgl<\/strong>. Verpackung und Versand: +<strong> \u20ac 10,- (f\u00fcr \ud83c\udde6\ud83c\uddf9)<\/strong> Der Versandkarton ist so gro\u00df wie die Schult\u00fcte um den Papprohling vor dem Umknicken zu sch\u00fctzen! Bei Abholung entfallen die Versandkosten nat\u00fcrlich \ud83d\ude09<strong>\n<p><\/strong><\/li>\n<li><strong>OPTIONAL: Schult\u00fcte <em>OHNE<\/em> Papp-Rohling<\/strong>; du m\u00f6chtest dir selbst einen Papp-Rohling besorgen oder hast schon einen daheim? Gerne kannst du die Schult\u00fcte auch ohne Rohling bestellen &#8211; hier vermindern sich die Versandkosten erheblich, da der Karton nicht 80cm lang sein muss. Du ben\u00f6tigst f\u00fcr die Ausformung einen Papprohling mit 70cm und ca. 18cm Durchmesser. <a href=\"https:\/\/www.stoffwild.at\/produkt\/schultueten-mit-wunschname-ohne-rohling\/\" target=\"_blank\" rel=\"noopener\"><em><strong>\ud83d\udc49 Hier kannst du nur die Stoffh\u00fclle bestellen<\/strong><\/em><\/a><\/li>\n<li><strong>OPTIONAL: Kissen-Inlet zur Weiterverwendung als Kuschelkissen \ud83e\udd70<\/strong><\/li>\n<\/ul>\n<hr>\n<h3>\ud83d\udc49 &nbsp;So gestaltest du deine Wunsch-Schult\u00fcte:<\/h3>\n<ol>\n<li>Leg die Schult\u00fcte in der gew\u00fcnschten Variation (<strong>mit oder ohne Kissen<\/strong>) in den Warenkorb, \ud83d\uded2<\/li>\n<li><strong>Deine W\u00fcnsche notieren:<\/strong> Schreib mir in den Anmerkungen, wie die Schult\u00fcte aussehen soll: von Name, Farbe, Muster, Motiv bis zu besonderen Extras. \u270f\ufe0f<\/li>\n<li><strong>Bestellung abschlie\u00dfen<\/strong> (bitte <strong>Vorkasse<\/strong> w\u00e4hlen. Die Zahlungsart kann sp\u00e4ter noch angepasst werden).<\/li>\n<li><strong>Design-Prozess:<\/strong> Ich sende dir individuelle Vorschl\u00e4ge per E-Mail und du entscheidest dich f\u00fcr deinen Favoriten! \ud83e\udd47<\/li>\n<li><strong>Zum Schluss:<\/strong> Sobald die Schult\u00fcte gen\u00e4ht ist, macht sie sich auf den Weg zu dir. \ud83d\udce6<\/li>\n<\/ol>\n<p><strong>Wichtig:<\/strong> Der Endpreis kann je nach Extras variieren (z. B. bei Unterteilungen, B\u00fcgelbildern, Aufn\u00e4hern,&#8230;).<\/p>\n<hr>\n<p><strong>Bestelle jetzt: <\/strong>Entdecke die <a href=\"https:\/\/www.stoffwild.at\/schultueten\/\" target=\"_blank\" rel=\"noopener\">vielf\u00e4ltigen Motive<\/a> und gestalte die perfekte Schult\u00fcte f\u00fcr den Schulanfang deines Kindes. Bestelle noch heute und mache den ersten Schultag zu einem unvergesslichen Erlebnis!<\/p>\n","protected":false},"excerpt":{"rendered":"<p>personalisierte Schult\u00fcte mit Papp-Rohling<\/p>\n","protected":false},"featured_media":2399,"template":"","meta":{"_acf_changed":false},"product_brand":[1053],"product_cat":[38,164,168,95,96,18],"product_tag":[867,868,869,870,871,872],"class_list":{"0":"post-2984","1":"product","2":"type-product","3":"status-publish","4":"has-post-thumbnail","6":"product_brand-stoffwild","7":"product_cat-baby-kinder","8":"product_cat-reisepasshuellen-taschen","9":"product_cat-sonstiges-taschen","10":"product_cat-taschen","11":"product_cat-taschen-baby-kinder","12":"product_cat-uncategorised","13":"product_tag-handgenaehte-schultueten","14":"product_tag-nachhaltige-schultueten","15":"product_tag-personalisierte-schultueten","16":"product_tag-schultuete","17":"product_tag-schultueten-mit-namen","18":"product_tag-schultueten-motive","19":"product_shipping_class-versand-schultuete","21":"first","22":"onbackorder","23":"taxable","24":"shipping-taxable","25":"purchasable","26":"product-type-variable"},"acf":[],"_links":{"self":[{"href":"https:\/\/www.regionalis.shop\/stoffwild-handgemachte-mode\/wp-json\/wp\/v2\/product\/2984","targetHints":{"allow":["GET"]}}],"collection":[{"href":"https:\/\/www.regionalis.shop\/stoffwild-handgemachte-mode\/wp-json\/wp\/v2\/product"}],"about":[{"href":"https:\/\/www.regionalis.shop\/stoffwild-handgemachte-mode\/wp-json\/wp\/v2\/types\/product"}],"wp:featuredmedia":[{"embeddable":true,"href":"https:\/\/www.regionalis.shop\/stoffwild-handgemachte-mode\/wp-json\/wp\/v2\/media\/2399"}],"wp:attachment":[{"href":"https:\/\/www.regionalis.shop\/stoffwild-handgemachte-mode\/wp-json\/wp\/v2\/media?parent=2984"}],"wp:term":[{"taxonomy":"product_brand","embeddable":true,"href":"https:\/\/www.regionalis.shop\/stoffwild-handgemachte-mode\/wp-json\/wp\/v2\/product_brand?post=2984"},{"taxonomy":"product_cat","embeddable":true,"href":"https:\/\/www.regionalis.shop\/stoffwild-handgemachte-mode\/wp-json\/wp\/v2\/product_cat?post=2984"},{"taxonomy":"product_tag","embeddable":true,"href":"https:\/\/www.regionalis.shop\/stoffwild-handgemachte-mode\/wp-json\/wp\/v2\/product_tag?post=2984"}],"curies":[{"name":"wp","href":"https:\/\/api.w.org\/{rel}","templated":true}]}}