{"id":862,"date":"2025-05-24T13:44:06","date_gmt":"2025-05-24T11:44:06","guid":{"rendered":"https:\/\/starter.stage.shop-it.at\/?page_id=862"},"modified":"2025-10-23T15:21:37","modified_gmt":"2025-10-23T13:21:37","slug":"startseite","status":"publish","type":"page","link":"https:\/\/www.regionalis.shop\/stolze-weinviertlerin\/","title":{"rendered":"Startseite"},"content":{"rendered":"<section>\n        <div class=\"header-image\">\n            <img decoding=\"async\" src=\"https:\/\/www.regionalis.shop\/app\/uploads\/sites\/576\/6560_2023_03_17_12_03_09_398687474.jpg\" alt=\"\">\n        <\/div>\n    \n    <\/section>\n    <section>\n    <div class=\"header-title\">\n        <h1 class=\"h2\">Willkommen bei Stolze Weinviertlerin<\/h1>\n    <\/div>\n            <h2 class=\"h3\">Handgemacht in Strasshof an der Nordbahn<\/h2>\n                <p>Hallo, ich bin Susanne.<br \/>\nHerzlich willkommen auf meiner Seite.<br \/>\nIch liebe Handgemachtes und Kreatives &#8211; und ich mache Dinge, die mich gl\u00fccklich machen. Inspiriert von meiner Familie habe ich mir einen kleinen Traum erf\u00fcllt und die STOLZE WEINVIERTLERIN gegr\u00fcndet.<br \/>\nBei mir findest du einzigartige Unikate in liebevoller Handarbeit gefertigt. Von der Materialauswahl \u00fcber die Herstellung der Produkte bis zum Versand organisiere und gestalte ich alles mit viel Liebe zum Detail.<\/p>\n\n    \n    <h3>Produkte<\/h3>\n\n    <div class=\"woocommerce columns-3 \"><ul class=\"products columns-3\">\n<li class=\"product type-product post-1052 status-publish first instock product_cat-accessoires-baby-kinder product_cat-baby-kinder has-post-thumbnail purchasable product-type-simple\">\n\t<a href=\"https:\/\/www.regionalis.shop\/stolze-weinviertlerin\/shop\/bandana-stolze-weinviertlerin\/\" class=\"woocommerce-LoopProduct-link woocommerce-loop-product__link\"><div class=\"wc-block-grid__product-image\"><img loading=\"lazy\" decoding=\"async\" width=\"1024\" height=\"1024\" src=\"https:\/\/www.regionalis.shop\/app\/uploads\/sites\/576\/6560_2023_03_20_16_59_15_802540645.jpg\" class=\"attachment-large size-large\" alt=\"Bandana stolze Weinviertlerin\" srcset=\"https:\/\/www.regionalis.shop\/app\/uploads\/sites\/576\/6560_2023_03_20_16_59_15_802540645.jpg 1024w, https:\/\/www.regionalis.shop\/app\/uploads\/sites\/576\/6560_2023_03_20_16_59_15_802540645-300x300.jpg 300w, https:\/\/www.regionalis.shop\/app\/uploads\/sites\/576\/6560_2023_03_20_16_59_15_802540645-150x150.jpg 150w, https:\/\/www.regionalis.shop\/app\/uploads\/sites\/576\/6560_2023_03_20_16_59_15_802540645-768x768.jpg 768w, https:\/\/www.regionalis.shop\/app\/uploads\/sites\/576\/6560_2023_03_20_16_59_15_802540645-600x600.jpg 600w, https:\/\/www.regionalis.shop\/app\/uploads\/sites\/576\/6560_2023_03_20_16_59_15_802540645-100x100.jpg 100w\" sizes=\"auto, (max-width: 1024px) 100vw, 1024px\" \/><\/div><h2 class=\"woocommerce-loop-product__title\">Bandana stolze Weinviertlerin<\/h2>\n\t<span class=\"price\"><span class=\"woocommerce-Price-amount amount\"><bdi>9,00&nbsp;<span class=\"woocommerce-Price-currencySymbol\">&euro;<\/span><\/bdi><\/span><\/span>\n<\/a><\/li>\n<li class=\"product type-product post-1064 status-publish instock product_cat-baby-kinder product_cat-kinderkleidung has-post-thumbnail purchasable product-type-simple\">\n\t<a href=\"https:\/\/www.regionalis.shop\/stolze-weinviertlerin\/shop\/kinder-kurzarm-shirts-stolze-weinviertlerin\/\" class=\"woocommerce-LoopProduct-link woocommerce-loop-product__link\"><div class=\"wc-block-grid__product-image\"><img loading=\"lazy\" decoding=\"async\" width=\"1024\" height=\"1024\" src=\"https:\/\/www.regionalis.shop\/app\/uploads\/sites\/576\/6560_2023_03_20_16_52_32_338200950.jpg\" class=\"attachment-large size-large\" alt=\"Kinder kurzarm Shirts stolze Weinviertlerin\" srcset=\"https:\/\/www.regionalis.shop\/app\/uploads\/sites\/576\/6560_2023_03_20_16_52_32_338200950.jpg 1024w, https:\/\/www.regionalis.shop\/app\/uploads\/sites\/576\/6560_2023_03_20_16_52_32_338200950-300x300.jpg 300w, https:\/\/www.regionalis.shop\/app\/uploads\/sites\/576\/6560_2023_03_20_16_52_32_338200950-150x150.jpg 150w, https:\/\/www.regionalis.shop\/app\/uploads\/sites\/576\/6560_2023_03_20_16_52_32_338200950-768x768.jpg 768w, https:\/\/www.regionalis.shop\/app\/uploads\/sites\/576\/6560_2023_03_20_16_52_32_338200950-600x600.jpg 600w, https:\/\/www.regionalis.shop\/app\/uploads\/sites\/576\/6560_2023_03_20_16_52_32_338200950-100x100.jpg 100w\" sizes=\"auto, (max-width: 1024px) 100vw, 1024px\" \/><\/div><h2 class=\"woocommerce-loop-product__title\">Kinder kurzarm Shirts stolze Weinviertlerin<\/h2>\n\t<span class=\"price\"><span class=\"woocommerce-Price-amount amount\"><bdi>15,00&nbsp;<span class=\"woocommerce-Price-currencySymbol\">&euro;<\/span><\/bdi><\/span><\/span>\n<\/a><\/li>\n<li class=\"product type-product post-1062 status-publish last instock product_cat-baby-kinder product_cat-taschen-baby-kinder has-post-thumbnail purchasable product-type-simple\">\n\t<a href=\"https:\/\/www.regionalis.shop\/stolze-weinviertlerin\/shop\/kinder-rucksack-bio-organic-stolze-weinviertlerin\/\" class=\"woocommerce-LoopProduct-link woocommerce-loop-product__link\"><div class=\"wc-block-grid__product-image\"><img loading=\"lazy\" decoding=\"async\" width=\"1024\" height=\"1024\" src=\"https:\/\/www.regionalis.shop\/app\/uploads\/sites\/576\/6560_2023_03_20_16_10_56_632304742.jpg\" class=\"attachment-large size-large\" alt=\"Kinder Rucksack Bio Organic stolze Weinviertlerin\" srcset=\"https:\/\/www.regionalis.shop\/app\/uploads\/sites\/576\/6560_2023_03_20_16_10_56_632304742.jpg 1024w, https:\/\/www.regionalis.shop\/app\/uploads\/sites\/576\/6560_2023_03_20_16_10_56_632304742-300x300.jpg 300w, https:\/\/www.regionalis.shop\/app\/uploads\/sites\/576\/6560_2023_03_20_16_10_56_632304742-150x150.jpg 150w, https:\/\/www.regionalis.shop\/app\/uploads\/sites\/576\/6560_2023_03_20_16_10_56_632304742-768x768.jpg 768w, https:\/\/www.regionalis.shop\/app\/uploads\/sites\/576\/6560_2023_03_20_16_10_56_632304742-600x600.jpg 600w, https:\/\/www.regionalis.shop\/app\/uploads\/sites\/576\/6560_2023_03_20_16_10_56_632304742-100x100.jpg 100w\" sizes=\"auto, (max-width: 1024px) 100vw, 1024px\" \/><\/div><h2 class=\"woocommerce-loop-product__title\">Kinder Rucksack Bio Organic stolze Weinviertlerin<\/h2>\n\t<span class=\"price\"><span class=\"woocommerce-Price-amount amount\"><bdi>25,00&nbsp;<span class=\"woocommerce-Price-currencySymbol\">&euro;<\/span><\/bdi><\/span><\/span>\n<\/a><\/li>\n<\/ul>\n<\/div>\n    <p>\n        <a href=\"https:\/\/www.regionalis.shop\/stolze-weinviertlerin\/shop\/\" class=\"btn btn-primary btn-icon-right\">\n            Alle Produkte <i class=\"bi bi-arrow-right-short\"><\/i>\n        <\/a>\n    <\/p>\n<\/section>\n\n<div data-block-name=\"woocommerce\/store-notices\" class=\"wc-block-store-notices woocommerce alignwide alignwide wp-block-woocommerce-store-notices\"><div class=\"woocommerce-notices-wrapper\"><\/div><\/div>","protected":false},"excerpt":{"rendered":"","protected":false},"author":1,"featured_media":0,"parent":0,"menu_order":0,"comment_status":"closed","ping_status":"closed","template":"template-home.blade.php","meta":{"_acf_changed":false,"footnotes":""},"class_list":["post-862","page","type-page","status-publish","hentry"],"acf":[],"_links":{"self":[{"href":"https:\/\/www.regionalis.shop\/stolze-weinviertlerin\/wp-json\/wp\/v2\/pages\/862","targetHints":{"allow":["GET"]}}],"collection":[{"href":"https:\/\/www.regionalis.shop\/stolze-weinviertlerin\/wp-json\/wp\/v2\/pages"}],"about":[{"href":"https:\/\/www.regionalis.shop\/stolze-weinviertlerin\/wp-json\/wp\/v2\/types\/page"}],"author":[{"embeddable":true,"href":"https:\/\/www.regionalis.shop\/stolze-weinviertlerin\/wp-json\/wp\/v2\/users\/1"}],"replies":[{"embeddable":true,"href":"https:\/\/www.regionalis.shop\/stolze-weinviertlerin\/wp-json\/wp\/v2\/comments?post=862"}],"version-history":[{"count":28,"href":"https:\/\/www.regionalis.shop\/stolze-weinviertlerin\/wp-json\/wp\/v2\/pages\/862\/revisions"}],"predecessor-version":[{"id":1041,"href":"https:\/\/www.regionalis.shop\/stolze-weinviertlerin\/wp-json\/wp\/v2\/pages\/862\/revisions\/1041"}],"wp:attachment":[{"href":"https:\/\/www.regionalis.shop\/stolze-weinviertlerin\/wp-json\/wp\/v2\/media?parent=862"}],"curies":[{"name":"wp","href":"https:\/\/api.w.org\/{rel}","templated":true}]}}