{"id":1052,"date":"2025-04-18T10:21:48","date_gmt":"2025-04-18T08:21:48","guid":{"rendered":"https:\/\/www.regionalis.shop\/stolze-weinviertlerin\/product\/bandana-stolze-weinviertlerin\/"},"modified":"2025-04-18T10:21:48","modified_gmt":"2025-04-18T08:21:48","slug":"bandana-stolze-weinviertlerin","status":"publish","type":"product","link":"https:\/\/www.regionalis.shop\/stolze-weinviertlerin\/shop\/bandana-stolze-weinviertlerin\/","title":{"rendered":"Bandana stolze Weinviertlerin"},"content":{"rendered":"<p>Bandana<br \/>\n100% zertifizierte Bio-Baumwolle.<br \/>\nzweilagig<br \/>\nGr\u00f6\u00dfenverstellung durch Druckkn\u00f6pfe im Nacken.<\/p>\n<p>in 2 verschiedenen Farben erh\u00e4ltlich<\/p>\n","protected":false},"excerpt":{"rendered":"<p>Bandana 100% zertifizierte Bio-Baumwolle. zweilagig Gr\u00f6\u00dfenverstellung durch Druckkn\u00f6pfe im Nacken. in 2 verschiedenen Farben erh\u00e4ltlich<\/p>\n","protected":false},"featured_media":1053,"template":"","meta":{"_acf_changed":false},"product_brand":[],"product_cat":[107,38],"product_tag":[],"class_list":{"0":"post-1052","1":"product","2":"type-product","3":"status-publish","4":"has-post-thumbnail","6":"product_cat-accessoires-baby-kinder","7":"product_cat-baby-kinder","9":"first","10":"instock","11":"purchasable","12":"product-type-simple"},"acf":[],"_links":{"self":[{"href":"https:\/\/www.regionalis.shop\/stolze-weinviertlerin\/wp-json\/wp\/v2\/product\/1052","targetHints":{"allow":["GET"]}}],"collection":[{"href":"https:\/\/www.regionalis.shop\/stolze-weinviertlerin\/wp-json\/wp\/v2\/product"}],"about":[{"href":"https:\/\/www.regionalis.shop\/stolze-weinviertlerin\/wp-json\/wp\/v2\/types\/product"}],"wp:featuredmedia":[{"embeddable":true,"href":"https:\/\/www.regionalis.shop\/stolze-weinviertlerin\/wp-json\/wp\/v2\/media\/1053"}],"wp:attachment":[{"href":"https:\/\/www.regionalis.shop\/stolze-weinviertlerin\/wp-json\/wp\/v2\/media?parent=1052"}],"wp:term":[{"taxonomy":"product_brand","embeddable":true,"href":"https:\/\/www.regionalis.shop\/stolze-weinviertlerin\/wp-json\/wp\/v2\/product_brand?post=1052"},{"taxonomy":"product_cat","embeddable":true,"href":"https:\/\/www.regionalis.shop\/stolze-weinviertlerin\/wp-json\/wp\/v2\/product_cat?post=1052"},{"taxonomy":"product_tag","embeddable":true,"href":"https:\/\/www.regionalis.shop\/stolze-weinviertlerin\/wp-json\/wp\/v2\/product_tag?post=1052"}],"curies":[{"name":"wp","href":"https:\/\/api.w.org\/{rel}","templated":true}]}}