{"id":1056,"date":"2025-04-18T10:21:21","date_gmt":"2025-04-18T08:21:21","guid":{"rendered":"https:\/\/www.regionalis.shop\/stolze-weinviertlerin\/product\/einkaufskorb-filz-stolze-weinviertlerin\/"},"modified":"2025-04-18T10:21:21","modified_gmt":"2025-04-18T08:21:21","slug":"einkaufskorb-filz-stolze-weinviertlerin","status":"publish","type":"product","link":"https:\/\/www.regionalis.shop\/stolze-weinviertlerin\/shop\/einkaufskorb-filz-stolze-weinviertlerin\/","title":{"rendered":"Einkaufskorb Filz stolze Weinviertlerin"},"content":{"rendered":"<p>Einkaufskorb mit Alurahmen und gro\u00dfem Au\u00dfenfach mit Zipp.<br \/>\naus recyceltem Filz.<br \/>\nGr\u00f6\u00dfe 45x28cm<\/p>\n","protected":false},"excerpt":{"rendered":"<p>Einkaufskorb mit Alurahmen und gro\u00dfem Au\u00dfenfach mit Zipp. aus recyceltem Filz. Gr\u00f6\u00dfe 45x28cm<\/p>\n","protected":false},"featured_media":1057,"template":"","meta":{"_acf_changed":false},"product_brand":[],"product_cat":[142,95],"product_tag":[],"class_list":{"0":"post-1056","1":"product","2":"type-product","3":"status-publish","4":"has-post-thumbnail","6":"product_cat-handtaschen","7":"product_cat-taschen","9":"first","10":"instock","11":"purchasable","12":"product-type-simple"},"acf":[],"_links":{"self":[{"href":"https:\/\/www.regionalis.shop\/stolze-weinviertlerin\/wp-json\/wp\/v2\/product\/1056","targetHints":{"allow":["GET"]}}],"collection":[{"href":"https:\/\/www.regionalis.shop\/stolze-weinviertlerin\/wp-json\/wp\/v2\/product"}],"about":[{"href":"https:\/\/www.regionalis.shop\/stolze-weinviertlerin\/wp-json\/wp\/v2\/types\/product"}],"wp:featuredmedia":[{"embeddable":true,"href":"https:\/\/www.regionalis.shop\/stolze-weinviertlerin\/wp-json\/wp\/v2\/media\/1057"}],"wp:attachment":[{"href":"https:\/\/www.regionalis.shop\/stolze-weinviertlerin\/wp-json\/wp\/v2\/media?parent=1056"}],"wp:term":[{"taxonomy":"product_brand","embeddable":true,"href":"https:\/\/www.regionalis.shop\/stolze-weinviertlerin\/wp-json\/wp\/v2\/product_brand?post=1056"},{"taxonomy":"product_cat","embeddable":true,"href":"https:\/\/www.regionalis.shop\/stolze-weinviertlerin\/wp-json\/wp\/v2\/product_cat?post=1056"},{"taxonomy":"product_tag","embeddable":true,"href":"https:\/\/www.regionalis.shop\/stolze-weinviertlerin\/wp-json\/wp\/v2\/product_tag?post=1056"}],"curies":[{"name":"wp","href":"https:\/\/api.w.org\/{rel}","templated":true}]}}