{"id":1060,"date":"2025-04-18T10:21:21","date_gmt":"2025-04-18T08:21:21","guid":{"rendered":"https:\/\/www.regionalis.shop\/stolze-weinviertlerin\/product\/krims-krams-tascherl-canvas-stolze-weinviertlerin\/"},"modified":"2025-04-18T10:21:21","modified_gmt":"2025-04-18T08:21:21","slug":"krims-krams-tascherl-canvas-stolze-weinviertlerin","status":"publish","type":"product","link":"https:\/\/www.regionalis.shop\/stolze-weinviertlerin\/shop\/krims-krams-tascherl-canvas-stolze-weinviertlerin\/","title":{"rendered":"Krims Krams Tascherl Canvas stolze Weinviertlerin"},"content":{"rendered":"<p>Krims Krams Tascherl Canvas.<br \/>\naus geb\u00fcrstetem Bio-Baumwollleinen.<br \/>\nerh\u00e4ltlich in 2 verschiedenen Gr\u00f6\u00dfen.<br \/>\nerh\u00e4ltlich in 2 verschiedenen Farben.<br \/>\npraktisch f\u00fcr Kosmetikartikel, Hygieneartikel, Wickelutensilien<\/p>\n","protected":false},"excerpt":{"rendered":"<p>Krims Krams Tascherl Canvas. aus geb\u00fcrstetem Bio-Baumwollleinen. erh\u00e4ltlich in 2 verschiedenen Gr\u00f6\u00dfen. erh\u00e4ltlich in 2 verschiedenen Farben. praktisch f\u00fcr Kosmetikartikel, Hygieneartikel, Wickelutensilien<\/p>\n","protected":false},"featured_media":1061,"template":"","meta":{"_acf_changed":false},"product_brand":[],"product_cat":[155,95],"product_tag":[],"class_list":{"0":"post-1060","1":"product","2":"type-product","3":"status-publish","4":"has-post-thumbnail","6":"product_cat-kosmetiktaschen","7":"product_cat-taschen","9":"first","10":"instock","11":"purchasable","12":"product-type-simple"},"acf":[],"_links":{"self":[{"href":"https:\/\/www.regionalis.shop\/stolze-weinviertlerin\/wp-json\/wp\/v2\/product\/1060","targetHints":{"allow":["GET"]}}],"collection":[{"href":"https:\/\/www.regionalis.shop\/stolze-weinviertlerin\/wp-json\/wp\/v2\/product"}],"about":[{"href":"https:\/\/www.regionalis.shop\/stolze-weinviertlerin\/wp-json\/wp\/v2\/types\/product"}],"wp:featuredmedia":[{"embeddable":true,"href":"https:\/\/www.regionalis.shop\/stolze-weinviertlerin\/wp-json\/wp\/v2\/media\/1061"}],"wp:attachment":[{"href":"https:\/\/www.regionalis.shop\/stolze-weinviertlerin\/wp-json\/wp\/v2\/media?parent=1060"}],"wp:term":[{"taxonomy":"product_brand","embeddable":true,"href":"https:\/\/www.regionalis.shop\/stolze-weinviertlerin\/wp-json\/wp\/v2\/product_brand?post=1060"},{"taxonomy":"product_cat","embeddable":true,"href":"https:\/\/www.regionalis.shop\/stolze-weinviertlerin\/wp-json\/wp\/v2\/product_cat?post=1060"},{"taxonomy":"product_tag","embeddable":true,"href":"https:\/\/www.regionalis.shop\/stolze-weinviertlerin\/wp-json\/wp\/v2\/product_tag?post=1060"}],"curies":[{"name":"wp","href":"https:\/\/api.w.org\/{rel}","templated":true}]}}