{"id":1062,"date":"2025-04-18T10:21:21","date_gmt":"2025-04-18T08:21:21","guid":{"rendered":"https:\/\/www.regionalis.shop\/stolze-weinviertlerin\/product\/kinder-rucksack-bio-organic-stolze-weinviertlerin\/"},"modified":"2025-04-18T10:21:21","modified_gmt":"2025-04-18T08:21:21","slug":"kinder-rucksack-bio-organic-stolze-weinviertlerin","status":"publish","type":"product","link":"https:\/\/www.regionalis.shop\/stolze-weinviertlerin\/shop\/kinder-rucksack-bio-organic-stolze-weinviertlerin\/","title":{"rendered":"Kinder Rucksack Bio Organic stolze Weinviertlerin"},"content":{"rendered":"<p>Kinder Rucksack Bio Organic.<br \/>\n100% zertifizierte Bio-Baumwolle<br \/>\nverstellbare Schultergurte<br \/>\nverschlie\u00dfbar mittels Zugkordel<br \/>\nKlappe mit Druckknopf<\/p>\n<p>Gr\u00f6\u00dfe 22x30x12 cm<\/p>\n","protected":false},"excerpt":{"rendered":"<p>Kinder Rucksack Bio Organic. 100% zertifizierte Bio-Baumwolle verstellbare Schultergurte verschlie\u00dfbar mittels Zugkordel Klappe mit Druckknopf Gr\u00f6\u00dfe 22x30x12 cm<\/p>\n","protected":false},"featured_media":1063,"template":"","meta":{"_acf_changed":false},"product_brand":[],"product_cat":[38,96],"product_tag":[],"class_list":{"0":"post-1062","1":"product","2":"type-product","3":"status-publish","4":"has-post-thumbnail","6":"product_cat-baby-kinder","7":"product_cat-taschen-baby-kinder","9":"first","10":"instock","11":"purchasable","12":"product-type-simple"},"acf":[],"_links":{"self":[{"href":"https:\/\/www.regionalis.shop\/stolze-weinviertlerin\/wp-json\/wp\/v2\/product\/1062","targetHints":{"allow":["GET"]}}],"collection":[{"href":"https:\/\/www.regionalis.shop\/stolze-weinviertlerin\/wp-json\/wp\/v2\/product"}],"about":[{"href":"https:\/\/www.regionalis.shop\/stolze-weinviertlerin\/wp-json\/wp\/v2\/types\/product"}],"wp:featuredmedia":[{"embeddable":true,"href":"https:\/\/www.regionalis.shop\/stolze-weinviertlerin\/wp-json\/wp\/v2\/media\/1063"}],"wp:attachment":[{"href":"https:\/\/www.regionalis.shop\/stolze-weinviertlerin\/wp-json\/wp\/v2\/media?parent=1062"}],"wp:term":[{"taxonomy":"product_brand","embeddable":true,"href":"https:\/\/www.regionalis.shop\/stolze-weinviertlerin\/wp-json\/wp\/v2\/product_brand?post=1062"},{"taxonomy":"product_cat","embeddable":true,"href":"https:\/\/www.regionalis.shop\/stolze-weinviertlerin\/wp-json\/wp\/v2\/product_cat?post=1062"},{"taxonomy":"product_tag","embeddable":true,"href":"https:\/\/www.regionalis.shop\/stolze-weinviertlerin\/wp-json\/wp\/v2\/product_tag?post=1062"}],"curies":[{"name":"wp","href":"https:\/\/api.w.org\/{rel}","templated":true}]}}