{"id":1064,"date":"2025-04-18T10:21:21","date_gmt":"2025-04-18T08:21:21","guid":{"rendered":"https:\/\/www.regionalis.shop\/stolze-weinviertlerin\/product\/kinder-kurzarm-shirts-stolze-weinviertlerin\/"},"modified":"2025-04-18T10:21:21","modified_gmt":"2025-04-18T08:21:21","slug":"kinder-kurzarm-shirts-stolze-weinviertlerin","status":"publish","type":"product","link":"https:\/\/www.regionalis.shop\/stolze-weinviertlerin\/shop\/kinder-kurzarm-shirts-stolze-weinviertlerin\/","title":{"rendered":"Kinder kurzarm Shirts stolze Weinviertlerin"},"content":{"rendered":"<p>Kinder kurzarm Shirts<br \/>\nab Gr\u00f6\u00dfe 62<br \/>\nin verschiedenen Farben erh\u00e4ltlich: wei\u00df, dunkelblau, schwarz, pink und grau<br \/>\n100% zertifizierte Bio-Baumwolle<\/p>\n<p>Farbwunsch und Schriftfarbe individuell.<br \/>\nBitte direkt im Warenkorb ins Notizfeld f\u00fcr W\u00fcnsche eintragen oder einfach bei mir melden.<\/p>\n","protected":false},"excerpt":{"rendered":"<p>Kinder kurzarm Shirts ab Gr\u00f6\u00dfe 62 in verschiedenen Farben erh\u00e4ltlich: wei\u00df, dunkelblau, schwarz, pink und grau 100% zertifizierte Bio-Baumwolle Farbwunsch und Schriftfarbe individuell. Bitte direkt im Warenkorb ins Notizfeld f\u00fcr W\u00fcnsche eintragen oder einfach bei mir melden.<\/p>\n","protected":false},"featured_media":1065,"template":"","meta":{"_acf_changed":false},"product_brand":[],"product_cat":[38,49],"product_tag":[],"class_list":{"0":"post-1064","1":"product","2":"type-product","3":"status-publish","4":"has-post-thumbnail","6":"product_cat-baby-kinder","7":"product_cat-kinderkleidung","9":"first","10":"instock","11":"purchasable","12":"product-type-simple"},"acf":[],"_links":{"self":[{"href":"https:\/\/www.regionalis.shop\/stolze-weinviertlerin\/wp-json\/wp\/v2\/product\/1064","targetHints":{"allow":["GET"]}}],"collection":[{"href":"https:\/\/www.regionalis.shop\/stolze-weinviertlerin\/wp-json\/wp\/v2\/product"}],"about":[{"href":"https:\/\/www.regionalis.shop\/stolze-weinviertlerin\/wp-json\/wp\/v2\/types\/product"}],"wp:featuredmedia":[{"embeddable":true,"href":"https:\/\/www.regionalis.shop\/stolze-weinviertlerin\/wp-json\/wp\/v2\/media\/1065"}],"wp:attachment":[{"href":"https:\/\/www.regionalis.shop\/stolze-weinviertlerin\/wp-json\/wp\/v2\/media?parent=1064"}],"wp:term":[{"taxonomy":"product_brand","embeddable":true,"href":"https:\/\/www.regionalis.shop\/stolze-weinviertlerin\/wp-json\/wp\/v2\/product_brand?post=1064"},{"taxonomy":"product_cat","embeddable":true,"href":"https:\/\/www.regionalis.shop\/stolze-weinviertlerin\/wp-json\/wp\/v2\/product_cat?post=1064"},{"taxonomy":"product_tag","embeddable":true,"href":"https:\/\/www.regionalis.shop\/stolze-weinviertlerin\/wp-json\/wp\/v2\/product_tag?post=1064"}],"curies":[{"name":"wp","href":"https:\/\/api.w.org\/{rel}","templated":true}]}}