{"id":1042,"date":"2025-10-23T16:14:07","date_gmt":"2025-10-23T14:14:07","guid":{"rendered":"https:\/\/www.regionalis.shop\/stonial\/?page_id=1042"},"modified":"2025-10-23T16:16:34","modified_gmt":"2025-10-23T14:16:34","slug":"impressum","status":"publish","type":"page","link":"https:\/\/www.regionalis.shop\/stonial\/impressum\/","title":{"rendered":"Impressum"},"content":{"rendered":"<section>\n            <p>Mein Name ist Alexandra Steinberger, 46 Jahre, aus Ober\u00f6sterreich.<br \/>\n2008 hab ich als Hobby zu n\u00e4hen begonnen und schnell gemerkt das<br \/>\nvielen meine gen\u00e4hten Kleinigkeiten gefallen haben, so ist hier schon der<br \/>\nGedanke gereift mich eventuell einmal selbstst\u00e4ndig zu machen.<\/p>\n<p>Durch den Umstieg auf die Schmuckherstellung konnte ich meine Kreativit\u00e4t viel besser ausleben. Ich habe begonnen Schmuck aus Blumen zu<br \/>\nfertigen, habe aber erst nach vielem Ausprobieren und Experimentieren<br \/>\ndas f\u00fcr mich perfekte Harz gefunden.<br \/>\nLangsam kamen immer mehr Anfragen, ob es auch m\u00f6glich w\u00e4re Haare<br \/>\noder Z\u00e4hne einzugie\u00dfen, was ich anfangs gar nicht angedacht hatte.<br \/>\nSchnell bemerkte ich, wieviel es jemanden bedeuten kann, ein Schmuck-<br \/>\nst\u00fcck zu haben mit den Haaren eines lieben Verstorbenen oder der ersten<br \/>\nHaarlocke des Babys, die Milchz\u00e4hne der Kinder oder des Lieblingstieres.<\/p>\n<p>Erst etwas sp\u00e4ter ist auch Muttermilch dazugekommen auch hierzu habe<br \/>\nich \u00fcber ein Jahr Zuschriften bekommen ob ich diese auch in meine<br \/>\nKollektion aufnehmen k\u00f6nne, ich musste viel recherchieren ausprobieren<br \/>\nbis es geklappt hat die Milch so zu konservieren, dass sie ins Harz ein-<br \/>\ngearbeitet werden konnte.<br \/>\nZwei Jahre sp\u00e4ter kam die erste Anfrage nach Ascheschmuck, seitdem<br \/>\nsind auch diese ganz pers\u00f6nlichen Schmuckst\u00fccke bei mir erh\u00e4ltlich.<br \/>\nIch entwickle laufend neue Varianten, nehme auch gerne Ideen meiner<br \/>\nKunden auf.<br \/>\nHinter jedem dieser Anh\u00e4nger steckt eine Geschichte und ich freue mich<br \/>\nmeinen Teil dazu beitragen zu d\u00fcrfen!<\/p>\n\n    <\/section>","protected":false},"excerpt":{"rendered":"","protected":false},"author":1,"featured_media":0,"parent":0,"menu_order":0,"comment_status":"closed","ping_status":"closed","template":"","meta":{"_acf_changed":false,"footnotes":""},"class_list":["post-1042","page","type-page","status-publish","hentry"],"acf":[],"_links":{"self":[{"href":"https:\/\/www.regionalis.shop\/stonial\/wp-json\/wp\/v2\/pages\/1042","targetHints":{"allow":["GET"]}}],"collection":[{"href":"https:\/\/www.regionalis.shop\/stonial\/wp-json\/wp\/v2\/pages"}],"about":[{"href":"https:\/\/www.regionalis.shop\/stonial\/wp-json\/wp\/v2\/types\/page"}],"author":[{"embeddable":true,"href":"https:\/\/www.regionalis.shop\/stonial\/wp-json\/wp\/v2\/users\/1"}],"replies":[{"embeddable":true,"href":"https:\/\/www.regionalis.shop\/stonial\/wp-json\/wp\/v2\/comments?post=1042"}],"version-history":[{"count":2,"href":"https:\/\/www.regionalis.shop\/stonial\/wp-json\/wp\/v2\/pages\/1042\/revisions"}],"predecessor-version":[{"id":1044,"href":"https:\/\/www.regionalis.shop\/stonial\/wp-json\/wp\/v2\/pages\/1042\/revisions\/1044"}],"wp:attachment":[{"href":"https:\/\/www.regionalis.shop\/stonial\/wp-json\/wp\/v2\/media?parent=1042"}],"curies":[{"name":"wp","href":"https:\/\/api.w.org\/{rel}","templated":true}]}}