{"id":46,"date":"2024-02-22T07:53:08","date_gmt":"2024-02-22T07:53:08","guid":{"rendered":"https:\/\/stage.shop-it.at\/basket\/"},"modified":"2025-05-21T21:59:52","modified_gmt":"2025-05-21T19:59:52","slug":"warenkorb","status":"publish","type":"page","link":"https:\/\/www.regionalis.shop\/stonial\/warenkorb\/","title":{"rendered":"Warenkorb"},"content":{"rendered":"\n<div data-block-name=\"woocommerce\/cart\" class=\"wp-block-woocommerce-cart alignwide is-loading\">\n<div data-block-name=\"woocommerce\/filled-cart-block\" class=\"wp-block-woocommerce-filled-cart-block\">\n<div data-block-name=\"woocommerce\/cart-items-block\" class=\"wp-block-woocommerce-cart-items-block\">\n<div data-block-name=\"woocommerce\/cart-line-items-block\" class=\"wp-block-woocommerce-cart-line-items-block\"><\/div>\n<\/div>\n\n\n\n<div data-block-name=\"woocommerce\/cart-totals-block\" class=\"wp-block-woocommerce-cart-totals-block\">\n<div data-block-name=\"woocommerce\/cart-order-summary-block\" class=\"wp-block-woocommerce-cart-order-summary-block\">\n<div data-block-name=\"woocommerce\/cart-order-summary-heading-block\" data-content=\"Basket totals\" class=\"wp-block-woocommerce-cart-order-summary-heading-block\"><\/div>\n\n\n\n<div data-block-name=\"woocommerce\/cart-order-summary-coupon-form-block\" class=\"wp-block-woocommerce-cart-order-summary-coupon-form-block\"><\/div>\n\n\n\n<div data-block-name=\"woocommerce\/cart-order-summary-totals-block\" class=\"wp-block-woocommerce-cart-order-summary-totals-block\">\n<div data-block-name=\"woocommerce\/cart-order-summary-subtotal-block\" class=\"wp-block-woocommerce-cart-order-summary-subtotal-block\"><\/div>\n\n\n\n<div data-block-name=\"woocommerce\/cart-order-summary-fee-block\" class=\"wp-block-woocommerce-cart-order-summary-fee-block\"><\/div>\n\n\n\n<div data-block-name=\"woocommerce\/cart-order-summary-discount-block\" class=\"wp-block-woocommerce-cart-order-summary-discount-block\"><\/div>\n\n\n\n<div data-block-name=\"woocommerce\/cart-order-summary-shipping-block\" class=\"wp-block-woocommerce-cart-order-summary-shipping-block\"><\/div>\n\n\n\n<div data-block-name=\"woocommerce\/cart-order-summary-taxes-block\" class=\"wp-block-woocommerce-cart-order-summary-taxes-block\"><\/div>\n<\/div>\n<\/div>\n\n\n\n<div data-block-name=\"woocommerce\/cart-express-payment-block\" class=\"wp-block-woocommerce-cart-express-payment-block\"><\/div>\n\n\n\n<div data-block-name=\"woocommerce\/proceed-to-checkout-block\" class=\"wp-block-woocommerce-proceed-to-checkout-block\"><\/div>\n\n\n\n<div data-block-name=\"woocommerce\/cart-accepted-payment-methods-block\" class=\"wp-block-woocommerce-cart-accepted-payment-methods-block\"><\/div>\n<\/div>\n<\/div>\n\n\n\n<div data-block-name=\"woocommerce\/empty-cart-block\" class=\"wp-block-woocommerce-empty-cart-block\">\n<h2 class=\"wp-block-heading has-text-align-center with-empty-cart-icon wc-block-cart__empty-cart__title\">Your basket is currently empty!<\/h2>\n\n\n\n<hr class=\"wp-block-separator has-alpha-channel-opacity is-style-dots\"\/>\n\n\n\n<h2 class=\"wp-block-heading has-text-align-center\">New in store<\/h2>\n\n\n<div data-block-name=\"woocommerce\/product-new\" data-columns=\"4\" data-rows=\"1\" class=\"wc-block-grid wp-block-product-new wp-block-woocommerce-product-new wc-block-product-new has-4-columns\"><ul class=\"wc-block-grid__products\"><li class=\"wc-block-grid__product\">\n\t\t\t\t<a href=\"https:\/\/www.regionalis.shop\/stonial\/shop\/herz-aus-haaren-erinnerungsschmuck\/\" class=\"wc-block-grid__product-link\">\n\t\t\t\t\t\n\t\t\t\t\t<div class=\"wc-block-grid__product-image\"><img loading=\"lazy\" decoding=\"async\" width=\"300\" height=\"300\" src=\"https:\/\/www.regionalis.shop\/app\/uploads\/sites\/577\/2024_2023_04_08_21_47_42_246930714-300x300.jpg\" class=\"attachment-woocommerce_thumbnail size-woocommerce_thumbnail\" alt=\"Herz aus Haaren Erinnerungsschmuck\" srcset=\"https:\/\/www.regionalis.shop\/app\/uploads\/sites\/577\/2024_2023_04_08_21_47_42_246930714-300x300.jpg 300w, https:\/\/www.regionalis.shop\/app\/uploads\/sites\/577\/2024_2023_04_08_21_47_42_246930714-150x150.jpg 150w, https:\/\/www.regionalis.shop\/app\/uploads\/sites\/577\/2024_2023_04_08_21_47_42_246930714-768x767.jpg 768w, https:\/\/www.regionalis.shop\/app\/uploads\/sites\/577\/2024_2023_04_08_21_47_42_246930714-600x599.jpg 600w, https:\/\/www.regionalis.shop\/app\/uploads\/sites\/577\/2024_2023_04_08_21_47_42_246930714-100x100.jpg 100w, https:\/\/www.regionalis.shop\/app\/uploads\/sites\/577\/2024_2023_04_08_21_47_42_246930714.jpg 1025w\" sizes=\"auto, (max-width: 300px) 100vw, 300px\" \/><\/div>\n\t\t\t\t\t<div class=\"wc-block-grid__product-title\">Herz aus Haaren Erinnerungsschmuck<\/div>\n\t\t\t\t<\/a>\n\t\t\t\t<div class=\"wc-block-grid__product-price price\"><span class=\"woocommerce-Price-amount amount\">79,00&nbsp;<span class=\"woocommerce-Price-currencySymbol\">&euro;<\/span><\/span><\/div>\n\t\t\t\t\n\t\t\t\t<div class=\"wp-block-button wc-block-grid__product-add-to-cart\"><a href=\"\/stonial\/wp-json\/wp\/v2\/pages\/46?add-to-cart=1068\" aria-label=\"In den Warenkorb legen: \u201eHerz aus Haaren Erinnerungsschmuck\u201c\" data-quantity=\"1\" data-product_id=\"1068\" data-product_sku=\"herz-aus-haaren-erinnerungsschmuck-39911\" data-price=\"79\" rel=\"nofollow\" class=\"wp-block-button__link  add_to_cart_button ajax_add_to_cart\">In den Warenkorb<\/a><\/div>\n\t\t\t<\/li><li class=\"wc-block-grid__product\">\n\t\t\t\t<a href=\"https:\/\/www.regionalis.shop\/stonial\/shop\/tier-zahn-erinnerung-hundezaehne-katzenzaehne-schluesselanhaenger\/\" class=\"wc-block-grid__product-link\">\n\t\t\t\t\t\n\t\t\t\t\t<div class=\"wc-block-grid__product-image\"><img loading=\"lazy\" decoding=\"async\" width=\"300\" height=\"300\" src=\"https:\/\/www.regionalis.shop\/app\/uploads\/sites\/577\/2024_2023_04_08_21_20_17_719128602-300x300.jpg\" class=\"attachment-woocommerce_thumbnail size-woocommerce_thumbnail\" alt=\"Tier Zahn Erinnerung \/Hundez\u00e4hne\/Katzenz\u00e4hne Schl\u00fcsselanh\u00e4nger\" srcset=\"https:\/\/www.regionalis.shop\/app\/uploads\/sites\/577\/2024_2023_04_08_21_20_17_719128602-300x300.jpg 300w, https:\/\/www.regionalis.shop\/app\/uploads\/sites\/577\/2024_2023_04_08_21_20_17_719128602-150x150.jpg 150w, https:\/\/www.regionalis.shop\/app\/uploads\/sites\/577\/2024_2023_04_08_21_20_17_719128602-768x767.jpg 768w, https:\/\/www.regionalis.shop\/app\/uploads\/sites\/577\/2024_2023_04_08_21_20_17_719128602-600x599.jpg 600w, https:\/\/www.regionalis.shop\/app\/uploads\/sites\/577\/2024_2023_04_08_21_20_17_719128602-100x100.jpg 100w, https:\/\/www.regionalis.shop\/app\/uploads\/sites\/577\/2024_2023_04_08_21_20_17_719128602.jpg 1025w\" sizes=\"auto, (max-width: 300px) 100vw, 300px\" \/><\/div>\n\t\t\t\t\t<div class=\"wc-block-grid__product-title\">Tier Zahn Erinnerung \/Hundez\u00e4hne\/Katzenz\u00e4hne Schl\u00fcsselanh\u00e4nger<\/div>\n\t\t\t\t<\/a>\n\t\t\t\t<div class=\"wc-block-grid__product-price price\"><span class=\"woocommerce-Price-amount amount\">32,00&nbsp;<span class=\"woocommerce-Price-currencySymbol\">&euro;<\/span><\/span><\/div>\n\t\t\t\t\n\t\t\t\t<div class=\"wp-block-button wc-block-grid__product-add-to-cart\"><a href=\"\/stonial\/wp-json\/wp\/v2\/pages\/46?add-to-cart=1065\" aria-label=\"In den Warenkorb legen: \u201eTier Zahn Erinnerung \/Hundez\u00e4hne\/Katzenz\u00e4hne Schl\u00fcsselanh\u00e4nger\u201c\" data-quantity=\"1\" data-product_id=\"1065\" data-product_sku=\"tier-zahn-erinnerung-\/hundez\u00e4hne\/katzenz\u00e4hne-schl\u00fcsselanh\u00e4nger-39910\" data-price=\"32\" rel=\"nofollow\" class=\"wp-block-button__link  add_to_cart_button ajax_add_to_cart\">In den Warenkorb<\/a><\/div>\n\t\t\t<\/li><li class=\"wc-block-grid__product\">\n\t\t\t\t<a href=\"https:\/\/www.regionalis.shop\/stonial\/shop\/milchzahn-pusteblumen-andenken-milchzahnschmuck\/\" class=\"wc-block-grid__product-link\">\n\t\t\t\t\t\n\t\t\t\t\t<div class=\"wc-block-grid__product-image\"><img loading=\"lazy\" decoding=\"async\" width=\"300\" height=\"300\" src=\"https:\/\/www.regionalis.shop\/app\/uploads\/sites\/577\/2024_2023_04_08_21_12_37_340929756-300x300.jpg\" class=\"attachment-woocommerce_thumbnail size-woocommerce_thumbnail\" alt=\"Milchzahn &amp; Pusteblumen \/Andenken\/Milchzahnschmuck\" srcset=\"https:\/\/www.regionalis.shop\/app\/uploads\/sites\/577\/2024_2023_04_08_21_12_37_340929756-300x300.jpg 300w, https:\/\/www.regionalis.shop\/app\/uploads\/sites\/577\/2024_2023_04_08_21_12_37_340929756-150x150.jpg 150w, https:\/\/www.regionalis.shop\/app\/uploads\/sites\/577\/2024_2023_04_08_21_12_37_340929756-768x769.jpg 768w, https:\/\/www.regionalis.shop\/app\/uploads\/sites\/577\/2024_2023_04_08_21_12_37_340929756-600x601.jpg 600w, https:\/\/www.regionalis.shop\/app\/uploads\/sites\/577\/2024_2023_04_08_21_12_37_340929756-100x100.jpg 100w, https:\/\/www.regionalis.shop\/app\/uploads\/sites\/577\/2024_2023_04_08_21_12_37_340929756.jpg 1023w\" sizes=\"auto, (max-width: 300px) 100vw, 300px\" \/><\/div>\n\t\t\t\t\t<div class=\"wc-block-grid__product-title\">Milchzahn &amp; Pusteblumen \/Andenken\/Milchzahnschmuck<\/div>\n\t\t\t\t<\/a>\n\t\t\t\t<div class=\"wc-block-grid__product-price price\"><span class=\"woocommerce-Price-amount amount\">32,00&nbsp;<span class=\"woocommerce-Price-currencySymbol\">&euro;<\/span><\/span><\/div>\n\t\t\t\t\n\t\t\t\t<div class=\"wp-block-button wc-block-grid__product-add-to-cart\"><a href=\"\/stonial\/wp-json\/wp\/v2\/pages\/46?add-to-cart=1063\" aria-label=\"In den Warenkorb legen: \u201eMilchzahn &amp; Pusteblumen \/Andenken\/Milchzahnschmuck\u201c\" data-quantity=\"1\" data-product_id=\"1063\" data-product_sku=\"milchzahn-&amp;-pusteblumen-\/andenken\/milchzahnschmuck-39909\" data-price=\"32\" rel=\"nofollow\" class=\"wp-block-button__link  add_to_cart_button ajax_add_to_cart\">In den Warenkorb<\/a><\/div>\n\t\t\t<\/li><li class=\"wc-block-grid__product\">\n\t\t\t\t<a href=\"https:\/\/www.regionalis.shop\/stonial\/shop\/zahnfee-pusteblumen-zahnfee-milchzahn-personalisiert-mit-namen-andenken\/\" class=\"wc-block-grid__product-link\">\n\t\t\t\t\t\n\t\t\t\t\t<div class=\"wc-block-grid__product-image\"><img loading=\"lazy\" decoding=\"async\" width=\"300\" height=\"300\" src=\"https:\/\/www.regionalis.shop\/app\/uploads\/sites\/577\/2024_2023_04_08_20_57_35_626404787-300x300.jpg\" class=\"attachment-woocommerce_thumbnail size-woocommerce_thumbnail\" alt=\"Zahnfee Pusteblumen Zahnfee Milchzahn\/ personalisiert mit Namen\/Andenken\" srcset=\"https:\/\/www.regionalis.shop\/app\/uploads\/sites\/577\/2024_2023_04_08_20_57_35_626404787-300x300.jpg 300w, https:\/\/www.regionalis.shop\/app\/uploads\/sites\/577\/2024_2023_04_08_20_57_35_626404787-150x150.jpg 150w, https:\/\/www.regionalis.shop\/app\/uploads\/sites\/577\/2024_2023_04_08_20_57_35_626404787-768x767.jpg 768w, https:\/\/www.regionalis.shop\/app\/uploads\/sites\/577\/2024_2023_04_08_20_57_35_626404787-600x599.jpg 600w, https:\/\/www.regionalis.shop\/app\/uploads\/sites\/577\/2024_2023_04_08_20_57_35_626404787-100x100.jpg 100w, https:\/\/www.regionalis.shop\/app\/uploads\/sites\/577\/2024_2023_04_08_20_57_35_626404787.jpg 1025w\" sizes=\"auto, (max-width: 300px) 100vw, 300px\" \/><\/div>\n\t\t\t\t\t<div class=\"wc-block-grid__product-title\">Zahnfee Pusteblumen Zahnfee Milchzahn\/ personalisiert mit Namen\/Andenken<\/div>\n\t\t\t\t<\/a>\n\t\t\t\t<div class=\"wc-block-grid__product-price price\"><span class=\"woocommerce-Price-amount amount\">32,00&nbsp;<span class=\"woocommerce-Price-currencySymbol\">&euro;<\/span><\/span><\/div>\n\t\t\t\t\n\t\t\t\t<div class=\"wp-block-button wc-block-grid__product-add-to-cart\"><a href=\"\/stonial\/wp-json\/wp\/v2\/pages\/46?add-to-cart=1060\" aria-label=\"In den Warenkorb legen: \u201eZahnfee Pusteblumen Zahnfee Milchzahn\/ personalisiert mit Namen\/Andenken\u201c\" data-quantity=\"1\" data-product_id=\"1060\" data-product_sku=\"zahnfee-pusteblumen-zahnfee-milchzahn\/-personalisiert-mit-namen\/andenken-39908\" data-price=\"32\" rel=\"nofollow\" class=\"wp-block-button__link  add_to_cart_button ajax_add_to_cart\">In den Warenkorb<\/a><\/div>\n\t\t\t<\/li><\/ul><\/div><\/div>\n<\/div>\n","protected":false},"excerpt":{"rendered":"","protected":false},"author":1,"featured_media":0,"parent":0,"menu_order":0,"comment_status":"closed","ping_status":"closed","template":"template-shop-page.blade.php","meta":{"_acf_changed":false,"footnotes":""},"class_list":["post-46","page","type-page","status-publish","hentry"],"acf":[],"_links":{"self":[{"href":"https:\/\/www.regionalis.shop\/stonial\/wp-json\/wp\/v2\/pages\/46","targetHints":{"allow":["GET"]}}],"collection":[{"href":"https:\/\/www.regionalis.shop\/stonial\/wp-json\/wp\/v2\/pages"}],"about":[{"href":"https:\/\/www.regionalis.shop\/stonial\/wp-json\/wp\/v2\/types\/page"}],"author":[{"embeddable":true,"href":"https:\/\/www.regionalis.shop\/stonial\/wp-json\/wp\/v2\/users\/1"}],"replies":[{"embeddable":true,"href":"https:\/\/www.regionalis.shop\/stonial\/wp-json\/wp\/v2\/comments?post=46"}],"version-history":[{"count":3,"href":"https:\/\/www.regionalis.shop\/stonial\/wp-json\/wp\/v2\/pages\/46\/revisions"}],"predecessor-version":[{"id":861,"href":"https:\/\/www.regionalis.shop\/stonial\/wp-json\/wp\/v2\/pages\/46\/revisions\/861"}],"wp:attachment":[{"href":"https:\/\/www.regionalis.shop\/stonial\/wp-json\/wp\/v2\/media?parent=46"}],"curies":[{"name":"wp","href":"https:\/\/api.w.org\/{rel}","templated":true}]}}