{"id":862,"date":"2025-05-24T13:44:06","date_gmt":"2025-05-24T11:44:06","guid":{"rendered":"https:\/\/starter.stage.shop-it.at\/?page_id=862"},"modified":"2025-10-23T15:21:37","modified_gmt":"2025-10-23T13:21:37","slug":"startseite","status":"publish","type":"page","link":"https:\/\/www.regionalis.shop\/stonial\/","title":{"rendered":"Startseite"},"content":{"rendered":"<section>\n        <div class=\"header-image\">\n            <img decoding=\"async\" src=\"https:\/\/www.regionalis.shop\/app\/uploads\/sites\/577\/2024_2022_08_25_13_37_53_842257013.jpg\" alt=\"\">\n        <\/div>\n    \n    <\/section>\n    <section>\n    <div class=\"header-title\">\n        <h1 class=\"h2\">Willkommen bei StoniAl<\/h1>\n    <\/div>\n            <h2 class=\"h3\">Handgemacht in Redlham<\/h2>\n                <p>Mein Name ist Alexandra Steinberger, 46 Jahre, aus Ober\u00f6sterreich.<br \/>\n2008 hab ich als Hobby zu n\u00e4hen begonnen und schnell gemerkt das<br \/>\nvielen meine gen\u00e4hten Kleinigkeiten gefallen haben, so ist hier schon der<br \/>\nGedanke gereift mich eventuell einmal selbstst\u00e4ndig zu machen.<\/p>\n<p>Durch den Umstieg auf die Schmuckherstellung konnte ich meine Kreativit\u00e4t viel besser ausleben. Ich habe begonnen Schmuck aus Blumen zu<br \/>\nfertigen, habe aber erst nach vielem Ausprobieren und Experimentieren<br \/>\ndas f\u00fcr mich perfekte Harz gefunden.<br \/>\nLangsam kamen immer mehr Anfragen, ob es auch m\u00f6glich w\u00e4re Haare<br \/>\noder Z\u00e4hne einzugie\u00dfen, was ich anfangs gar nicht angedacht hatte.<br \/>\nSchnell bemerkte ich, wieviel es jemanden bedeuten kann, ein Schmuck-<br \/>\nst\u00fcck zu haben mit den Haaren eines lieben Verstorbenen oder der ersten<br \/>\nHaarlocke des Babys, die Milchz\u00e4hne der Kinder oder des Lieblingstieres.<\/p>\n<p>Erst etwas sp\u00e4ter ist auch Muttermilch dazugekommen auch hierzu habe<br \/>\nich \u00fcber ein Jahr Zuschriften bekommen ob ich diese auch in meine<br \/>\nKollektion aufnehmen k\u00f6nne, ich musste viel recherchieren ausprobieren<br \/>\nbis es geklappt hat die Milch so zu konservieren, dass sie ins Harz ein-<br \/>\ngearbeitet werden konnte.<br \/>\nZwei Jahre sp\u00e4ter kam die erste Anfrage nach Ascheschmuck, seitdem<br \/>\nsind auch diese ganz pers\u00f6nlichen Schmuckst\u00fccke bei mir erh\u00e4ltlich.<br \/>\nIch entwickle laufend neue Varianten, nehme auch gerne Ideen meiner<br \/>\nKunden auf.<br \/>\nHinter jedem dieser Anh\u00e4nger steckt eine Geschichte und ich freue mich<br \/>\nmeinen Teil dazu beitragen zu d\u00fcrfen!<\/p>\n\n    \n    <h3>Produkte<\/h3>\n\n    <div class=\"woocommerce columns-3 \"><ul class=\"products columns-3\">\n<li class=\"product type-product post-1068 status-publish first instock product_cat-baby-kinder product_cat-sonstiges-baby-kinder has-post-thumbnail purchasable product-type-simple\">\n\t<a href=\"https:\/\/www.regionalis.shop\/stonial\/shop\/herz-aus-haaren-erinnerungsschmuck\/\" class=\"woocommerce-LoopProduct-link woocommerce-loop-product__link\"><div class=\"wc-block-grid__product-image\"><img loading=\"lazy\" decoding=\"async\" width=\"1024\" height=\"1023\" src=\"https:\/\/www.regionalis.shop\/app\/uploads\/sites\/577\/2024_2023_04_08_21_47_42_246930714.jpg\" class=\"attachment-large size-large\" alt=\"Herz aus Haaren Erinnerungsschmuck\" srcset=\"https:\/\/www.regionalis.shop\/app\/uploads\/sites\/577\/2024_2023_04_08_21_47_42_246930714.jpg 1025w, https:\/\/www.regionalis.shop\/app\/uploads\/sites\/577\/2024_2023_04_08_21_47_42_246930714-300x300.jpg 300w, https:\/\/www.regionalis.shop\/app\/uploads\/sites\/577\/2024_2023_04_08_21_47_42_246930714-150x150.jpg 150w, https:\/\/www.regionalis.shop\/app\/uploads\/sites\/577\/2024_2023_04_08_21_47_42_246930714-768x767.jpg 768w, https:\/\/www.regionalis.shop\/app\/uploads\/sites\/577\/2024_2023_04_08_21_47_42_246930714-600x599.jpg 600w, https:\/\/www.regionalis.shop\/app\/uploads\/sites\/577\/2024_2023_04_08_21_47_42_246930714-100x100.jpg 100w\" sizes=\"auto, (max-width: 1024px) 100vw, 1024px\" \/><\/div><h2 class=\"woocommerce-loop-product__title\">Herz aus Haaren Erinnerungsschmuck<\/h2>\n\t<span class=\"price\"><span class=\"woocommerce-Price-amount amount\"><bdi>79,00&nbsp;<span class=\"woocommerce-Price-currencySymbol\">&euro;<\/span><\/bdi><\/span><\/span>\n<\/a><\/li>\n<li class=\"product type-product post-1065 status-publish instock product_cat-halsketten product_cat-schmuck has-post-thumbnail purchasable product-type-simple\">\n\t<a href=\"https:\/\/www.regionalis.shop\/stonial\/shop\/tier-zahn-erinnerung-hundezaehne-katzenzaehne-schluesselanhaenger\/\" class=\"woocommerce-LoopProduct-link woocommerce-loop-product__link\"><div class=\"wc-block-grid__product-image\"><img loading=\"lazy\" decoding=\"async\" width=\"1024\" height=\"1023\" src=\"https:\/\/www.regionalis.shop\/app\/uploads\/sites\/577\/2024_2023_04_08_21_20_17_719128602.jpg\" class=\"attachment-large size-large\" alt=\"Tier Zahn Erinnerung \/Hundez\u00e4hne\/Katzenz\u00e4hne Schl\u00fcsselanh\u00e4nger\" srcset=\"https:\/\/www.regionalis.shop\/app\/uploads\/sites\/577\/2024_2023_04_08_21_20_17_719128602.jpg 1025w, https:\/\/www.regionalis.shop\/app\/uploads\/sites\/577\/2024_2023_04_08_21_20_17_719128602-300x300.jpg 300w, https:\/\/www.regionalis.shop\/app\/uploads\/sites\/577\/2024_2023_04_08_21_20_17_719128602-150x150.jpg 150w, https:\/\/www.regionalis.shop\/app\/uploads\/sites\/577\/2024_2023_04_08_21_20_17_719128602-768x767.jpg 768w, https:\/\/www.regionalis.shop\/app\/uploads\/sites\/577\/2024_2023_04_08_21_20_17_719128602-600x599.jpg 600w, https:\/\/www.regionalis.shop\/app\/uploads\/sites\/577\/2024_2023_04_08_21_20_17_719128602-100x100.jpg 100w\" sizes=\"auto, (max-width: 1024px) 100vw, 1024px\" \/><\/div><h2 class=\"woocommerce-loop-product__title\">Tier Zahn Erinnerung \/Hundez\u00e4hne\/Katzenz\u00e4hne Schl\u00fcsselanh\u00e4nger<\/h2>\n\t<span class=\"price\"><span class=\"woocommerce-Price-amount amount\"><bdi>32,00&nbsp;<span class=\"woocommerce-Price-currencySymbol\">&euro;<\/span><\/bdi><\/span><\/span>\n<\/a><\/li>\n<li class=\"product type-product post-1063 status-publish last instock product_cat-halsketten product_cat-schmuck has-post-thumbnail purchasable product-type-simple\">\n\t<a href=\"https:\/\/www.regionalis.shop\/stonial\/shop\/milchzahn-pusteblumen-andenken-milchzahnschmuck\/\" class=\"woocommerce-LoopProduct-link woocommerce-loop-product__link\"><div class=\"wc-block-grid__product-image\"><img loading=\"lazy\" decoding=\"async\" width=\"1023\" height=\"1024\" src=\"https:\/\/www.regionalis.shop\/app\/uploads\/sites\/577\/2024_2023_04_08_21_12_37_340929756.jpg\" class=\"attachment-large size-large\" alt=\"Milchzahn &amp; Pusteblumen \/Andenken\/Milchzahnschmuck\" srcset=\"https:\/\/www.regionalis.shop\/app\/uploads\/sites\/577\/2024_2023_04_08_21_12_37_340929756.jpg 1023w, https:\/\/www.regionalis.shop\/app\/uploads\/sites\/577\/2024_2023_04_08_21_12_37_340929756-300x300.jpg 300w, https:\/\/www.regionalis.shop\/app\/uploads\/sites\/577\/2024_2023_04_08_21_12_37_340929756-150x150.jpg 150w, https:\/\/www.regionalis.shop\/app\/uploads\/sites\/577\/2024_2023_04_08_21_12_37_340929756-768x769.jpg 768w, https:\/\/www.regionalis.shop\/app\/uploads\/sites\/577\/2024_2023_04_08_21_12_37_340929756-600x601.jpg 600w, https:\/\/www.regionalis.shop\/app\/uploads\/sites\/577\/2024_2023_04_08_21_12_37_340929756-100x100.jpg 100w\" sizes=\"auto, (max-width: 1023px) 100vw, 1023px\" \/><\/div><h2 class=\"woocommerce-loop-product__title\">Milchzahn &#038; Pusteblumen \/Andenken\/Milchzahnschmuck<\/h2>\n\t<span class=\"price\"><span class=\"woocommerce-Price-amount amount\"><bdi>32,00&nbsp;<span class=\"woocommerce-Price-currencySymbol\">&euro;<\/span><\/bdi><\/span><\/span>\n<\/a><\/li>\n<\/ul>\n<\/div>\n    <p>\n        <a href=\"https:\/\/www.regionalis.shop\/stonial\/shop\/\" class=\"btn btn-primary btn-icon-right\">\n            Alle Produkte <i class=\"bi bi-arrow-right-short\"><\/i>\n        <\/a>\n    <\/p>\n<\/section>\n\n<div data-block-name=\"woocommerce\/store-notices\" class=\"wc-block-store-notices woocommerce alignwide alignwide wp-block-woocommerce-store-notices\"><div class=\"woocommerce-notices-wrapper\"><\/div><\/div>","protected":false},"excerpt":{"rendered":"","protected":false},"author":1,"featured_media":0,"parent":0,"menu_order":0,"comment_status":"closed","ping_status":"closed","template":"template-home.blade.php","meta":{"_acf_changed":false,"footnotes":""},"class_list":["post-862","page","type-page","status-publish","hentry"],"acf":[],"_links":{"self":[{"href":"https:\/\/www.regionalis.shop\/stonial\/wp-json\/wp\/v2\/pages\/862","targetHints":{"allow":["GET"]}}],"collection":[{"href":"https:\/\/www.regionalis.shop\/stonial\/wp-json\/wp\/v2\/pages"}],"about":[{"href":"https:\/\/www.regionalis.shop\/stonial\/wp-json\/wp\/v2\/types\/page"}],"author":[{"embeddable":true,"href":"https:\/\/www.regionalis.shop\/stonial\/wp-json\/wp\/v2\/users\/1"}],"replies":[{"embeddable":true,"href":"https:\/\/www.regionalis.shop\/stonial\/wp-json\/wp\/v2\/comments?post=862"}],"version-history":[{"count":28,"href":"https:\/\/www.regionalis.shop\/stonial\/wp-json\/wp\/v2\/pages\/862\/revisions"}],"predecessor-version":[{"id":1041,"href":"https:\/\/www.regionalis.shop\/stonial\/wp-json\/wp\/v2\/pages\/862\/revisions\/1041"}],"wp:attachment":[{"href":"https:\/\/www.regionalis.shop\/stonial\/wp-json\/wp\/v2\/media?parent=862"}],"curies":[{"name":"wp","href":"https:\/\/api.w.org\/{rel}","templated":true}]}}