{"id":1060,"date":"2025-04-18T10:37:57","date_gmt":"2025-04-18T08:37:57","guid":{"rendered":"https:\/\/www.regionalis.shop\/stonial\/product\/zahnfee-pusteblumen-zahnfee-milchzahn-personalisiert-mit-namen-andenken\/"},"modified":"2025-04-18T10:37:57","modified_gmt":"2025-04-18T08:37:57","slug":"zahnfee-pusteblumen-zahnfee-milchzahn-personalisiert-mit-namen-andenken","status":"publish","type":"product","link":"https:\/\/www.regionalis.shop\/stonial\/shop\/zahnfee-pusteblumen-zahnfee-milchzahn-personalisiert-mit-namen-andenken\/","title":{"rendered":"Zahnfee Pusteblumen Zahnfee Milchzahn\/ personalisiert mit Namen\/Andenken"},"content":{"rendered":"<p><<<<<<<<<<<<<<<<<<<<<<<<<<<<<<<<<<<<<<<<<<<<<<<<<<<<<<<<<<<<<\nBez\u00fcglich der Farbe schreib mir am besten vorab oder nach der Bestellung deinen Farbwunsch es kann fast in jeder Farbe angefertigt werden.\n<<<<<<<<<<<<<<<<<<<<<<<<<<<<<<<<<<<<<<<<<<<<<<<<<<<<<<<<<<<\n\nFast alle M\u00fctter kennen das lieb gewonnenen D\u00f6schen mit den Milchz\u00e4hnen ihres Kindes als Erinnerung und Andenken. Zumindest mit den Z\u00e4hnen, die nicht unters Kopfkissen gelegt wurden. \u00dcberhaupt, was macht die Zahnfee eigentlich mit den ganzen gesammelten Z\u00e4hnchen?\n\nSo genau wei\u00df ich das auch nicht. Daf\u00fcr habe ich hier aber eine wundervolle Idee, wie aus einem Milchzahn ein wirklich sch\u00f6nes Erinnerungsst\u00fcck werden kann. Eines, das nicht nur ab und an hervorgeholt wird, sondern das dich begleitet. N\u00e4mlich den Milchzahn Schmuck f\u00fcr alle, die einzigartigen und besonderen Schmuck m\u00f6gen.\n\nDer Anh\u00e4nger ist 3 cm rund und beinhaltet eine von Hand gezeichnete digitalisierte Elfe die den Zahn hochh\u00e4lt.\n\nNat\u00fcrlich eignet sich der Milchzahn Anh\u00e4nger auch als ganz besonderes Geschenk f\u00fcr geliebte Menschen, f\u00fcr Eltern und Gro\u00dfeltern Schwestern oder Tanten .\n\nIch versuche die Anh\u00e4nger immer \u00e4hnlich zu gestalten hier kommen ein paar Pusteblumen mit in den Anh\u00e4nger damit man die Schirmchen besser sieht hab ich den Anh\u00e4nger oben transparent gelassen ,wenn du lieber eine andere Farbe als blau  oder Rosa m\u00f6chtest schreib mich gerne an oder schreib es beim Kauf ins Kommentarfeld.\n<\/p>\n","protected":false},"excerpt":{"rendered":"","protected":false},"featured_media":1061,"template":"","meta":{"_acf_changed":false},"product_brand":[],"product_cat":[38,80],"product_tag":[],"class_list":{"0":"post-1060","1":"product","2":"type-product","3":"status-publish","4":"has-post-thumbnail","6":"product_cat-baby-kinder","7":"product_cat-sonstiges-baby-kinder","9":"first","10":"instock","11":"purchasable","12":"product-type-simple"},"acf":[],"_links":{"self":[{"href":"https:\/\/www.regionalis.shop\/stonial\/wp-json\/wp\/v2\/product\/1060","targetHints":{"allow":["GET"]}}],"collection":[{"href":"https:\/\/www.regionalis.shop\/stonial\/wp-json\/wp\/v2\/product"}],"about":[{"href":"https:\/\/www.regionalis.shop\/stonial\/wp-json\/wp\/v2\/types\/product"}],"wp:featuredmedia":[{"embeddable":true,"href":"https:\/\/www.regionalis.shop\/stonial\/wp-json\/wp\/v2\/media\/1061"}],"wp:attachment":[{"href":"https:\/\/www.regionalis.shop\/stonial\/wp-json\/wp\/v2\/media?parent=1060"}],"wp:term":[{"taxonomy":"product_brand","embeddable":true,"href":"https:\/\/www.regionalis.shop\/stonial\/wp-json\/wp\/v2\/product_brand?post=1060"},{"taxonomy":"product_cat","embeddable":true,"href":"https:\/\/www.regionalis.shop\/stonial\/wp-json\/wp\/v2\/product_cat?post=1060"},{"taxonomy":"product_tag","embeddable":true,"href":"https:\/\/www.regionalis.shop\/stonial\/wp-json\/wp\/v2\/product_tag?post=1060"}],"curies":[{"name":"wp","href":"https:\/\/api.w.org\/{rel}","templated":true}]}}